{"id":9726,"date":"2024-10-17T01:46:55","date_gmt":"2024-10-17T01:46:55","guid":{"rendered":"http:\/\/suvisoshop.com\/?post_type=product&#038;p=9726"},"modified":"2024-10-17T01:50:32","modified_gmt":"2024-10-17T01:50:32","slug":"aura-gold-rose","status":"publish","type":"product","link":"https:\/\/suvisoshop.com\/index.php\/product\/aura-gold-rose\/","title":{"rendered":"Aura Gold Rose"},"content":{"rendered":"<p><strong>Caracter\u00edsticas:\u00a0<\/strong><\/p>\n<ul>\n<li><strong>Seguimiento Integral de la Salud:<\/strong>\u00a0Desde los niveles de ox\u00edgeno en la sangre hasta el monitoreo continuo de la frecuencia card\u00edaca y el estr\u00e9s, mant\u00e9n un estrecho control sobre tu bienestar.<\/li>\n<li><strong>Fitness y Estilo de Vida:\u00a0<\/strong>Sum\u00e9rgete en 60 modos de ejercicio, realiza un seguimiento de tus sesiones de nataci\u00f3n y controla las calor\u00edas quemadas para alcanzar tus metas de fitness.<\/li>\n<li><strong>Conectividad Inteligente:<\/strong>\u00a0Llamadas mediante Bluetooth, notificaciones del smartphone y control de m\u00fasica te mantienen conectado sin tener que alcanzar tu tel\u00e9fono.<\/li>\n<li><strong>Funciones Personalizadas:\u00a0<\/strong>El seguimiento de la ovulaci\u00f3n femenina y las sesiones de respiraci\u00f3n guiada ofrecen informaci\u00f3n de salud personalizada.<\/li>\n<li><strong>Duradero y Adaptable:<\/strong>\u00a0Con una duraci\u00f3n de bater\u00eda de hasta 7 d\u00edas, dise\u00f1o resistente al agua y ajuste autom\u00e1tico de brillo, Aura est\u00e1 listo para cualquier aventura.<\/li>\n<li><strong>Cubitt AURA cuenta con pantalla AMOLED:\u00a0<\/strong>Estas pantallas ofrecen una experiencia visual v\u00edvida con negros profundos y colores llamativos.<\/li>\n<\/ul>\n<p>Especificaciones:<\/p>\n<ul>\n<li><strong>Carcasa de aluminio premium<\/strong><\/li>\n<li><strong>Resistente al agua:\u00a0<\/strong>3ATM 30 metros<\/li>\n<li><strong>MCU:\u00a0<\/strong>Nordic<\/li>\n<li><strong>Sensor:\u00a0<\/strong>aceler\u00f3metro y frecuencia card\u00edaca<\/li>\n<li><strong>Pantalla:\u00a0<\/strong>AMOLED de 1,43&#8243;<\/li>\n<li><strong>Tiempo de funcionamiento:<\/strong>\u00a0hasta 7 d\u00edas, 370 mAh<\/li>\n<li><strong>Carga mediante USB incorporado<\/strong><\/li>\n<li><strong>Bluetooth:<\/strong>\u00a0BLE 5.3<\/li>\n<\/ul>\n","protected":false},"excerpt":{"rendered":"<p>Caracter\u00edsticas:\u00a0 Seguimiento Integral de la Salud:\u00a0Desde los niveles de ox\u00edgeno en la sangre hasta el monitoreo continuo de la frecuencia card\u00edaca y el estr\u00e9s, mant\u00e9n un estrecho control sobre tu bienestar. Fitness y Estilo de Vida:\u00a0Sum\u00e9rgete en 60 modos de ejercicio, realiza un seguimiento de tus sesiones de nataci\u00f3n y controla las calor\u00edas quemadas para &hellip;<\/p>\n<p class=\"read-more\"> <a class=\"\" href=\"https:\/\/suvisoshop.com\/index.php\/product\/aura-gold-rose\/\"> <span class=\"screen-reader-text\">Aura Gold Rose<\/span> Leer m\u00e1s &raquo;<\/a><\/p>\n","protected":false},"featured_media":9728,"comment_status":"open","ping_status":"closed","template":"","meta":{"site-sidebar-layout":"default","site-content-layout":"default","ast-global-header-display":"","ast-banner-title-visibility":"","ast-main-header-display":"","ast-hfb-above-header-display":"","ast-hfb-below-header-display":"","ast-hfb-mobile-header-display":"","site-post-title":"","ast-breadcrumbs-content":"","ast-featured-img":"","footer-sml-layout":"","theme-transparent-header-meta":"default","adv-header-id-meta":"","stick-header-meta":"","header-above-stick-meta":"","header-main-stick-meta":"","header-below-stick-meta":""},"product_brand":[],"product_cat":[54],"product_tag":[],"class_list":{"0":"post-9726","1":"product","2":"type-product","3":"status-publish","4":"has-post-thumbnail","6":"product_cat-cubitt","7":"desktop-align-center","8":"tablet-align-center","9":"mobile-align-center","11":"first","12":"instock","13":"taxable","14":"shipping-taxable","15":"purchasable","16":"product-type-simple"},"yoast_head":"<!-- This site is optimized with the Yoast SEO plugin v27.2 - https:\/\/yoast.com\/product\/yoast-seo-wordpress\/ -->\n<title>Aura Gold Rose - suvisoshop<\/title>\n<meta name=\"robots\" content=\"index, follow, max-snippet:-1, max-image-preview:large, max-video-preview:-1\" \/>\n<link rel=\"canonical\" href=\"https:\/\/suvisoshop.com\/index.php\/product\/aura-gold-rose\/\" \/>\n<meta property=\"og:locale\" content=\"es_ES\" \/>\n<meta property=\"og:type\" content=\"article\" \/>\n<meta property=\"og:title\" content=\"Aura Gold Rose - suvisoshop\" \/>\n<meta property=\"og:description\" content=\"Caracter\u00edsticas:\u00a0 Seguimiento Integral de la Salud:\u00a0Desde los niveles de ox\u00edgeno en la sangre hasta el monitoreo continuo de la frecuencia card\u00edaca y el estr\u00e9s, mant\u00e9n un estrecho control sobre tu bienestar. Fitness y Estilo de Vida:\u00a0Sum\u00e9rgete en 60 modos de ejercicio, realiza un seguimiento de tus sesiones de nataci\u00f3n y controla las calor\u00edas quemadas para &hellip; Aura Gold Rose Leer m\u00e1s &raquo;\" \/>\n<meta property=\"og:url\" content=\"https:\/\/suvisoshop.com\/index.php\/product\/aura-gold-rose\/\" \/>\n<meta property=\"og:site_name\" content=\"suvisoshop\" \/>\n<meta property=\"article:modified_time\" content=\"2024-10-17T01:50:32+00:00\" \/>\n<meta property=\"og:image\" content=\"https:\/\/suvisoshop.com\/wp-content\/uploads\/2024\/10\/gold-rose-aura-2.png\" \/>\n\t<meta property=\"og:image:width\" content=\"1080\" \/>\n\t<meta property=\"og:image:height\" content=\"1080\" \/>\n\t<meta property=\"og:image:type\" content=\"image\/png\" \/>\n<meta name=\"twitter:card\" content=\"summary_large_image\" \/>\n<meta name=\"twitter:label1\" content=\"Tiempo de lectura\" \/>\n\t<meta name=\"twitter:data1\" content=\"2 minutos\" \/>\n<script type=\"application\/ld+json\" class=\"yoast-schema-graph\">{\"@context\":\"https:\/\/schema.org\",\"@graph\":[{\"@type\":\"WebPage\",\"@id\":\"https:\/\/suvisoshop.com\/index.php\/product\/aura-gold-rose\/\",\"url\":\"https:\/\/suvisoshop.com\/index.php\/product\/aura-gold-rose\/\",\"name\":\"Aura Gold Rose - suvisoshop\",\"isPartOf\":{\"@id\":\"https:\/\/suvisoshop.com\/#website\"},\"primaryImageOfPage\":{\"@id\":\"https:\/\/suvisoshop.com\/index.php\/product\/aura-gold-rose\/#primaryimage\"},\"image\":{\"@id\":\"https:\/\/suvisoshop.com\/index.php\/product\/aura-gold-rose\/#primaryimage\"},\"thumbnailUrl\":\"https:\/\/suvisoshop.com\/wp-content\/uploads\/2024\/10\/gold-rose-aura-2.png\",\"datePublished\":\"2024-10-17T01:46:55+00:00\",\"dateModified\":\"2024-10-17T01:50:32+00:00\",\"breadcrumb\":{\"@id\":\"https:\/\/suvisoshop.com\/index.php\/product\/aura-gold-rose\/#breadcrumb\"},\"inLanguage\":\"es\",\"potentialAction\":[{\"@type\":\"ReadAction\",\"target\":[\"https:\/\/suvisoshop.com\/index.php\/product\/aura-gold-rose\/\"]}]},{\"@type\":\"ImageObject\",\"inLanguage\":\"es\",\"@id\":\"https:\/\/suvisoshop.com\/index.php\/product\/aura-gold-rose\/#primaryimage\",\"url\":\"https:\/\/suvisoshop.com\/wp-content\/uploads\/2024\/10\/gold-rose-aura-2.png\",\"contentUrl\":\"https:\/\/suvisoshop.com\/wp-content\/uploads\/2024\/10\/gold-rose-aura-2.png\",\"width\":1080,\"height\":1080},{\"@type\":\"BreadcrumbList\",\"@id\":\"https:\/\/suvisoshop.com\/index.php\/product\/aura-gold-rose\/#breadcrumb\",\"itemListElement\":[{\"@type\":\"ListItem\",\"position\":1,\"name\":\"Shop\",\"item\":\"https:\/\/suvisoshop.com\/index.php\/shop\/\"},{\"@type\":\"ListItem\",\"position\":2,\"name\":\"Aura Gold Rose\"}]},{\"@type\":\"WebSite\",\"@id\":\"https:\/\/suvisoshop.com\/#website\",\"url\":\"https:\/\/suvisoshop.com\/\",\"name\":\"Suvisoshop\",\"description\":\"Cada segundo cuenta.\",\"publisher\":{\"@id\":\"https:\/\/suvisoshop.com\/#organization\"},\"potentialAction\":[{\"@type\":\"SearchAction\",\"target\":{\"@type\":\"EntryPoint\",\"urlTemplate\":\"https:\/\/suvisoshop.com\/?s={search_term_string}\"},\"query-input\":{\"@type\":\"PropertyValueSpecification\",\"valueRequired\":true,\"valueName\":\"search_term_string\"}}],\"inLanguage\":\"es\"},{\"@type\":\"Organization\",\"@id\":\"https:\/\/suvisoshop.com\/#organization\",\"name\":\"Suvisoshop\",\"url\":\"https:\/\/suvisoshop.com\/\",\"logo\":{\"@type\":\"ImageObject\",\"inLanguage\":\"es\",\"@id\":\"https:\/\/suvisoshop.com\/#\/schema\/logo\/image\/\",\"url\":\"http:\/\/suvisoshop.com\/wp-content\/uploads\/2023\/07\/cropped-Relojes-logo-suviso-1.png\",\"contentUrl\":\"http:\/\/suvisoshop.com\/wp-content\/uploads\/2023\/07\/cropped-Relojes-logo-suviso-1.png\",\"width\":532,\"height\":348,\"caption\":\"Suvisoshop\"},\"image\":{\"@id\":\"https:\/\/suvisoshop.com\/#\/schema\/logo\/image\/\"}}]}<\/script>\n<!-- \/ Yoast SEO plugin. -->","yoast_head_json":{"title":"Aura Gold Rose - suvisoshop","robots":{"index":"index","follow":"follow","max-snippet":"max-snippet:-1","max-image-preview":"max-image-preview:large","max-video-preview":"max-video-preview:-1"},"canonical":"https:\/\/suvisoshop.com\/index.php\/product\/aura-gold-rose\/","og_locale":"es_ES","og_type":"article","og_title":"Aura Gold Rose - suvisoshop","og_description":"Caracter\u00edsticas:\u00a0 Seguimiento Integral de la Salud:\u00a0Desde los niveles de ox\u00edgeno en la sangre hasta el monitoreo continuo de la frecuencia card\u00edaca y el estr\u00e9s, mant\u00e9n un estrecho control sobre tu bienestar. Fitness y Estilo de Vida:\u00a0Sum\u00e9rgete en 60 modos de ejercicio, realiza un seguimiento de tus sesiones de nataci\u00f3n y controla las calor\u00edas quemadas para &hellip; Aura Gold Rose Leer m\u00e1s &raquo;","og_url":"https:\/\/suvisoshop.com\/index.php\/product\/aura-gold-rose\/","og_site_name":"suvisoshop","article_modified_time":"2024-10-17T01:50:32+00:00","og_image":[{"width":1080,"height":1080,"url":"https:\/\/suvisoshop.com\/wp-content\/uploads\/2024\/10\/gold-rose-aura-2.png","type":"image\/png"}],"twitter_card":"summary_large_image","twitter_misc":{"Tiempo de lectura":"2 minutos"},"schema":{"@context":"https:\/\/schema.org","@graph":[{"@type":"WebPage","@id":"https:\/\/suvisoshop.com\/index.php\/product\/aura-gold-rose\/","url":"https:\/\/suvisoshop.com\/index.php\/product\/aura-gold-rose\/","name":"Aura Gold Rose - suvisoshop","isPartOf":{"@id":"https:\/\/suvisoshop.com\/#website"},"primaryImageOfPage":{"@id":"https:\/\/suvisoshop.com\/index.php\/product\/aura-gold-rose\/#primaryimage"},"image":{"@id":"https:\/\/suvisoshop.com\/index.php\/product\/aura-gold-rose\/#primaryimage"},"thumbnailUrl":"https:\/\/suvisoshop.com\/wp-content\/uploads\/2024\/10\/gold-rose-aura-2.png","datePublished":"2024-10-17T01:46:55+00:00","dateModified":"2024-10-17T01:50:32+00:00","breadcrumb":{"@id":"https:\/\/suvisoshop.com\/index.php\/product\/aura-gold-rose\/#breadcrumb"},"inLanguage":"es","potentialAction":[{"@type":"ReadAction","target":["https:\/\/suvisoshop.com\/index.php\/product\/aura-gold-rose\/"]}]},{"@type":"ImageObject","inLanguage":"es","@id":"https:\/\/suvisoshop.com\/index.php\/product\/aura-gold-rose\/#primaryimage","url":"https:\/\/suvisoshop.com\/wp-content\/uploads\/2024\/10\/gold-rose-aura-2.png","contentUrl":"https:\/\/suvisoshop.com\/wp-content\/uploads\/2024\/10\/gold-rose-aura-2.png","width":1080,"height":1080},{"@type":"BreadcrumbList","@id":"https:\/\/suvisoshop.com\/index.php\/product\/aura-gold-rose\/#breadcrumb","itemListElement":[{"@type":"ListItem","position":1,"name":"Shop","item":"https:\/\/suvisoshop.com\/index.php\/shop\/"},{"@type":"ListItem","position":2,"name":"Aura Gold Rose"}]},{"@type":"WebSite","@id":"https:\/\/suvisoshop.com\/#website","url":"https:\/\/suvisoshop.com\/","name":"Suvisoshop","description":"Cada segundo cuenta.","publisher":{"@id":"https:\/\/suvisoshop.com\/#organization"},"potentialAction":[{"@type":"SearchAction","target":{"@type":"EntryPoint","urlTemplate":"https:\/\/suvisoshop.com\/?s={search_term_string}"},"query-input":{"@type":"PropertyValueSpecification","valueRequired":true,"valueName":"search_term_string"}}],"inLanguage":"es"},{"@type":"Organization","@id":"https:\/\/suvisoshop.com\/#organization","name":"Suvisoshop","url":"https:\/\/suvisoshop.com\/","logo":{"@type":"ImageObject","inLanguage":"es","@id":"https:\/\/suvisoshop.com\/#\/schema\/logo\/image\/","url":"http:\/\/suvisoshop.com\/wp-content\/uploads\/2023\/07\/cropped-Relojes-logo-suviso-1.png","contentUrl":"http:\/\/suvisoshop.com\/wp-content\/uploads\/2023\/07\/cropped-Relojes-logo-suviso-1.png","width":532,"height":348,"caption":"Suvisoshop"},"image":{"@id":"https:\/\/suvisoshop.com\/#\/schema\/logo\/image\/"}}]}},"jetpack_sharing_enabled":true,"_links":{"self":[{"href":"https:\/\/suvisoshop.com\/index.php\/wp-json\/wp\/v2\/product\/9726","targetHints":{"allow":["GET"]}}],"collection":[{"href":"https:\/\/suvisoshop.com\/index.php\/wp-json\/wp\/v2\/product"}],"about":[{"href":"https:\/\/suvisoshop.com\/index.php\/wp-json\/wp\/v2\/types\/product"}],"replies":[{"embeddable":true,"href":"https:\/\/suvisoshop.com\/index.php\/wp-json\/wp\/v2\/comments?post=9726"}],"wp:featuredmedia":[{"embeddable":true,"href":"https:\/\/suvisoshop.com\/index.php\/wp-json\/wp\/v2\/media\/9728"}],"wp:attachment":[{"href":"https:\/\/suvisoshop.com\/index.php\/wp-json\/wp\/v2\/media?parent=9726"}],"wp:term":[{"taxonomy":"product_brand","embeddable":true,"href":"https:\/\/suvisoshop.com\/index.php\/wp-json\/wp\/v2\/product_brand?post=9726"},{"taxonomy":"product_cat","embeddable":true,"href":"https:\/\/suvisoshop.com\/index.php\/wp-json\/wp\/v2\/product_cat?post=9726"},{"taxonomy":"product_tag","embeddable":true,"href":"https:\/\/suvisoshop.com\/index.php\/wp-json\/wp\/v2\/product_tag?post=9726"}],"curies":[{"name":"wp","href":"https:\/\/api.w.org\/{rel}","templated":true}]}}