{"id":9716,"date":"2024-10-16T22:16:15","date_gmt":"2024-10-16T22:16:15","guid":{"rendered":"http:\/\/suvisoshop.com\/?post_type=product&#038;p=9716"},"modified":"2024-10-16T22:17:20","modified_gmt":"2024-10-16T22:17:20","slug":"viva-pro-brown","status":"publish","type":"product","link":"https:\/\/suvisoshop.com\/index.php\/product\/viva-pro-brown\/","title":{"rendered":"Viva Pro Brown"},"content":{"rendered":"<p><strong>Caracter\u00edsticas:\u00a0<\/strong><\/p>\n<ul>\n<li><strong>Seguimiento GPS integrado:\u00a0<\/strong>Traza tus rutas con precisi\u00f3n, ya sea que est\u00e9s haciendo trekking, corriendo o en bicicleta.<\/li>\n<li><strong>Conectividad Avanzada:<\/strong>\u00a0Las llamadas Bluetooth te mantienen conectado con facilidad. Tu mundo, ahora en tu mu\u00f1eca.<\/li>\n<li><strong>Monitoreo de Salud de Grado Profesional:<\/strong>\u00a0Realiza un seguimiento preciso de tu ritmo card\u00edaco, niveles de ox\u00edgeno en la sangre y niveles de estr\u00e9s.<\/li>\n<li><strong>Modos Variados de Fitness:<\/strong>\u00a060 modos de ejercicio y una funci\u00f3n dedicada a la nataci\u00f3n, dise\u00f1ados para los amantes del fitness.<\/li>\n<li><strong>Pantalla y Control Inteligentes:<\/strong>\u00a0Disfruta de una pantalla siempre activa, control de m\u00fasica y ajuste autom\u00e1tico de brillo para una comodidad sin igual.<\/li>\n<li><strong>Rendimiento Duradero:\u00a0<\/strong>Con una autonom\u00eda de bater\u00eda de hasta 7 d\u00edas, est\u00e1 dise\u00f1ado para seguir el ritmo de tu estilo de vida din\u00e1mico.<\/li>\n<li><strong>Cubitt VIVA Pro cuenta con pantalla AMOLED:\u00a0<\/strong>Estas pantallas ofrecen una experiencia visual v\u00edvida con negros profundos y colores llamativos.<\/li>\n<\/ul>\n<p><strong>Especificaciones:<\/strong><\/p>\n<ul>\n<li><strong>Resistente al agua:\u00a0<\/strong>IP68 2ATM<\/li>\n<li><strong>MUC:<\/strong>\u00a0Nordic<\/li>\n<li><strong>Sensores:\u00a0<\/strong>aceler\u00f3metro y ritmo card\u00edaco<\/li>\n<li><strong>Pantalla:\u00a0<\/strong>1.78&#8243; AMOLED<\/li>\n<li><strong>Tiempo de funcionamiento:<\/strong>\u00a0hasta 7 d\u00edas, bater\u00eda de 300 mAh<\/li>\n<li><strong>Carga USB integrada<\/strong><\/li>\n<li><strong>Bluetooth:<\/strong>\u00a0BLE5.3<\/li>\n<\/ul>\n","protected":false},"excerpt":{"rendered":"<p>Caracter\u00edsticas:\u00a0 Seguimiento GPS integrado:\u00a0Traza tus rutas con precisi\u00f3n, ya sea que est\u00e9s haciendo trekking, corriendo o en bicicleta. Conectividad Avanzada:\u00a0Las llamadas Bluetooth te mantienen conectado con facilidad. Tu mundo, ahora en tu mu\u00f1eca. Monitoreo de Salud de Grado Profesional:\u00a0Realiza un seguimiento preciso de tu ritmo card\u00edaco, niveles de ox\u00edgeno en la sangre y niveles de &hellip;<\/p>\n<p class=\"read-more\"> <a class=\"\" href=\"https:\/\/suvisoshop.com\/index.php\/product\/viva-pro-brown\/\"> <span class=\"screen-reader-text\">Viva Pro Brown<\/span> Leer m\u00e1s &raquo;<\/a><\/p>\n","protected":false},"featured_media":9718,"comment_status":"open","ping_status":"closed","template":"","meta":{"site-sidebar-layout":"default","site-content-layout":"default","ast-global-header-display":"","ast-banner-title-visibility":"","ast-main-header-display":"","ast-hfb-above-header-display":"","ast-hfb-below-header-display":"","ast-hfb-mobile-header-display":"","site-post-title":"","ast-breadcrumbs-content":"","ast-featured-img":"","footer-sml-layout":"","theme-transparent-header-meta":"default","adv-header-id-meta":"","stick-header-meta":"","header-above-stick-meta":"","header-main-stick-meta":"","header-below-stick-meta":""},"product_brand":[],"product_cat":[54,66,65],"product_tag":[],"class_list":{"0":"post-9716","1":"product","2":"type-product","3":"status-publish","4":"has-post-thumbnail","6":"product_cat-cubitt","7":"product_cat-para-ellas","8":"product_cat-para-ellos","9":"desktop-align-center","10":"tablet-align-center","11":"mobile-align-center","13":"first","14":"instock","15":"taxable","16":"shipping-taxable","17":"purchasable","18":"product-type-simple"},"yoast_head":"<!-- This site is optimized with the Yoast SEO plugin v27.2 - https:\/\/yoast.com\/product\/yoast-seo-wordpress\/ -->\n<title>Viva Pro Brown - suvisoshop<\/title>\n<meta name=\"robots\" content=\"index, follow, max-snippet:-1, max-image-preview:large, max-video-preview:-1\" \/>\n<link rel=\"canonical\" href=\"https:\/\/suvisoshop.com\/index.php\/product\/viva-pro-brown\/\" \/>\n<meta property=\"og:locale\" content=\"es_ES\" \/>\n<meta property=\"og:type\" content=\"article\" \/>\n<meta property=\"og:title\" content=\"Viva Pro Brown - suvisoshop\" \/>\n<meta property=\"og:description\" content=\"Caracter\u00edsticas:\u00a0 Seguimiento GPS integrado:\u00a0Traza tus rutas con precisi\u00f3n, ya sea que est\u00e9s haciendo trekking, corriendo o en bicicleta. Conectividad Avanzada:\u00a0Las llamadas Bluetooth te mantienen conectado con facilidad. Tu mundo, ahora en tu mu\u00f1eca. Monitoreo de Salud de Grado Profesional:\u00a0Realiza un seguimiento preciso de tu ritmo card\u00edaco, niveles de ox\u00edgeno en la sangre y niveles de &hellip; Viva Pro Brown Leer m\u00e1s &raquo;\" \/>\n<meta property=\"og:url\" content=\"https:\/\/suvisoshop.com\/index.php\/product\/viva-pro-brown\/\" \/>\n<meta property=\"og:site_name\" content=\"suvisoshop\" \/>\n<meta property=\"article:modified_time\" content=\"2024-10-16T22:17:20+00:00\" \/>\n<meta property=\"og:image\" content=\"https:\/\/suvisoshop.com\/wp-content\/uploads\/2024\/10\/brown-viva-pro-2.png\" \/>\n\t<meta property=\"og:image:width\" content=\"1080\" \/>\n\t<meta property=\"og:image:height\" content=\"1080\" \/>\n\t<meta property=\"og:image:type\" content=\"image\/png\" \/>\n<meta name=\"twitter:card\" content=\"summary_large_image\" \/>\n<meta name=\"twitter:label1\" content=\"Tiempo de lectura\" \/>\n\t<meta name=\"twitter:data1\" content=\"2 minutos\" \/>\n<script type=\"application\/ld+json\" class=\"yoast-schema-graph\">{\"@context\":\"https:\/\/schema.org\",\"@graph\":[{\"@type\":\"WebPage\",\"@id\":\"https:\/\/suvisoshop.com\/index.php\/product\/viva-pro-brown\/\",\"url\":\"https:\/\/suvisoshop.com\/index.php\/product\/viva-pro-brown\/\",\"name\":\"Viva Pro Brown - suvisoshop\",\"isPartOf\":{\"@id\":\"https:\/\/suvisoshop.com\/#website\"},\"primaryImageOfPage\":{\"@id\":\"https:\/\/suvisoshop.com\/index.php\/product\/viva-pro-brown\/#primaryimage\"},\"image\":{\"@id\":\"https:\/\/suvisoshop.com\/index.php\/product\/viva-pro-brown\/#primaryimage\"},\"thumbnailUrl\":\"https:\/\/suvisoshop.com\/wp-content\/uploads\/2024\/10\/brown-viva-pro-2.png\",\"datePublished\":\"2024-10-16T22:16:15+00:00\",\"dateModified\":\"2024-10-16T22:17:20+00:00\",\"breadcrumb\":{\"@id\":\"https:\/\/suvisoshop.com\/index.php\/product\/viva-pro-brown\/#breadcrumb\"},\"inLanguage\":\"es\",\"potentialAction\":[{\"@type\":\"ReadAction\",\"target\":[\"https:\/\/suvisoshop.com\/index.php\/product\/viva-pro-brown\/\"]}]},{\"@type\":\"ImageObject\",\"inLanguage\":\"es\",\"@id\":\"https:\/\/suvisoshop.com\/index.php\/product\/viva-pro-brown\/#primaryimage\",\"url\":\"https:\/\/suvisoshop.com\/wp-content\/uploads\/2024\/10\/brown-viva-pro-2.png\",\"contentUrl\":\"https:\/\/suvisoshop.com\/wp-content\/uploads\/2024\/10\/brown-viva-pro-2.png\",\"width\":1080,\"height\":1080},{\"@type\":\"BreadcrumbList\",\"@id\":\"https:\/\/suvisoshop.com\/index.php\/product\/viva-pro-brown\/#breadcrumb\",\"itemListElement\":[{\"@type\":\"ListItem\",\"position\":1,\"name\":\"Shop\",\"item\":\"https:\/\/suvisoshop.com\/index.php\/shop\/\"},{\"@type\":\"ListItem\",\"position\":2,\"name\":\"Viva Pro Brown\"}]},{\"@type\":\"WebSite\",\"@id\":\"https:\/\/suvisoshop.com\/#website\",\"url\":\"https:\/\/suvisoshop.com\/\",\"name\":\"Suvisoshop\",\"description\":\"Cada segundo cuenta.\",\"publisher\":{\"@id\":\"https:\/\/suvisoshop.com\/#organization\"},\"potentialAction\":[{\"@type\":\"SearchAction\",\"target\":{\"@type\":\"EntryPoint\",\"urlTemplate\":\"https:\/\/suvisoshop.com\/?s={search_term_string}\"},\"query-input\":{\"@type\":\"PropertyValueSpecification\",\"valueRequired\":true,\"valueName\":\"search_term_string\"}}],\"inLanguage\":\"es\"},{\"@type\":\"Organization\",\"@id\":\"https:\/\/suvisoshop.com\/#organization\",\"name\":\"Suvisoshop\",\"url\":\"https:\/\/suvisoshop.com\/\",\"logo\":{\"@type\":\"ImageObject\",\"inLanguage\":\"es\",\"@id\":\"https:\/\/suvisoshop.com\/#\/schema\/logo\/image\/\",\"url\":\"http:\/\/suvisoshop.com\/wp-content\/uploads\/2023\/07\/cropped-Relojes-logo-suviso-1.png\",\"contentUrl\":\"http:\/\/suvisoshop.com\/wp-content\/uploads\/2023\/07\/cropped-Relojes-logo-suviso-1.png\",\"width\":532,\"height\":348,\"caption\":\"Suvisoshop\"},\"image\":{\"@id\":\"https:\/\/suvisoshop.com\/#\/schema\/logo\/image\/\"}}]}<\/script>\n<!-- \/ Yoast SEO plugin. -->","yoast_head_json":{"title":"Viva Pro Brown - suvisoshop","robots":{"index":"index","follow":"follow","max-snippet":"max-snippet:-1","max-image-preview":"max-image-preview:large","max-video-preview":"max-video-preview:-1"},"canonical":"https:\/\/suvisoshop.com\/index.php\/product\/viva-pro-brown\/","og_locale":"es_ES","og_type":"article","og_title":"Viva Pro Brown - suvisoshop","og_description":"Caracter\u00edsticas:\u00a0 Seguimiento GPS integrado:\u00a0Traza tus rutas con precisi\u00f3n, ya sea que est\u00e9s haciendo trekking, corriendo o en bicicleta. Conectividad Avanzada:\u00a0Las llamadas Bluetooth te mantienen conectado con facilidad. Tu mundo, ahora en tu mu\u00f1eca. Monitoreo de Salud de Grado Profesional:\u00a0Realiza un seguimiento preciso de tu ritmo card\u00edaco, niveles de ox\u00edgeno en la sangre y niveles de &hellip; Viva Pro Brown Leer m\u00e1s &raquo;","og_url":"https:\/\/suvisoshop.com\/index.php\/product\/viva-pro-brown\/","og_site_name":"suvisoshop","article_modified_time":"2024-10-16T22:17:20+00:00","og_image":[{"width":1080,"height":1080,"url":"https:\/\/suvisoshop.com\/wp-content\/uploads\/2024\/10\/brown-viva-pro-2.png","type":"image\/png"}],"twitter_card":"summary_large_image","twitter_misc":{"Tiempo de lectura":"2 minutos"},"schema":{"@context":"https:\/\/schema.org","@graph":[{"@type":"WebPage","@id":"https:\/\/suvisoshop.com\/index.php\/product\/viva-pro-brown\/","url":"https:\/\/suvisoshop.com\/index.php\/product\/viva-pro-brown\/","name":"Viva Pro Brown - suvisoshop","isPartOf":{"@id":"https:\/\/suvisoshop.com\/#website"},"primaryImageOfPage":{"@id":"https:\/\/suvisoshop.com\/index.php\/product\/viva-pro-brown\/#primaryimage"},"image":{"@id":"https:\/\/suvisoshop.com\/index.php\/product\/viva-pro-brown\/#primaryimage"},"thumbnailUrl":"https:\/\/suvisoshop.com\/wp-content\/uploads\/2024\/10\/brown-viva-pro-2.png","datePublished":"2024-10-16T22:16:15+00:00","dateModified":"2024-10-16T22:17:20+00:00","breadcrumb":{"@id":"https:\/\/suvisoshop.com\/index.php\/product\/viva-pro-brown\/#breadcrumb"},"inLanguage":"es","potentialAction":[{"@type":"ReadAction","target":["https:\/\/suvisoshop.com\/index.php\/product\/viva-pro-brown\/"]}]},{"@type":"ImageObject","inLanguage":"es","@id":"https:\/\/suvisoshop.com\/index.php\/product\/viva-pro-brown\/#primaryimage","url":"https:\/\/suvisoshop.com\/wp-content\/uploads\/2024\/10\/brown-viva-pro-2.png","contentUrl":"https:\/\/suvisoshop.com\/wp-content\/uploads\/2024\/10\/brown-viva-pro-2.png","width":1080,"height":1080},{"@type":"BreadcrumbList","@id":"https:\/\/suvisoshop.com\/index.php\/product\/viva-pro-brown\/#breadcrumb","itemListElement":[{"@type":"ListItem","position":1,"name":"Shop","item":"https:\/\/suvisoshop.com\/index.php\/shop\/"},{"@type":"ListItem","position":2,"name":"Viva Pro Brown"}]},{"@type":"WebSite","@id":"https:\/\/suvisoshop.com\/#website","url":"https:\/\/suvisoshop.com\/","name":"Suvisoshop","description":"Cada segundo cuenta.","publisher":{"@id":"https:\/\/suvisoshop.com\/#organization"},"potentialAction":[{"@type":"SearchAction","target":{"@type":"EntryPoint","urlTemplate":"https:\/\/suvisoshop.com\/?s={search_term_string}"},"query-input":{"@type":"PropertyValueSpecification","valueRequired":true,"valueName":"search_term_string"}}],"inLanguage":"es"},{"@type":"Organization","@id":"https:\/\/suvisoshop.com\/#organization","name":"Suvisoshop","url":"https:\/\/suvisoshop.com\/","logo":{"@type":"ImageObject","inLanguage":"es","@id":"https:\/\/suvisoshop.com\/#\/schema\/logo\/image\/","url":"http:\/\/suvisoshop.com\/wp-content\/uploads\/2023\/07\/cropped-Relojes-logo-suviso-1.png","contentUrl":"http:\/\/suvisoshop.com\/wp-content\/uploads\/2023\/07\/cropped-Relojes-logo-suviso-1.png","width":532,"height":348,"caption":"Suvisoshop"},"image":{"@id":"https:\/\/suvisoshop.com\/#\/schema\/logo\/image\/"}}]}},"jetpack_sharing_enabled":true,"_links":{"self":[{"href":"https:\/\/suvisoshop.com\/index.php\/wp-json\/wp\/v2\/product\/9716","targetHints":{"allow":["GET"]}}],"collection":[{"href":"https:\/\/suvisoshop.com\/index.php\/wp-json\/wp\/v2\/product"}],"about":[{"href":"https:\/\/suvisoshop.com\/index.php\/wp-json\/wp\/v2\/types\/product"}],"replies":[{"embeddable":true,"href":"https:\/\/suvisoshop.com\/index.php\/wp-json\/wp\/v2\/comments?post=9716"}],"wp:featuredmedia":[{"embeddable":true,"href":"https:\/\/suvisoshop.com\/index.php\/wp-json\/wp\/v2\/media\/9718"}],"wp:attachment":[{"href":"https:\/\/suvisoshop.com\/index.php\/wp-json\/wp\/v2\/media?parent=9716"}],"wp:term":[{"taxonomy":"product_brand","embeddable":true,"href":"https:\/\/suvisoshop.com\/index.php\/wp-json\/wp\/v2\/product_brand?post=9716"},{"taxonomy":"product_cat","embeddable":true,"href":"https:\/\/suvisoshop.com\/index.php\/wp-json\/wp\/v2\/product_cat?post=9716"},{"taxonomy":"product_tag","embeddable":true,"href":"https:\/\/suvisoshop.com\/index.php\/wp-json\/wp\/v2\/product_tag?post=9716"}],"curies":[{"name":"wp","href":"https:\/\/api.w.org\/{rel}","templated":true}]}}