{"id":9519,"date":"2024-08-20T17:58:20","date_gmt":"2024-08-20T17:58:20","guid":{"rendered":"http:\/\/suvisoshop.com\/?post_type=product&#038;p=9519"},"modified":"2024-08-20T18:15:04","modified_gmt":"2024-08-20T18:15:04","slug":"gbd-h2000-2","status":"publish","type":"product","link":"https:\/\/suvisoshop.com\/index.php\/product\/gbd-h2000-2\/","title":{"rendered":"GBD-H2000-2"},"content":{"rendered":"<ul>\n<li>Material de la carcasa y el marco: Resina de base biol\u00f3gica<\/li>\n<li>Correa de Resina base biol\u00f3gica<\/li>\n<li>Resistente a impactos<\/li>\n<li>Cristal Mineral<\/li>\n<li>Resistencia al agua de 200 metros<\/li>\n<li>Sistema de carga compatible con cable espec\u00edfico (requiere dispositivo con terminal USB de tipo A) Carga por energ\u00eda solar<\/li>\n<li>Retroiluminaci\u00f3n LED<\/li>\n<li>Recepci\u00f3n de se\u00f1al GPS: recepci\u00f3n manual (informaci\u00f3n sobre ubicaci\u00f3n y hora)<\/li>\n<li>Mobile Link<\/li>\n<li>Ajuste de hora autom\u00e1tico Ajuste sencillo del reloj Hora mundial de aproximadamente 300 ciudades Funci\u00f3n de notificaci\u00f3n (llamadas entrantes, correos electr\u00f3nicos entrantes, nuevas publicaciones en redes sociales, notificaciones de calendario, recordatorios) Datos de an\u00e1lisis del entrenamiento Historial de actividad Gesti\u00f3n de datos de la bit\u00e1cora de vida Datos de an\u00e1lisis del sue\u00f1o Buscador de tel\u00e9fono<\/li>\n<li>Actividades: Multideporte (correr, caminar, montar en bicicleta, nadar, etc.); calcula y muestra la distancia, la velocidad, el ritmo y otra informaci\u00f3n utilizando el GPS o el aceler\u00f3metro; funci\u00f3n de vuelta autom\u00e1tica\/manual; funci\u00f3n de pausa autom\u00e1tica<\/li>\n<li>An\u00e1lisis del entrenamiento: Estado de carga cardiovascular Datos del registro de actividades: Hasta 100 carreras con hasta 200 vueltas cada una, tiempo de medici\u00f3n, distancia, ritmo, \u00edndice de carrera, calor\u00edas quemadas, fuente de energ\u00eda usada, frecuencia card\u00edaca m\u00e1xima, carga cardiovascular, paso, paso m\u00e1ximo, zancada, altitud alcanzada, recuento de brazadas, SWOLF Medici\u00f3n del ritmo card\u00edaco en la mu\u00f1eca (30\uff5e220 lpm)<\/li>\n<li>Frecuencia card\u00edaca, ajuste de frecuencia card\u00edaca objetivo, indicaci\u00f3n gr\u00e1fica de zona de frecuencia card\u00edaca, gr\u00e1fico de frecuencia card\u00edaca, frecuencia card\u00edaca m\u00e1xima y m\u00ednima.<\/li>\n<li>Medici\u00f3n del sue\u00f1o: Estado de recuperaci\u00f3n del sue\u00f1o (6 etapas), visualizaci\u00f3n de la etapa de recuperaci\u00f3n del sue\u00f1o, estado de sue\u00f1o (5 etapas), rango de visualizaci\u00f3n de la puntuaci\u00f3n del sue\u00f1o (de 1 a 100, unidad de medici\u00f3n: 1), estado del sistema nervioso aut\u00f3nomo (5 etapas), rango de puntuaci\u00f3n ANS (de -10 a +10, unidad de medici\u00f3n: 0,1)<\/li>\n<li>Medici\u00f3n del nivel de ox\u00edgeno en sangre.<\/li>\n<li>Ejercicio de respiraci\u00f3n: Rango de ajuste (de 2 a 20 minutos en incrementos de 1 minuto), biorretroalimentaci\u00f3n, resumen del tiempo espec\u00edfico de la zona Medici\u00f3n del recuento de pasos.<\/li>\n<li>Sensor de aceleraci\u00f3n de 3 ejes, rango de pasos en pantalla (de 0 a 99 999 pasos), reinicio del recuento de pasos: reinicio autom\u00e1tico a medianoche todos los d\u00edas<\/li>\n<li>Medici\u00f3n del tiempo de actividad: Un algoritmo especial mide el tiempo de movimiento mediante el an\u00e1lisis del estado (caminando, corriendo, en bicicleta, indefinido)<\/li>\n<li>Bit\u00e1cora de vida: Recuento de pasos, gr\u00e1fico de recuento de pasos (semana, mes, 6 meses), medici\u00f3n de calor\u00edas quemadas, medici\u00f3n del tiempo de actividad Medici\u00f3n de la elevaci\u00f3n de los pisos.<\/li>\n<li>Recordatorio de pasos Br\u00fajula digital: Rango de medici\u00f3n: de 0 \u00ba a 359 \u00ba Pantalla de 16 direcciones Correcci\u00f3n autom\u00e1tica del nivel Alt\u00edmetro: Rango de medici\u00f3n: de -700 a 10 000 m (o de -2300 a 32 800 pies)<\/li>\n<li>Rango de visualizaci\u00f3n: de -10 000 a 10 000 m (o de-32 800 a 32 800 pies)<\/li>\n<li>Unidad de medici\u00f3n: 1 m (o 5 pies) Intervalo de medici\u00f3n: 2 minutos\/5 segundos Medici\u00f3n del diferencial de altitud: de -3000 a 3000 m (o de -9840 a 9840 pies) Gr\u00e1fico de altitud Medici\u00f3n de presi\u00f3n barom\u00e9trica: Rango de medici\u00f3n: de 260 a 1100 hPa (o de 7,65 a 32,45 inHg) Rango de visualizaci\u00f3n: de 260 a 1100 hPa (o de 7,65 a 32,45 inHg) Unidad de medici\u00f3n: 1 hPa (o 0,05 inHg) Intervalo de medici\u00f3n autom\u00e1tica: 2 horas Gr\u00e1fico de presi\u00f3n barom\u00e9trica Indicador de cambios de presi\u00f3n barom\u00e9trica Medici\u00f3n de temperatura: Rango de medici\u00f3n: de -10,0 a 60,0 \u2103 (o de 14,0 a 140,0 \u2109) Rango de visualizaci\u00f3n: de -10,0 a 60,0 \u2103 (o de 14,0 a 140 \u2103) Unidad de visualizaci\u00f3n: 0,1\u00b0C<\/li>\n<li>Modo avi\u00f3n Vibraci\u00f3n Formato de 12 y 24 horas Indicaci\u00f3n de la hora normal: Hora, minutos, segundos, a.m.\/p.m., mes, fecha y d\u00eda<\/li>\n<li>Horario mundial<\/li>\n<li>Cronometro de 1 segundos<\/li>\n<li>Temporizador<\/li>\n<li>Vibrador<\/li>\n<li>4 alarmas diarias con funci\u00f3n de despertador<\/li>\n<li>Datos lunares (edad lunar de los datos espec\u00edficos y fase lunar)<\/li>\n<li>Indicador de pila baja<\/li>\n<li>Ahorro de energ\u00eda<\/li>\n<li>Calendario autom\u00e1tico completo<\/li>\n<li>Formato de 12\/24 horas: Indicaci\u00f3n clasica de la hora<\/li>\n<li>Vibraci\u00f3n activada\/desactivada<\/li>\n<li>Dimensi\u00f3n de la caja : 63 x 55 x 20,4mm<\/li>\n<\/ul>\n","protected":false},"excerpt":{"rendered":"<p>Material de la carcasa y el marco: Resina de base biol\u00f3gica Correa de Resina base biol\u00f3gica Resistente a impactos Cristal Mineral Resistencia al agua de 200 metros Sistema de carga compatible con cable espec\u00edfico (requiere dispositivo con terminal USB de tipo A) Carga por energ\u00eda solar Retroiluminaci\u00f3n LED Recepci\u00f3n de se\u00f1al GPS: recepci\u00f3n manual (informaci\u00f3n &hellip;<\/p>\n<p class=\"read-more\"> <a class=\"\" href=\"https:\/\/suvisoshop.com\/index.php\/product\/gbd-h2000-2\/\"> <span class=\"screen-reader-text\">GBD-H2000-2<\/span> Leer m\u00e1s &raquo;<\/a><\/p>\n","protected":false},"featured_media":9520,"comment_status":"open","ping_status":"closed","template":"","meta":{"site-sidebar-layout":"default","site-content-layout":"default","ast-global-header-display":"","ast-banner-title-visibility":"","ast-main-header-display":"","ast-hfb-above-header-display":"","ast-hfb-below-header-display":"","ast-hfb-mobile-header-display":"","site-post-title":"","ast-breadcrumbs-content":"","ast-featured-img":"","footer-sml-layout":"","theme-transparent-header-meta":"default","adv-header-id-meta":"","stick-header-meta":"","header-above-stick-meta":"","header-main-stick-meta":"","header-below-stick-meta":""},"product_brand":[],"product_cat":[59],"product_tag":[],"class_list":{"0":"post-9519","1":"product","2":"type-product","3":"status-publish","4":"has-post-thumbnail","6":"product_cat-g-shock","7":"desktop-align-center","8":"tablet-align-center","9":"mobile-align-center","11":"first","12":"instock","13":"taxable","14":"shipping-taxable","15":"purchasable","16":"product-type-simple"},"yoast_head":"<!-- This site is optimized with the Yoast SEO plugin v27.2 - https:\/\/yoast.com\/product\/yoast-seo-wordpress\/ -->\n<title>GBD-H2000-2 - suvisoshop<\/title>\n<meta name=\"robots\" content=\"index, follow, max-snippet:-1, max-image-preview:large, max-video-preview:-1\" \/>\n<link rel=\"canonical\" href=\"https:\/\/suvisoshop.com\/index.php\/product\/gbd-h2000-2\/\" \/>\n<meta property=\"og:locale\" content=\"es_ES\" \/>\n<meta property=\"og:type\" content=\"article\" \/>\n<meta property=\"og:title\" content=\"GBD-H2000-2 - suvisoshop\" \/>\n<meta property=\"og:description\" content=\"Material de la carcasa y el marco: Resina de base biol\u00f3gica Correa de Resina base biol\u00f3gica Resistente a impactos Cristal Mineral Resistencia al agua de 200 metros Sistema de carga compatible con cable espec\u00edfico (requiere dispositivo con terminal USB de tipo A) Carga por energ\u00eda solar Retroiluminaci\u00f3n LED Recepci\u00f3n de se\u00f1al GPS: recepci\u00f3n manual (informaci\u00f3n &hellip; GBD-H2000-2 Leer m\u00e1s &raquo;\" \/>\n<meta property=\"og:url\" content=\"https:\/\/suvisoshop.com\/index.php\/product\/gbd-h2000-2\/\" \/>\n<meta property=\"og:site_name\" content=\"suvisoshop\" \/>\n<meta property=\"article:modified_time\" content=\"2024-08-20T18:15:04+00:00\" \/>\n<meta property=\"og:image\" content=\"https:\/\/suvisoshop.com\/wp-content\/uploads\/2024\/08\/Diseno-sin-titulo-2024-08-20T125555.909.png\" \/>\n\t<meta property=\"og:image:width\" content=\"1080\" \/>\n\t<meta property=\"og:image:height\" content=\"1080\" \/>\n\t<meta property=\"og:image:type\" content=\"image\/png\" \/>\n<meta name=\"twitter:card\" content=\"summary_large_image\" \/>\n<meta name=\"twitter:label1\" content=\"Tiempo de lectura\" \/>\n\t<meta name=\"twitter:data1\" content=\"4 minutos\" \/>\n<script type=\"application\/ld+json\" class=\"yoast-schema-graph\">{\"@context\":\"https:\/\/schema.org\",\"@graph\":[{\"@type\":\"WebPage\",\"@id\":\"https:\/\/suvisoshop.com\/index.php\/product\/gbd-h2000-2\/\",\"url\":\"https:\/\/suvisoshop.com\/index.php\/product\/gbd-h2000-2\/\",\"name\":\"GBD-H2000-2 - suvisoshop\",\"isPartOf\":{\"@id\":\"https:\/\/suvisoshop.com\/#website\"},\"primaryImageOfPage\":{\"@id\":\"https:\/\/suvisoshop.com\/index.php\/product\/gbd-h2000-2\/#primaryimage\"},\"image\":{\"@id\":\"https:\/\/suvisoshop.com\/index.php\/product\/gbd-h2000-2\/#primaryimage\"},\"thumbnailUrl\":\"https:\/\/suvisoshop.com\/wp-content\/uploads\/2024\/08\/Diseno-sin-titulo-2024-08-20T125555.909.png\",\"datePublished\":\"2024-08-20T17:58:20+00:00\",\"dateModified\":\"2024-08-20T18:15:04+00:00\",\"breadcrumb\":{\"@id\":\"https:\/\/suvisoshop.com\/index.php\/product\/gbd-h2000-2\/#breadcrumb\"},\"inLanguage\":\"es\",\"potentialAction\":[{\"@type\":\"ReadAction\",\"target\":[\"https:\/\/suvisoshop.com\/index.php\/product\/gbd-h2000-2\/\"]}]},{\"@type\":\"ImageObject\",\"inLanguage\":\"es\",\"@id\":\"https:\/\/suvisoshop.com\/index.php\/product\/gbd-h2000-2\/#primaryimage\",\"url\":\"https:\/\/suvisoshop.com\/wp-content\/uploads\/2024\/08\/Diseno-sin-titulo-2024-08-20T125555.909.png\",\"contentUrl\":\"https:\/\/suvisoshop.com\/wp-content\/uploads\/2024\/08\/Diseno-sin-titulo-2024-08-20T125555.909.png\",\"width\":1080,\"height\":1080},{\"@type\":\"BreadcrumbList\",\"@id\":\"https:\/\/suvisoshop.com\/index.php\/product\/gbd-h2000-2\/#breadcrumb\",\"itemListElement\":[{\"@type\":\"ListItem\",\"position\":1,\"name\":\"Shop\",\"item\":\"https:\/\/suvisoshop.com\/index.php\/shop\/\"},{\"@type\":\"ListItem\",\"position\":2,\"name\":\"GBD-H2000-2\"}]},{\"@type\":\"WebSite\",\"@id\":\"https:\/\/suvisoshop.com\/#website\",\"url\":\"https:\/\/suvisoshop.com\/\",\"name\":\"Suvisoshop\",\"description\":\"Cada segundo cuenta.\",\"publisher\":{\"@id\":\"https:\/\/suvisoshop.com\/#organization\"},\"potentialAction\":[{\"@type\":\"SearchAction\",\"target\":{\"@type\":\"EntryPoint\",\"urlTemplate\":\"https:\/\/suvisoshop.com\/?s={search_term_string}\"},\"query-input\":{\"@type\":\"PropertyValueSpecification\",\"valueRequired\":true,\"valueName\":\"search_term_string\"}}],\"inLanguage\":\"es\"},{\"@type\":\"Organization\",\"@id\":\"https:\/\/suvisoshop.com\/#organization\",\"name\":\"Suvisoshop\",\"url\":\"https:\/\/suvisoshop.com\/\",\"logo\":{\"@type\":\"ImageObject\",\"inLanguage\":\"es\",\"@id\":\"https:\/\/suvisoshop.com\/#\/schema\/logo\/image\/\",\"url\":\"http:\/\/suvisoshop.com\/wp-content\/uploads\/2023\/07\/cropped-Relojes-logo-suviso-1.png\",\"contentUrl\":\"http:\/\/suvisoshop.com\/wp-content\/uploads\/2023\/07\/cropped-Relojes-logo-suviso-1.png\",\"width\":532,\"height\":348,\"caption\":\"Suvisoshop\"},\"image\":{\"@id\":\"https:\/\/suvisoshop.com\/#\/schema\/logo\/image\/\"}}]}<\/script>\n<!-- \/ Yoast SEO plugin. -->","yoast_head_json":{"title":"GBD-H2000-2 - suvisoshop","robots":{"index":"index","follow":"follow","max-snippet":"max-snippet:-1","max-image-preview":"max-image-preview:large","max-video-preview":"max-video-preview:-1"},"canonical":"https:\/\/suvisoshop.com\/index.php\/product\/gbd-h2000-2\/","og_locale":"es_ES","og_type":"article","og_title":"GBD-H2000-2 - suvisoshop","og_description":"Material de la carcasa y el marco: Resina de base biol\u00f3gica Correa de Resina base biol\u00f3gica Resistente a impactos Cristal Mineral Resistencia al agua de 200 metros Sistema de carga compatible con cable espec\u00edfico (requiere dispositivo con terminal USB de tipo A) Carga por energ\u00eda solar Retroiluminaci\u00f3n LED Recepci\u00f3n de se\u00f1al GPS: recepci\u00f3n manual (informaci\u00f3n &hellip; GBD-H2000-2 Leer m\u00e1s &raquo;","og_url":"https:\/\/suvisoshop.com\/index.php\/product\/gbd-h2000-2\/","og_site_name":"suvisoshop","article_modified_time":"2024-08-20T18:15:04+00:00","og_image":[{"width":1080,"height":1080,"url":"https:\/\/suvisoshop.com\/wp-content\/uploads\/2024\/08\/Diseno-sin-titulo-2024-08-20T125555.909.png","type":"image\/png"}],"twitter_card":"summary_large_image","twitter_misc":{"Tiempo de lectura":"4 minutos"},"schema":{"@context":"https:\/\/schema.org","@graph":[{"@type":"WebPage","@id":"https:\/\/suvisoshop.com\/index.php\/product\/gbd-h2000-2\/","url":"https:\/\/suvisoshop.com\/index.php\/product\/gbd-h2000-2\/","name":"GBD-H2000-2 - suvisoshop","isPartOf":{"@id":"https:\/\/suvisoshop.com\/#website"},"primaryImageOfPage":{"@id":"https:\/\/suvisoshop.com\/index.php\/product\/gbd-h2000-2\/#primaryimage"},"image":{"@id":"https:\/\/suvisoshop.com\/index.php\/product\/gbd-h2000-2\/#primaryimage"},"thumbnailUrl":"https:\/\/suvisoshop.com\/wp-content\/uploads\/2024\/08\/Diseno-sin-titulo-2024-08-20T125555.909.png","datePublished":"2024-08-20T17:58:20+00:00","dateModified":"2024-08-20T18:15:04+00:00","breadcrumb":{"@id":"https:\/\/suvisoshop.com\/index.php\/product\/gbd-h2000-2\/#breadcrumb"},"inLanguage":"es","potentialAction":[{"@type":"ReadAction","target":["https:\/\/suvisoshop.com\/index.php\/product\/gbd-h2000-2\/"]}]},{"@type":"ImageObject","inLanguage":"es","@id":"https:\/\/suvisoshop.com\/index.php\/product\/gbd-h2000-2\/#primaryimage","url":"https:\/\/suvisoshop.com\/wp-content\/uploads\/2024\/08\/Diseno-sin-titulo-2024-08-20T125555.909.png","contentUrl":"https:\/\/suvisoshop.com\/wp-content\/uploads\/2024\/08\/Diseno-sin-titulo-2024-08-20T125555.909.png","width":1080,"height":1080},{"@type":"BreadcrumbList","@id":"https:\/\/suvisoshop.com\/index.php\/product\/gbd-h2000-2\/#breadcrumb","itemListElement":[{"@type":"ListItem","position":1,"name":"Shop","item":"https:\/\/suvisoshop.com\/index.php\/shop\/"},{"@type":"ListItem","position":2,"name":"GBD-H2000-2"}]},{"@type":"WebSite","@id":"https:\/\/suvisoshop.com\/#website","url":"https:\/\/suvisoshop.com\/","name":"Suvisoshop","description":"Cada segundo cuenta.","publisher":{"@id":"https:\/\/suvisoshop.com\/#organization"},"potentialAction":[{"@type":"SearchAction","target":{"@type":"EntryPoint","urlTemplate":"https:\/\/suvisoshop.com\/?s={search_term_string}"},"query-input":{"@type":"PropertyValueSpecification","valueRequired":true,"valueName":"search_term_string"}}],"inLanguage":"es"},{"@type":"Organization","@id":"https:\/\/suvisoshop.com\/#organization","name":"Suvisoshop","url":"https:\/\/suvisoshop.com\/","logo":{"@type":"ImageObject","inLanguage":"es","@id":"https:\/\/suvisoshop.com\/#\/schema\/logo\/image\/","url":"http:\/\/suvisoshop.com\/wp-content\/uploads\/2023\/07\/cropped-Relojes-logo-suviso-1.png","contentUrl":"http:\/\/suvisoshop.com\/wp-content\/uploads\/2023\/07\/cropped-Relojes-logo-suviso-1.png","width":532,"height":348,"caption":"Suvisoshop"},"image":{"@id":"https:\/\/suvisoshop.com\/#\/schema\/logo\/image\/"}}]}},"jetpack_sharing_enabled":true,"_links":{"self":[{"href":"https:\/\/suvisoshop.com\/index.php\/wp-json\/wp\/v2\/product\/9519","targetHints":{"allow":["GET"]}}],"collection":[{"href":"https:\/\/suvisoshop.com\/index.php\/wp-json\/wp\/v2\/product"}],"about":[{"href":"https:\/\/suvisoshop.com\/index.php\/wp-json\/wp\/v2\/types\/product"}],"replies":[{"embeddable":true,"href":"https:\/\/suvisoshop.com\/index.php\/wp-json\/wp\/v2\/comments?post=9519"}],"wp:featuredmedia":[{"embeddable":true,"href":"https:\/\/suvisoshop.com\/index.php\/wp-json\/wp\/v2\/media\/9520"}],"wp:attachment":[{"href":"https:\/\/suvisoshop.com\/index.php\/wp-json\/wp\/v2\/media?parent=9519"}],"wp:term":[{"taxonomy":"product_brand","embeddable":true,"href":"https:\/\/suvisoshop.com\/index.php\/wp-json\/wp\/v2\/product_brand?post=9519"},{"taxonomy":"product_cat","embeddable":true,"href":"https:\/\/suvisoshop.com\/index.php\/wp-json\/wp\/v2\/product_cat?post=9519"},{"taxonomy":"product_tag","embeddable":true,"href":"https:\/\/suvisoshop.com\/index.php\/wp-json\/wp\/v2\/product_tag?post=9519"}],"curies":[{"name":"wp","href":"https:\/\/api.w.org\/{rel}","templated":true}]}}