{"id":9513,"date":"2024-08-20T17:48:21","date_gmt":"2024-08-20T17:48:21","guid":{"rendered":"http:\/\/suvisoshop.com\/?post_type=product&#038;p=9513"},"modified":"2024-08-20T17:49:55","modified_gmt":"2024-08-20T17:49:55","slug":"gbx-100tt-8","status":"publish","type":"product","link":"https:\/\/suvisoshop.com\/index.php\/product\/gbx-100tt-8\/","title":{"rendered":"GBX-100TT-8"},"content":{"rendered":"<ul>\n<li>Material de la carcasa y el marco: Resina\/ Acero inoxidable<\/li>\n<li>Correa de Resina<\/li>\n<li>Resistente a impactos<\/li>\n<li>Cristal Mineral<\/li>\n<li>Resistencia al agua de 200 metros<\/li>\n<li>Luz LED<\/li>\n<li>Funci\u00f3n de entrenamiento Visualizaci\u00f3n de distancia, velocidad, ritmo y otros valores calculados seg\u00fan el aceler\u00f3metro; tiempos de vuelta autom\u00e1ticos\/manuales, pausa autom\u00e1tica; activaci\u00f3n o desactivaci\u00f3n de la configuraci\u00f3n de alerta de objetivos (tiempo, calor\u00edas quemadas); personalizaci\u00f3n de la pantalla de entrenamiento (tiempo transcurrido, distancia, ritmo, tiempo de la vuelta, distancia de la vuelta, ritmo de la vuelta, ritmo promedio, velocidad, velocidad promedio, calor\u00edas quemadas)<\/li>\n<li>Mobile Link<\/li>\n<li>Funcion de entrenamiento<\/li>\n<li>Datos del entrenamiento<\/li>\n<li>Datos de Life Log<\/li>\n<li>Creacion del perfil del usuario<\/li>\n<li>Modo avion<\/li>\n<li>Datos lunares<\/li>\n<li>Grafico de mareas<\/li>\n<li>Pantalla de horas de salida y puesta del sol<\/li>\n<li>Horario mundial<\/li>\n<li>Cronometro de 1 segundo<\/li>\n<li>Temporizador<\/li>\n<li>Vibrador<\/li>\n<li>4 alarmas diarias con funci\u00f3n de despertador<\/li>\n<li>Ahorro de energ\u00eda<\/li>\n<li>Calendario automatice completo<\/li>\n<li>Formato de 12\/24 horas: Indicaci\u00f3n clasica de la hora<\/li>\n<li>Vibraci\u00f3n activada\/desactivada<\/li>\n<li>Dimensi\u00f3n de la caja : 50,9 x 46 x 14,7mm<\/li>\n<\/ul>\n","protected":false},"excerpt":{"rendered":"<p>Material de la carcasa y el marco: Resina\/ Acero inoxidable Correa de Resina Resistente a impactos Cristal Mineral Resistencia al agua de 200 metros Luz LED Funci\u00f3n de entrenamiento Visualizaci\u00f3n de distancia, velocidad, ritmo y otros valores calculados seg\u00fan el aceler\u00f3metro; tiempos de vuelta autom\u00e1ticos\/manuales, pausa autom\u00e1tica; activaci\u00f3n o desactivaci\u00f3n de la configuraci\u00f3n de alerta &hellip;<\/p>\n<p class=\"read-more\"> <a class=\"\" href=\"https:\/\/suvisoshop.com\/index.php\/product\/gbx-100tt-8\/\"> <span class=\"screen-reader-text\">GBX-100TT-8<\/span> Leer m\u00e1s &raquo;<\/a><\/p>\n","protected":false},"featured_media":9515,"comment_status":"open","ping_status":"closed","template":"","meta":{"site-sidebar-layout":"default","site-content-layout":"default","ast-global-header-display":"","ast-banner-title-visibility":"","ast-main-header-display":"","ast-hfb-above-header-display":"","ast-hfb-below-header-display":"","ast-hfb-mobile-header-display":"","site-post-title":"","ast-breadcrumbs-content":"","ast-featured-img":"","footer-sml-layout":"","theme-transparent-header-meta":"default","adv-header-id-meta":"","stick-header-meta":"","header-above-stick-meta":"","header-main-stick-meta":"","header-below-stick-meta":""},"product_brand":[],"product_cat":[59],"product_tag":[],"class_list":{"0":"post-9513","1":"product","2":"type-product","3":"status-publish","4":"has-post-thumbnail","6":"product_cat-g-shock","7":"desktop-align-center","8":"tablet-align-center","9":"mobile-align-center","11":"first","12":"instock","13":"taxable","14":"shipping-taxable","15":"purchasable","16":"product-type-simple"},"yoast_head":"<!-- This site is optimized with the Yoast SEO plugin v27.2 - https:\/\/yoast.com\/product\/yoast-seo-wordpress\/ -->\n<title>GBX-100TT-8 - suvisoshop<\/title>\n<meta name=\"robots\" content=\"index, follow, max-snippet:-1, max-image-preview:large, max-video-preview:-1\" \/>\n<link rel=\"canonical\" href=\"https:\/\/suvisoshop.com\/index.php\/product\/gbx-100tt-8\/\" \/>\n<meta property=\"og:locale\" content=\"es_ES\" \/>\n<meta property=\"og:type\" content=\"article\" \/>\n<meta property=\"og:title\" content=\"GBX-100TT-8 - suvisoshop\" \/>\n<meta property=\"og:description\" content=\"Material de la carcasa y el marco: Resina\/ Acero inoxidable Correa de Resina Resistente a impactos Cristal Mineral Resistencia al agua de 200 metros Luz LED Funci\u00f3n de entrenamiento Visualizaci\u00f3n de distancia, velocidad, ritmo y otros valores calculados seg\u00fan el aceler\u00f3metro; tiempos de vuelta autom\u00e1ticos\/manuales, pausa autom\u00e1tica; activaci\u00f3n o desactivaci\u00f3n de la configuraci\u00f3n de alerta &hellip; GBX-100TT-8 Leer m\u00e1s &raquo;\" \/>\n<meta property=\"og:url\" content=\"https:\/\/suvisoshop.com\/index.php\/product\/gbx-100tt-8\/\" \/>\n<meta property=\"og:site_name\" content=\"suvisoshop\" \/>\n<meta property=\"article:modified_time\" content=\"2024-08-20T17:49:55+00:00\" \/>\n<meta property=\"og:image\" content=\"https:\/\/suvisoshop.com\/wp-content\/uploads\/2024\/08\/Diseno-sin-titulo-2024-08-20T124850.927.png\" \/>\n\t<meta property=\"og:image:width\" content=\"1080\" \/>\n\t<meta property=\"og:image:height\" content=\"1080\" \/>\n\t<meta property=\"og:image:type\" content=\"image\/png\" \/>\n<meta name=\"twitter:card\" content=\"summary_large_image\" \/>\n<meta name=\"twitter:label1\" content=\"Tiempo de lectura\" \/>\n\t<meta name=\"twitter:data1\" content=\"1 minuto\" \/>\n<script type=\"application\/ld+json\" class=\"yoast-schema-graph\">{\"@context\":\"https:\/\/schema.org\",\"@graph\":[{\"@type\":\"WebPage\",\"@id\":\"https:\/\/suvisoshop.com\/index.php\/product\/gbx-100tt-8\/\",\"url\":\"https:\/\/suvisoshop.com\/index.php\/product\/gbx-100tt-8\/\",\"name\":\"GBX-100TT-8 - suvisoshop\",\"isPartOf\":{\"@id\":\"https:\/\/suvisoshop.com\/#website\"},\"primaryImageOfPage\":{\"@id\":\"https:\/\/suvisoshop.com\/index.php\/product\/gbx-100tt-8\/#primaryimage\"},\"image\":{\"@id\":\"https:\/\/suvisoshop.com\/index.php\/product\/gbx-100tt-8\/#primaryimage\"},\"thumbnailUrl\":\"https:\/\/suvisoshop.com\/wp-content\/uploads\/2024\/08\/Diseno-sin-titulo-2024-08-20T124850.927.png\",\"datePublished\":\"2024-08-20T17:48:21+00:00\",\"dateModified\":\"2024-08-20T17:49:55+00:00\",\"breadcrumb\":{\"@id\":\"https:\/\/suvisoshop.com\/index.php\/product\/gbx-100tt-8\/#breadcrumb\"},\"inLanguage\":\"es\",\"potentialAction\":[{\"@type\":\"ReadAction\",\"target\":[\"https:\/\/suvisoshop.com\/index.php\/product\/gbx-100tt-8\/\"]}]},{\"@type\":\"ImageObject\",\"inLanguage\":\"es\",\"@id\":\"https:\/\/suvisoshop.com\/index.php\/product\/gbx-100tt-8\/#primaryimage\",\"url\":\"https:\/\/suvisoshop.com\/wp-content\/uploads\/2024\/08\/Diseno-sin-titulo-2024-08-20T124850.927.png\",\"contentUrl\":\"https:\/\/suvisoshop.com\/wp-content\/uploads\/2024\/08\/Diseno-sin-titulo-2024-08-20T124850.927.png\",\"width\":1080,\"height\":1080},{\"@type\":\"BreadcrumbList\",\"@id\":\"https:\/\/suvisoshop.com\/index.php\/product\/gbx-100tt-8\/#breadcrumb\",\"itemListElement\":[{\"@type\":\"ListItem\",\"position\":1,\"name\":\"Shop\",\"item\":\"https:\/\/suvisoshop.com\/index.php\/shop\/\"},{\"@type\":\"ListItem\",\"position\":2,\"name\":\"GBX-100TT-8\"}]},{\"@type\":\"WebSite\",\"@id\":\"https:\/\/suvisoshop.com\/#website\",\"url\":\"https:\/\/suvisoshop.com\/\",\"name\":\"Suvisoshop\",\"description\":\"Cada segundo cuenta.\",\"publisher\":{\"@id\":\"https:\/\/suvisoshop.com\/#organization\"},\"potentialAction\":[{\"@type\":\"SearchAction\",\"target\":{\"@type\":\"EntryPoint\",\"urlTemplate\":\"https:\/\/suvisoshop.com\/?s={search_term_string}\"},\"query-input\":{\"@type\":\"PropertyValueSpecification\",\"valueRequired\":true,\"valueName\":\"search_term_string\"}}],\"inLanguage\":\"es\"},{\"@type\":\"Organization\",\"@id\":\"https:\/\/suvisoshop.com\/#organization\",\"name\":\"Suvisoshop\",\"url\":\"https:\/\/suvisoshop.com\/\",\"logo\":{\"@type\":\"ImageObject\",\"inLanguage\":\"es\",\"@id\":\"https:\/\/suvisoshop.com\/#\/schema\/logo\/image\/\",\"url\":\"http:\/\/suvisoshop.com\/wp-content\/uploads\/2023\/07\/cropped-Relojes-logo-suviso-1.png\",\"contentUrl\":\"http:\/\/suvisoshop.com\/wp-content\/uploads\/2023\/07\/cropped-Relojes-logo-suviso-1.png\",\"width\":532,\"height\":348,\"caption\":\"Suvisoshop\"},\"image\":{\"@id\":\"https:\/\/suvisoshop.com\/#\/schema\/logo\/image\/\"}}]}<\/script>\n<!-- \/ Yoast SEO plugin. -->","yoast_head_json":{"title":"GBX-100TT-8 - suvisoshop","robots":{"index":"index","follow":"follow","max-snippet":"max-snippet:-1","max-image-preview":"max-image-preview:large","max-video-preview":"max-video-preview:-1"},"canonical":"https:\/\/suvisoshop.com\/index.php\/product\/gbx-100tt-8\/","og_locale":"es_ES","og_type":"article","og_title":"GBX-100TT-8 - suvisoshop","og_description":"Material de la carcasa y el marco: Resina\/ Acero inoxidable Correa de Resina Resistente a impactos Cristal Mineral Resistencia al agua de 200 metros Luz LED Funci\u00f3n de entrenamiento Visualizaci\u00f3n de distancia, velocidad, ritmo y otros valores calculados seg\u00fan el aceler\u00f3metro; tiempos de vuelta autom\u00e1ticos\/manuales, pausa autom\u00e1tica; activaci\u00f3n o desactivaci\u00f3n de la configuraci\u00f3n de alerta &hellip; GBX-100TT-8 Leer m\u00e1s &raquo;","og_url":"https:\/\/suvisoshop.com\/index.php\/product\/gbx-100tt-8\/","og_site_name":"suvisoshop","article_modified_time":"2024-08-20T17:49:55+00:00","og_image":[{"width":1080,"height":1080,"url":"https:\/\/suvisoshop.com\/wp-content\/uploads\/2024\/08\/Diseno-sin-titulo-2024-08-20T124850.927.png","type":"image\/png"}],"twitter_card":"summary_large_image","twitter_misc":{"Tiempo de lectura":"1 minuto"},"schema":{"@context":"https:\/\/schema.org","@graph":[{"@type":"WebPage","@id":"https:\/\/suvisoshop.com\/index.php\/product\/gbx-100tt-8\/","url":"https:\/\/suvisoshop.com\/index.php\/product\/gbx-100tt-8\/","name":"GBX-100TT-8 - suvisoshop","isPartOf":{"@id":"https:\/\/suvisoshop.com\/#website"},"primaryImageOfPage":{"@id":"https:\/\/suvisoshop.com\/index.php\/product\/gbx-100tt-8\/#primaryimage"},"image":{"@id":"https:\/\/suvisoshop.com\/index.php\/product\/gbx-100tt-8\/#primaryimage"},"thumbnailUrl":"https:\/\/suvisoshop.com\/wp-content\/uploads\/2024\/08\/Diseno-sin-titulo-2024-08-20T124850.927.png","datePublished":"2024-08-20T17:48:21+00:00","dateModified":"2024-08-20T17:49:55+00:00","breadcrumb":{"@id":"https:\/\/suvisoshop.com\/index.php\/product\/gbx-100tt-8\/#breadcrumb"},"inLanguage":"es","potentialAction":[{"@type":"ReadAction","target":["https:\/\/suvisoshop.com\/index.php\/product\/gbx-100tt-8\/"]}]},{"@type":"ImageObject","inLanguage":"es","@id":"https:\/\/suvisoshop.com\/index.php\/product\/gbx-100tt-8\/#primaryimage","url":"https:\/\/suvisoshop.com\/wp-content\/uploads\/2024\/08\/Diseno-sin-titulo-2024-08-20T124850.927.png","contentUrl":"https:\/\/suvisoshop.com\/wp-content\/uploads\/2024\/08\/Diseno-sin-titulo-2024-08-20T124850.927.png","width":1080,"height":1080},{"@type":"BreadcrumbList","@id":"https:\/\/suvisoshop.com\/index.php\/product\/gbx-100tt-8\/#breadcrumb","itemListElement":[{"@type":"ListItem","position":1,"name":"Shop","item":"https:\/\/suvisoshop.com\/index.php\/shop\/"},{"@type":"ListItem","position":2,"name":"GBX-100TT-8"}]},{"@type":"WebSite","@id":"https:\/\/suvisoshop.com\/#website","url":"https:\/\/suvisoshop.com\/","name":"Suvisoshop","description":"Cada segundo cuenta.","publisher":{"@id":"https:\/\/suvisoshop.com\/#organization"},"potentialAction":[{"@type":"SearchAction","target":{"@type":"EntryPoint","urlTemplate":"https:\/\/suvisoshop.com\/?s={search_term_string}"},"query-input":{"@type":"PropertyValueSpecification","valueRequired":true,"valueName":"search_term_string"}}],"inLanguage":"es"},{"@type":"Organization","@id":"https:\/\/suvisoshop.com\/#organization","name":"Suvisoshop","url":"https:\/\/suvisoshop.com\/","logo":{"@type":"ImageObject","inLanguage":"es","@id":"https:\/\/suvisoshop.com\/#\/schema\/logo\/image\/","url":"http:\/\/suvisoshop.com\/wp-content\/uploads\/2023\/07\/cropped-Relojes-logo-suviso-1.png","contentUrl":"http:\/\/suvisoshop.com\/wp-content\/uploads\/2023\/07\/cropped-Relojes-logo-suviso-1.png","width":532,"height":348,"caption":"Suvisoshop"},"image":{"@id":"https:\/\/suvisoshop.com\/#\/schema\/logo\/image\/"}}]}},"jetpack_sharing_enabled":true,"_links":{"self":[{"href":"https:\/\/suvisoshop.com\/index.php\/wp-json\/wp\/v2\/product\/9513","targetHints":{"allow":["GET"]}}],"collection":[{"href":"https:\/\/suvisoshop.com\/index.php\/wp-json\/wp\/v2\/product"}],"about":[{"href":"https:\/\/suvisoshop.com\/index.php\/wp-json\/wp\/v2\/types\/product"}],"replies":[{"embeddable":true,"href":"https:\/\/suvisoshop.com\/index.php\/wp-json\/wp\/v2\/comments?post=9513"}],"wp:featuredmedia":[{"embeddable":true,"href":"https:\/\/suvisoshop.com\/index.php\/wp-json\/wp\/v2\/media\/9515"}],"wp:attachment":[{"href":"https:\/\/suvisoshop.com\/index.php\/wp-json\/wp\/v2\/media?parent=9513"}],"wp:term":[{"taxonomy":"product_brand","embeddable":true,"href":"https:\/\/suvisoshop.com\/index.php\/wp-json\/wp\/v2\/product_brand?post=9513"},{"taxonomy":"product_cat","embeddable":true,"href":"https:\/\/suvisoshop.com\/index.php\/wp-json\/wp\/v2\/product_cat?post=9513"},{"taxonomy":"product_tag","embeddable":true,"href":"https:\/\/suvisoshop.com\/index.php\/wp-json\/wp\/v2\/product_tag?post=9513"}],"curies":[{"name":"wp","href":"https:\/\/api.w.org\/{rel}","templated":true}]}}