{"id":9466,"date":"2024-08-20T15:43:40","date_gmt":"2024-08-20T15:43:40","guid":{"rendered":"http:\/\/suvisoshop.com\/?post_type=product&#038;p=9466"},"modified":"2025-01-29T20:51:54","modified_gmt":"2025-01-29T20:51:54","slug":"gbd-200lm-1","status":"publish","type":"product","link":"https:\/\/suvisoshop.com\/index.php\/product\/gbd-200lm-1\/","title":{"rendered":"GBD-200LM-1"},"content":{"rendered":"<ul>\n<li>Material de la carcasa y el marco: Resina<\/li>\n<li>Correa de Resina<\/li>\n<li>Resistente a impactos<\/li>\n<li>Cristal Mineral<\/li>\n<li>Resistencia al agua de 200 metros<\/li>\n<li>Luz LED<\/li>\n<li>Mobile Link<\/li>\n<li>Funci\u00f3n de entrenamiento<\/li>\n<li>Datos del entrenamiento<\/li>\n<li>Datos de Life Log<\/li>\n<li>Creaci\u00f3n del perfil del usuario<\/li>\n<li>Modo avi\u00f3n<\/li>\n<li>Horario mundial<\/li>\n<li>Cronometro de 1 segundo<\/li>\n<li>Temporizador<\/li>\n<li>Vibrador<\/li>\n<li>4 alarmas diarias con funci\u00f3n de despertador<\/li>\n<li>Ahorro de energ\u00eda<\/li>\n<li>Calendario autom\u00e1tico completo<\/li>\n<li>Formato de 12\/24 horas: Indicaci\u00f3n clasica de la hora<\/li>\n<li>Vibraci\u00f3n activada\/desactivada<\/li>\n<li>Dimensi\u00f3n de la caja : 49,4 x 45,9 x 15 mm<\/li>\n<\/ul>\n","protected":false},"excerpt":{"rendered":"<p>Material de la carcasa y el marco: Resina Correa de Resina Resistente a impactos Cristal Mineral Resistencia al agua de 200 metros Luz LED Mobile Link Funci\u00f3n de entrenamiento Datos del entrenamiento Datos de Life Log Creaci\u00f3n del perfil del usuario Modo avi\u00f3n Horario mundial Cronometro de 1 segundo Temporizador Vibrador 4 alarmas diarias con &hellip;<\/p>\n<p class=\"read-more\"> <a class=\"\" href=\"https:\/\/suvisoshop.com\/index.php\/product\/gbd-200lm-1\/\"> <span class=\"screen-reader-text\">GBD-200LM-1<\/span> Leer m\u00e1s &raquo;<\/a><\/p>\n","protected":false},"featured_media":9468,"comment_status":"open","ping_status":"closed","template":"","meta":{"site-sidebar-layout":"default","site-content-layout":"default","ast-global-header-display":"","ast-banner-title-visibility":"","ast-main-header-display":"","ast-hfb-above-header-display":"","ast-hfb-below-header-display":"","ast-hfb-mobile-header-display":"","site-post-title":"","ast-breadcrumbs-content":"","ast-featured-img":"","footer-sml-layout":"","theme-transparent-header-meta":"default","adv-header-id-meta":"","stick-header-meta":"","header-above-stick-meta":"","header-main-stick-meta":"","header-below-stick-meta":""},"product_brand":[],"product_cat":[59],"product_tag":[],"class_list":{"0":"post-9466","1":"product","2":"type-product","3":"status-publish","4":"has-post-thumbnail","6":"product_cat-g-shock","7":"desktop-align-center","8":"tablet-align-center","9":"mobile-align-center","11":"first","12":"instock","13":"taxable","14":"shipping-taxable","15":"purchasable","16":"product-type-simple"},"yoast_head":"<!-- This site is optimized with the Yoast SEO plugin v27.2 - https:\/\/yoast.com\/product\/yoast-seo-wordpress\/ -->\n<title>GBD-200LM-1 - suvisoshop<\/title>\n<meta name=\"robots\" content=\"index, follow, max-snippet:-1, max-image-preview:large, max-video-preview:-1\" \/>\n<link rel=\"canonical\" href=\"https:\/\/suvisoshop.com\/index.php\/product\/gbd-200lm-1\/\" \/>\n<meta property=\"og:locale\" content=\"es_ES\" \/>\n<meta property=\"og:type\" content=\"article\" \/>\n<meta property=\"og:title\" content=\"GBD-200LM-1 - suvisoshop\" \/>\n<meta property=\"og:description\" content=\"Material de la carcasa y el marco: Resina Correa de Resina Resistente a impactos Cristal Mineral Resistencia al agua de 200 metros Luz LED Mobile Link Funci\u00f3n de entrenamiento Datos del entrenamiento Datos de Life Log Creaci\u00f3n del perfil del usuario Modo avi\u00f3n Horario mundial Cronometro de 1 segundo Temporizador Vibrador 4 alarmas diarias con &hellip; GBD-200LM-1 Leer m\u00e1s &raquo;\" \/>\n<meta property=\"og:url\" content=\"https:\/\/suvisoshop.com\/index.php\/product\/gbd-200lm-1\/\" \/>\n<meta property=\"og:site_name\" content=\"suvisoshop\" \/>\n<meta property=\"article:modified_time\" content=\"2025-01-29T20:51:54+00:00\" \/>\n<meta property=\"og:image\" content=\"https:\/\/suvisoshop.com\/wp-content\/uploads\/2024\/08\/Diseno-sin-titulo-2024-08-20T104410.805.png\" \/>\n\t<meta property=\"og:image:width\" content=\"1080\" \/>\n\t<meta property=\"og:image:height\" content=\"1080\" \/>\n\t<meta property=\"og:image:type\" content=\"image\/png\" \/>\n<meta name=\"twitter:card\" content=\"summary_large_image\" \/>\n<meta name=\"twitter:label1\" content=\"Tiempo de lectura\" \/>\n\t<meta name=\"twitter:data1\" content=\"1 minuto\" \/>\n<script type=\"application\/ld+json\" class=\"yoast-schema-graph\">{\"@context\":\"https:\/\/schema.org\",\"@graph\":[{\"@type\":\"WebPage\",\"@id\":\"https:\/\/suvisoshop.com\/index.php\/product\/gbd-200lm-1\/\",\"url\":\"https:\/\/suvisoshop.com\/index.php\/product\/gbd-200lm-1\/\",\"name\":\"GBD-200LM-1 - suvisoshop\",\"isPartOf\":{\"@id\":\"https:\/\/suvisoshop.com\/#website\"},\"primaryImageOfPage\":{\"@id\":\"https:\/\/suvisoshop.com\/index.php\/product\/gbd-200lm-1\/#primaryimage\"},\"image\":{\"@id\":\"https:\/\/suvisoshop.com\/index.php\/product\/gbd-200lm-1\/#primaryimage\"},\"thumbnailUrl\":\"https:\/\/suvisoshop.com\/wp-content\/uploads\/2024\/08\/Diseno-sin-titulo-2024-08-20T104410.805.png\",\"datePublished\":\"2024-08-20T15:43:40+00:00\",\"dateModified\":\"2025-01-29T20:51:54+00:00\",\"breadcrumb\":{\"@id\":\"https:\/\/suvisoshop.com\/index.php\/product\/gbd-200lm-1\/#breadcrumb\"},\"inLanguage\":\"es\",\"potentialAction\":[{\"@type\":\"ReadAction\",\"target\":[\"https:\/\/suvisoshop.com\/index.php\/product\/gbd-200lm-1\/\"]}]},{\"@type\":\"ImageObject\",\"inLanguage\":\"es\",\"@id\":\"https:\/\/suvisoshop.com\/index.php\/product\/gbd-200lm-1\/#primaryimage\",\"url\":\"https:\/\/suvisoshop.com\/wp-content\/uploads\/2024\/08\/Diseno-sin-titulo-2024-08-20T104410.805.png\",\"contentUrl\":\"https:\/\/suvisoshop.com\/wp-content\/uploads\/2024\/08\/Diseno-sin-titulo-2024-08-20T104410.805.png\",\"width\":1080,\"height\":1080},{\"@type\":\"BreadcrumbList\",\"@id\":\"https:\/\/suvisoshop.com\/index.php\/product\/gbd-200lm-1\/#breadcrumb\",\"itemListElement\":[{\"@type\":\"ListItem\",\"position\":1,\"name\":\"Shop\",\"item\":\"https:\/\/suvisoshop.com\/index.php\/shop\/\"},{\"@type\":\"ListItem\",\"position\":2,\"name\":\"GBD-200LM-1\"}]},{\"@type\":\"WebSite\",\"@id\":\"https:\/\/suvisoshop.com\/#website\",\"url\":\"https:\/\/suvisoshop.com\/\",\"name\":\"Suvisoshop\",\"description\":\"Cada segundo cuenta.\",\"publisher\":{\"@id\":\"https:\/\/suvisoshop.com\/#organization\"},\"potentialAction\":[{\"@type\":\"SearchAction\",\"target\":{\"@type\":\"EntryPoint\",\"urlTemplate\":\"https:\/\/suvisoshop.com\/?s={search_term_string}\"},\"query-input\":{\"@type\":\"PropertyValueSpecification\",\"valueRequired\":true,\"valueName\":\"search_term_string\"}}],\"inLanguage\":\"es\"},{\"@type\":\"Organization\",\"@id\":\"https:\/\/suvisoshop.com\/#organization\",\"name\":\"Suvisoshop\",\"url\":\"https:\/\/suvisoshop.com\/\",\"logo\":{\"@type\":\"ImageObject\",\"inLanguage\":\"es\",\"@id\":\"https:\/\/suvisoshop.com\/#\/schema\/logo\/image\/\",\"url\":\"http:\/\/suvisoshop.com\/wp-content\/uploads\/2023\/07\/cropped-Relojes-logo-suviso-1.png\",\"contentUrl\":\"http:\/\/suvisoshop.com\/wp-content\/uploads\/2023\/07\/cropped-Relojes-logo-suviso-1.png\",\"width\":532,\"height\":348,\"caption\":\"Suvisoshop\"},\"image\":{\"@id\":\"https:\/\/suvisoshop.com\/#\/schema\/logo\/image\/\"}}]}<\/script>\n<!-- \/ Yoast SEO plugin. -->","yoast_head_json":{"title":"GBD-200LM-1 - suvisoshop","robots":{"index":"index","follow":"follow","max-snippet":"max-snippet:-1","max-image-preview":"max-image-preview:large","max-video-preview":"max-video-preview:-1"},"canonical":"https:\/\/suvisoshop.com\/index.php\/product\/gbd-200lm-1\/","og_locale":"es_ES","og_type":"article","og_title":"GBD-200LM-1 - suvisoshop","og_description":"Material de la carcasa y el marco: Resina Correa de Resina Resistente a impactos Cristal Mineral Resistencia al agua de 200 metros Luz LED Mobile Link Funci\u00f3n de entrenamiento Datos del entrenamiento Datos de Life Log Creaci\u00f3n del perfil del usuario Modo avi\u00f3n Horario mundial Cronometro de 1 segundo Temporizador Vibrador 4 alarmas diarias con &hellip; GBD-200LM-1 Leer m\u00e1s &raquo;","og_url":"https:\/\/suvisoshop.com\/index.php\/product\/gbd-200lm-1\/","og_site_name":"suvisoshop","article_modified_time":"2025-01-29T20:51:54+00:00","og_image":[{"width":1080,"height":1080,"url":"https:\/\/suvisoshop.com\/wp-content\/uploads\/2024\/08\/Diseno-sin-titulo-2024-08-20T104410.805.png","type":"image\/png"}],"twitter_card":"summary_large_image","twitter_misc":{"Tiempo de lectura":"1 minuto"},"schema":{"@context":"https:\/\/schema.org","@graph":[{"@type":"WebPage","@id":"https:\/\/suvisoshop.com\/index.php\/product\/gbd-200lm-1\/","url":"https:\/\/suvisoshop.com\/index.php\/product\/gbd-200lm-1\/","name":"GBD-200LM-1 - suvisoshop","isPartOf":{"@id":"https:\/\/suvisoshop.com\/#website"},"primaryImageOfPage":{"@id":"https:\/\/suvisoshop.com\/index.php\/product\/gbd-200lm-1\/#primaryimage"},"image":{"@id":"https:\/\/suvisoshop.com\/index.php\/product\/gbd-200lm-1\/#primaryimage"},"thumbnailUrl":"https:\/\/suvisoshop.com\/wp-content\/uploads\/2024\/08\/Diseno-sin-titulo-2024-08-20T104410.805.png","datePublished":"2024-08-20T15:43:40+00:00","dateModified":"2025-01-29T20:51:54+00:00","breadcrumb":{"@id":"https:\/\/suvisoshop.com\/index.php\/product\/gbd-200lm-1\/#breadcrumb"},"inLanguage":"es","potentialAction":[{"@type":"ReadAction","target":["https:\/\/suvisoshop.com\/index.php\/product\/gbd-200lm-1\/"]}]},{"@type":"ImageObject","inLanguage":"es","@id":"https:\/\/suvisoshop.com\/index.php\/product\/gbd-200lm-1\/#primaryimage","url":"https:\/\/suvisoshop.com\/wp-content\/uploads\/2024\/08\/Diseno-sin-titulo-2024-08-20T104410.805.png","contentUrl":"https:\/\/suvisoshop.com\/wp-content\/uploads\/2024\/08\/Diseno-sin-titulo-2024-08-20T104410.805.png","width":1080,"height":1080},{"@type":"BreadcrumbList","@id":"https:\/\/suvisoshop.com\/index.php\/product\/gbd-200lm-1\/#breadcrumb","itemListElement":[{"@type":"ListItem","position":1,"name":"Shop","item":"https:\/\/suvisoshop.com\/index.php\/shop\/"},{"@type":"ListItem","position":2,"name":"GBD-200LM-1"}]},{"@type":"WebSite","@id":"https:\/\/suvisoshop.com\/#website","url":"https:\/\/suvisoshop.com\/","name":"Suvisoshop","description":"Cada segundo cuenta.","publisher":{"@id":"https:\/\/suvisoshop.com\/#organization"},"potentialAction":[{"@type":"SearchAction","target":{"@type":"EntryPoint","urlTemplate":"https:\/\/suvisoshop.com\/?s={search_term_string}"},"query-input":{"@type":"PropertyValueSpecification","valueRequired":true,"valueName":"search_term_string"}}],"inLanguage":"es"},{"@type":"Organization","@id":"https:\/\/suvisoshop.com\/#organization","name":"Suvisoshop","url":"https:\/\/suvisoshop.com\/","logo":{"@type":"ImageObject","inLanguage":"es","@id":"https:\/\/suvisoshop.com\/#\/schema\/logo\/image\/","url":"http:\/\/suvisoshop.com\/wp-content\/uploads\/2023\/07\/cropped-Relojes-logo-suviso-1.png","contentUrl":"http:\/\/suvisoshop.com\/wp-content\/uploads\/2023\/07\/cropped-Relojes-logo-suviso-1.png","width":532,"height":348,"caption":"Suvisoshop"},"image":{"@id":"https:\/\/suvisoshop.com\/#\/schema\/logo\/image\/"}}]}},"jetpack_sharing_enabled":true,"_links":{"self":[{"href":"https:\/\/suvisoshop.com\/index.php\/wp-json\/wp\/v2\/product\/9466","targetHints":{"allow":["GET"]}}],"collection":[{"href":"https:\/\/suvisoshop.com\/index.php\/wp-json\/wp\/v2\/product"}],"about":[{"href":"https:\/\/suvisoshop.com\/index.php\/wp-json\/wp\/v2\/types\/product"}],"replies":[{"embeddable":true,"href":"https:\/\/suvisoshop.com\/index.php\/wp-json\/wp\/v2\/comments?post=9466"}],"wp:featuredmedia":[{"embeddable":true,"href":"https:\/\/suvisoshop.com\/index.php\/wp-json\/wp\/v2\/media\/9468"}],"wp:attachment":[{"href":"https:\/\/suvisoshop.com\/index.php\/wp-json\/wp\/v2\/media?parent=9466"}],"wp:term":[{"taxonomy":"product_brand","embeddable":true,"href":"https:\/\/suvisoshop.com\/index.php\/wp-json\/wp\/v2\/product_brand?post=9466"},{"taxonomy":"product_cat","embeddable":true,"href":"https:\/\/suvisoshop.com\/index.php\/wp-json\/wp\/v2\/product_cat?post=9466"},{"taxonomy":"product_tag","embeddable":true,"href":"https:\/\/suvisoshop.com\/index.php\/wp-json\/wp\/v2\/product_tag?post=9466"}],"curies":[{"name":"wp","href":"https:\/\/api.w.org\/{rel}","templated":true}]}}