{"id":9328,"date":"2024-08-19T20:23:57","date_gmt":"2024-08-19T20:23:57","guid":{"rendered":"http:\/\/suvisoshop.com\/?post_type=product&#038;p=9328"},"modified":"2025-01-29T19:31:00","modified_gmt":"2025-01-29T19:31:00","slug":"ga-b2100fc-7a","status":"publish","type":"product","link":"https:\/\/suvisoshop.com\/index.php\/product\/ga-b2100fc-7a\/","title":{"rendered":"GA-B2100FC-7A"},"content":{"rendered":"<ul>\n<li>\u00a0Material de la carcasa y el marco: Carbono \/ Resina<\/li>\n<li>Correa de Resina<\/li>\n<li>Tough Solar (con energ\u00eda solar)<\/li>\n<li>Mobile Link (conectividad inal\u00e1mbrica con Bluetooth\u00ae)<\/li>\n<li>Neobrite<\/li>\n<li>Cristal Mineral<\/li>\n<li>Resistente a impactos<\/li>\n<li>Resistencia al Agua de 200 Metros<\/li>\n<li>Luz de fondo led doble<\/li>\n<li>Horario mundial<\/li>\n<li>Cronometro de 1\/100 segundos<\/li>\n<li>Temporizador con cuenta regresiva<\/li>\n<li>5 alarmas diarias<\/li>\n<li>Activaci\u00f3n y desactivaci\u00f3n de tono de funcionamiento de bot\u00f3n<\/li>\n<li>Ahorro de energ\u00eda<\/li>\n<li>Calendario automatico completo<\/li>\n<li>Formato de 12 y 24 horas: Indicaci\u00f3n clasica de la hora<\/li>\n<li>Dimension de la caja : 48,5 x 45,5 x 11,9mm<\/li>\n<\/ul>\n","protected":false},"excerpt":{"rendered":"<p>\u00a0Material de la carcasa y el marco: Carbono \/ Resina Correa de Resina Tough Solar (con energ\u00eda solar) Mobile Link (conectividad inal\u00e1mbrica con Bluetooth\u00ae) Neobrite Cristal Mineral Resistente a impactos Resistencia al Agua de 200 Metros Luz de fondo led doble Horario mundial Cronometro de 1\/100 segundos Temporizador con cuenta regresiva 5 alarmas diarias Activaci\u00f3n &hellip;<\/p>\n<p class=\"read-more\"> <a class=\"\" href=\"https:\/\/suvisoshop.com\/index.php\/product\/ga-b2100fc-7a\/\"> <span class=\"screen-reader-text\">GA-B2100FC-7A<\/span> Leer m\u00e1s &raquo;<\/a><\/p>\n","protected":false},"featured_media":9329,"comment_status":"open","ping_status":"closed","template":"","meta":{"site-sidebar-layout":"default","site-content-layout":"default","ast-global-header-display":"","ast-banner-title-visibility":"","ast-main-header-display":"","ast-hfb-above-header-display":"","ast-hfb-below-header-display":"","ast-hfb-mobile-header-display":"","site-post-title":"","ast-breadcrumbs-content":"","ast-featured-img":"","footer-sml-layout":"","theme-transparent-header-meta":"default","adv-header-id-meta":"","stick-header-meta":"","header-above-stick-meta":"","header-main-stick-meta":"","header-below-stick-meta":""},"product_brand":[],"product_cat":[59],"product_tag":[],"class_list":{"0":"post-9328","1":"product","2":"type-product","3":"status-publish","4":"has-post-thumbnail","6":"product_cat-g-shock","7":"desktop-align-center","8":"tablet-align-center","9":"mobile-align-center","11":"first","12":"instock","13":"taxable","14":"shipping-taxable","15":"purchasable","16":"product-type-simple"},"yoast_head":"<!-- This site is optimized with the Yoast SEO plugin v27.2 - https:\/\/yoast.com\/product\/yoast-seo-wordpress\/ -->\n<title>GA-B2100FC-7A - suvisoshop<\/title>\n<meta name=\"robots\" content=\"index, follow, max-snippet:-1, max-image-preview:large, max-video-preview:-1\" \/>\n<link rel=\"canonical\" href=\"https:\/\/suvisoshop.com\/index.php\/product\/ga-b2100fc-7a\/\" \/>\n<meta property=\"og:locale\" content=\"es_ES\" \/>\n<meta property=\"og:type\" content=\"article\" \/>\n<meta property=\"og:title\" content=\"GA-B2100FC-7A - suvisoshop\" \/>\n<meta property=\"og:description\" content=\"\u00a0Material de la carcasa y el marco: Carbono \/ Resina Correa de Resina Tough Solar (con energ\u00eda solar) Mobile Link (conectividad inal\u00e1mbrica con Bluetooth\u00ae) Neobrite Cristal Mineral Resistente a impactos Resistencia al Agua de 200 Metros Luz de fondo led doble Horario mundial Cronometro de 1\/100 segundos Temporizador con cuenta regresiva 5 alarmas diarias Activaci\u00f3n &hellip; GA-B2100FC-7A Leer m\u00e1s &raquo;\" \/>\n<meta property=\"og:url\" content=\"https:\/\/suvisoshop.com\/index.php\/product\/ga-b2100fc-7a\/\" \/>\n<meta property=\"og:site_name\" content=\"suvisoshop\" \/>\n<meta property=\"article:modified_time\" content=\"2025-01-29T19:31:00+00:00\" \/>\n<meta property=\"og:image\" content=\"https:\/\/suvisoshop.com\/wp-content\/uploads\/2024\/08\/GD-400-9-32.png\" \/>\n\t<meta property=\"og:image:width\" content=\"1080\" \/>\n\t<meta property=\"og:image:height\" content=\"1080\" \/>\n\t<meta property=\"og:image:type\" content=\"image\/png\" \/>\n<meta name=\"twitter:card\" content=\"summary_large_image\" \/>\n<meta name=\"twitter:label1\" content=\"Tiempo de lectura\" \/>\n\t<meta name=\"twitter:data1\" content=\"1 minuto\" \/>\n<script type=\"application\/ld+json\" class=\"yoast-schema-graph\">{\"@context\":\"https:\/\/schema.org\",\"@graph\":[{\"@type\":\"WebPage\",\"@id\":\"https:\/\/suvisoshop.com\/index.php\/product\/ga-b2100fc-7a\/\",\"url\":\"https:\/\/suvisoshop.com\/index.php\/product\/ga-b2100fc-7a\/\",\"name\":\"GA-B2100FC-7A - suvisoshop\",\"isPartOf\":{\"@id\":\"https:\/\/suvisoshop.com\/#website\"},\"primaryImageOfPage\":{\"@id\":\"https:\/\/suvisoshop.com\/index.php\/product\/ga-b2100fc-7a\/#primaryimage\"},\"image\":{\"@id\":\"https:\/\/suvisoshop.com\/index.php\/product\/ga-b2100fc-7a\/#primaryimage\"},\"thumbnailUrl\":\"https:\/\/suvisoshop.com\/wp-content\/uploads\/2024\/08\/GD-400-9-32.png\",\"datePublished\":\"2024-08-19T20:23:57+00:00\",\"dateModified\":\"2025-01-29T19:31:00+00:00\",\"breadcrumb\":{\"@id\":\"https:\/\/suvisoshop.com\/index.php\/product\/ga-b2100fc-7a\/#breadcrumb\"},\"inLanguage\":\"es\",\"potentialAction\":[{\"@type\":\"ReadAction\",\"target\":[\"https:\/\/suvisoshop.com\/index.php\/product\/ga-b2100fc-7a\/\"]}]},{\"@type\":\"ImageObject\",\"inLanguage\":\"es\",\"@id\":\"https:\/\/suvisoshop.com\/index.php\/product\/ga-b2100fc-7a\/#primaryimage\",\"url\":\"https:\/\/suvisoshop.com\/wp-content\/uploads\/2024\/08\/GD-400-9-32.png\",\"contentUrl\":\"https:\/\/suvisoshop.com\/wp-content\/uploads\/2024\/08\/GD-400-9-32.png\",\"width\":1080,\"height\":1080},{\"@type\":\"BreadcrumbList\",\"@id\":\"https:\/\/suvisoshop.com\/index.php\/product\/ga-b2100fc-7a\/#breadcrumb\",\"itemListElement\":[{\"@type\":\"ListItem\",\"position\":1,\"name\":\"Shop\",\"item\":\"https:\/\/suvisoshop.com\/index.php\/shop\/\"},{\"@type\":\"ListItem\",\"position\":2,\"name\":\"GA-B2100FC-7A\"}]},{\"@type\":\"WebSite\",\"@id\":\"https:\/\/suvisoshop.com\/#website\",\"url\":\"https:\/\/suvisoshop.com\/\",\"name\":\"Suvisoshop\",\"description\":\"Cada segundo cuenta.\",\"publisher\":{\"@id\":\"https:\/\/suvisoshop.com\/#organization\"},\"potentialAction\":[{\"@type\":\"SearchAction\",\"target\":{\"@type\":\"EntryPoint\",\"urlTemplate\":\"https:\/\/suvisoshop.com\/?s={search_term_string}\"},\"query-input\":{\"@type\":\"PropertyValueSpecification\",\"valueRequired\":true,\"valueName\":\"search_term_string\"}}],\"inLanguage\":\"es\"},{\"@type\":\"Organization\",\"@id\":\"https:\/\/suvisoshop.com\/#organization\",\"name\":\"Suvisoshop\",\"url\":\"https:\/\/suvisoshop.com\/\",\"logo\":{\"@type\":\"ImageObject\",\"inLanguage\":\"es\",\"@id\":\"https:\/\/suvisoshop.com\/#\/schema\/logo\/image\/\",\"url\":\"http:\/\/suvisoshop.com\/wp-content\/uploads\/2023\/07\/cropped-Relojes-logo-suviso-1.png\",\"contentUrl\":\"http:\/\/suvisoshop.com\/wp-content\/uploads\/2023\/07\/cropped-Relojes-logo-suviso-1.png\",\"width\":532,\"height\":348,\"caption\":\"Suvisoshop\"},\"image\":{\"@id\":\"https:\/\/suvisoshop.com\/#\/schema\/logo\/image\/\"}}]}<\/script>\n<!-- \/ Yoast SEO plugin. -->","yoast_head_json":{"title":"GA-B2100FC-7A - suvisoshop","robots":{"index":"index","follow":"follow","max-snippet":"max-snippet:-1","max-image-preview":"max-image-preview:large","max-video-preview":"max-video-preview:-1"},"canonical":"https:\/\/suvisoshop.com\/index.php\/product\/ga-b2100fc-7a\/","og_locale":"es_ES","og_type":"article","og_title":"GA-B2100FC-7A - suvisoshop","og_description":"\u00a0Material de la carcasa y el marco: Carbono \/ Resina Correa de Resina Tough Solar (con energ\u00eda solar) Mobile Link (conectividad inal\u00e1mbrica con Bluetooth\u00ae) Neobrite Cristal Mineral Resistente a impactos Resistencia al Agua de 200 Metros Luz de fondo led doble Horario mundial Cronometro de 1\/100 segundos Temporizador con cuenta regresiva 5 alarmas diarias Activaci\u00f3n &hellip; GA-B2100FC-7A Leer m\u00e1s &raquo;","og_url":"https:\/\/suvisoshop.com\/index.php\/product\/ga-b2100fc-7a\/","og_site_name":"suvisoshop","article_modified_time":"2025-01-29T19:31:00+00:00","og_image":[{"width":1080,"height":1080,"url":"https:\/\/suvisoshop.com\/wp-content\/uploads\/2024\/08\/GD-400-9-32.png","type":"image\/png"}],"twitter_card":"summary_large_image","twitter_misc":{"Tiempo de lectura":"1 minuto"},"schema":{"@context":"https:\/\/schema.org","@graph":[{"@type":"WebPage","@id":"https:\/\/suvisoshop.com\/index.php\/product\/ga-b2100fc-7a\/","url":"https:\/\/suvisoshop.com\/index.php\/product\/ga-b2100fc-7a\/","name":"GA-B2100FC-7A - suvisoshop","isPartOf":{"@id":"https:\/\/suvisoshop.com\/#website"},"primaryImageOfPage":{"@id":"https:\/\/suvisoshop.com\/index.php\/product\/ga-b2100fc-7a\/#primaryimage"},"image":{"@id":"https:\/\/suvisoshop.com\/index.php\/product\/ga-b2100fc-7a\/#primaryimage"},"thumbnailUrl":"https:\/\/suvisoshop.com\/wp-content\/uploads\/2024\/08\/GD-400-9-32.png","datePublished":"2024-08-19T20:23:57+00:00","dateModified":"2025-01-29T19:31:00+00:00","breadcrumb":{"@id":"https:\/\/suvisoshop.com\/index.php\/product\/ga-b2100fc-7a\/#breadcrumb"},"inLanguage":"es","potentialAction":[{"@type":"ReadAction","target":["https:\/\/suvisoshop.com\/index.php\/product\/ga-b2100fc-7a\/"]}]},{"@type":"ImageObject","inLanguage":"es","@id":"https:\/\/suvisoshop.com\/index.php\/product\/ga-b2100fc-7a\/#primaryimage","url":"https:\/\/suvisoshop.com\/wp-content\/uploads\/2024\/08\/GD-400-9-32.png","contentUrl":"https:\/\/suvisoshop.com\/wp-content\/uploads\/2024\/08\/GD-400-9-32.png","width":1080,"height":1080},{"@type":"BreadcrumbList","@id":"https:\/\/suvisoshop.com\/index.php\/product\/ga-b2100fc-7a\/#breadcrumb","itemListElement":[{"@type":"ListItem","position":1,"name":"Shop","item":"https:\/\/suvisoshop.com\/index.php\/shop\/"},{"@type":"ListItem","position":2,"name":"GA-B2100FC-7A"}]},{"@type":"WebSite","@id":"https:\/\/suvisoshop.com\/#website","url":"https:\/\/suvisoshop.com\/","name":"Suvisoshop","description":"Cada segundo cuenta.","publisher":{"@id":"https:\/\/suvisoshop.com\/#organization"},"potentialAction":[{"@type":"SearchAction","target":{"@type":"EntryPoint","urlTemplate":"https:\/\/suvisoshop.com\/?s={search_term_string}"},"query-input":{"@type":"PropertyValueSpecification","valueRequired":true,"valueName":"search_term_string"}}],"inLanguage":"es"},{"@type":"Organization","@id":"https:\/\/suvisoshop.com\/#organization","name":"Suvisoshop","url":"https:\/\/suvisoshop.com\/","logo":{"@type":"ImageObject","inLanguage":"es","@id":"https:\/\/suvisoshop.com\/#\/schema\/logo\/image\/","url":"http:\/\/suvisoshop.com\/wp-content\/uploads\/2023\/07\/cropped-Relojes-logo-suviso-1.png","contentUrl":"http:\/\/suvisoshop.com\/wp-content\/uploads\/2023\/07\/cropped-Relojes-logo-suviso-1.png","width":532,"height":348,"caption":"Suvisoshop"},"image":{"@id":"https:\/\/suvisoshop.com\/#\/schema\/logo\/image\/"}}]}},"jetpack_sharing_enabled":true,"_links":{"self":[{"href":"https:\/\/suvisoshop.com\/index.php\/wp-json\/wp\/v2\/product\/9328","targetHints":{"allow":["GET"]}}],"collection":[{"href":"https:\/\/suvisoshop.com\/index.php\/wp-json\/wp\/v2\/product"}],"about":[{"href":"https:\/\/suvisoshop.com\/index.php\/wp-json\/wp\/v2\/types\/product"}],"replies":[{"embeddable":true,"href":"https:\/\/suvisoshop.com\/index.php\/wp-json\/wp\/v2\/comments?post=9328"}],"wp:featuredmedia":[{"embeddable":true,"href":"https:\/\/suvisoshop.com\/index.php\/wp-json\/wp\/v2\/media\/9329"}],"wp:attachment":[{"href":"https:\/\/suvisoshop.com\/index.php\/wp-json\/wp\/v2\/media?parent=9328"}],"wp:term":[{"taxonomy":"product_brand","embeddable":true,"href":"https:\/\/suvisoshop.com\/index.php\/wp-json\/wp\/v2\/product_brand?post=9328"},{"taxonomy":"product_cat","embeddable":true,"href":"https:\/\/suvisoshop.com\/index.php\/wp-json\/wp\/v2\/product_cat?post=9328"},{"taxonomy":"product_tag","embeddable":true,"href":"https:\/\/suvisoshop.com\/index.php\/wp-json\/wp\/v2\/product_tag?post=9328"}],"curies":[{"name":"wp","href":"https:\/\/api.w.org\/{rel}","templated":true}]}}