{"id":8223,"date":"2024-04-23T03:32:21","date_gmt":"2024-04-23T03:32:21","guid":{"rendered":"http:\/\/suvisoshop.com\/?post_type=product&#038;p=8223"},"modified":"2024-11-06T17:07:12","modified_gmt":"2024-11-06T17:07:12","slug":"mtp-1375d-3av","status":"publish","type":"product","link":"https:\/\/suvisoshop.com\/index.php\/product\/mtp-1375d-3av\/","title":{"rendered":"MTP-1375D-3AV"},"content":{"rendered":"<ul>Un reloj anal\u00f3gico de metal adornado con una esfera de colores llamativos. Los pr\u00e1cticos diales insertados muestran el d\u00eda, la fecha y el reloj de 24 horas. La resistencia al agua hasta 50 metros te libera de preocupaciones, incluso en d\u00edas lluviosos.<\/p>\n<li style=\"list-style-type: none;\">\n<ul>\n<li>Material de la carcasa y el marco: Acero Inoxidable<\/li>\n<li>Hebilla de tres pliegues<\/li>\n<li>Correa de Acero Inoxidable<\/li>\n<li>Cristal Mineral<\/li>\n<li>Resistencia al Agua de 50 metros<\/li>\n<li>Indicacion cl\u00e1sica de la hora<\/li>\n<li>Dimensi\u00f3n de la caja: 48,5 x 42 x 9,7mm<\/li>\n<\/ul>\n<\/li>\n<\/ul>\n","protected":false},"excerpt":{"rendered":"<p>Un reloj anal\u00f3gico de metal adornado con una esfera de colores llamativos. Los pr\u00e1cticos diales insertados muestran el d\u00eda, la fecha y el reloj de 24 horas. La resistencia al agua hasta 50 metros te libera de preocupaciones, incluso en d\u00edas lluviosos. Material de la carcasa y el marco: Acero Inoxidable Hebilla de tres pliegues &hellip;<\/p>\n<p class=\"read-more\"> <a class=\"\" href=\"https:\/\/suvisoshop.com\/index.php\/product\/mtp-1375d-3av\/\"> <span class=\"screen-reader-text\">MTP-1375D-3AV<\/span> Leer m\u00e1s &raquo;<\/a><\/p>\n","protected":false},"featured_media":8219,"comment_status":"open","ping_status":"closed","template":"","meta":{"site-sidebar-layout":"default","site-content-layout":"default","ast-global-header-display":"","ast-banner-title-visibility":"","ast-main-header-display":"","ast-hfb-above-header-display":"","ast-hfb-below-header-display":"","ast-hfb-mobile-header-display":"","site-post-title":"","ast-breadcrumbs-content":"","ast-featured-img":"","footer-sml-layout":"","theme-transparent-header-meta":"default","adv-header-id-meta":"","stick-header-meta":"","header-above-stick-meta":"","header-main-stick-meta":"","header-below-stick-meta":""},"product_brand":[],"product_cat":[63,65],"product_tag":[],"class_list":{"0":"post-8223","1":"product","2":"type-product","3":"status-publish","4":"has-post-thumbnail","6":"product_cat-casual","7":"product_cat-para-ellos","8":"desktop-align-center","9":"tablet-align-center","10":"mobile-align-center","12":"first","13":"outofstock","14":"taxable","15":"shipping-taxable","16":"purchasable","17":"product-type-simple"},"yoast_head":"<!-- This site is optimized with the Yoast SEO plugin v27.2 - https:\/\/yoast.com\/product\/yoast-seo-wordpress\/ -->\n<title>MTP-1375D-3AV - suvisoshop<\/title>\n<meta name=\"robots\" content=\"index, follow, max-snippet:-1, max-image-preview:large, max-video-preview:-1\" \/>\n<link rel=\"canonical\" href=\"https:\/\/suvisoshop.com\/index.php\/product\/mtp-1375d-3av\/\" \/>\n<meta property=\"og:locale\" content=\"es_ES\" \/>\n<meta property=\"og:type\" content=\"article\" \/>\n<meta property=\"og:title\" content=\"MTP-1375D-3AV - suvisoshop\" \/>\n<meta property=\"og:description\" content=\"Un reloj anal\u00f3gico de metal adornado con una esfera de colores llamativos. Los pr\u00e1cticos diales insertados muestran el d\u00eda, la fecha y el reloj de 24 horas. La resistencia al agua hasta 50 metros te libera de preocupaciones, incluso en d\u00edas lluviosos. Material de la carcasa y el marco: Acero Inoxidable Hebilla de tres pliegues &hellip; MTP-1375D-3AV Leer m\u00e1s &raquo;\" \/>\n<meta property=\"og:url\" content=\"https:\/\/suvisoshop.com\/index.php\/product\/mtp-1375d-3av\/\" \/>\n<meta property=\"og:site_name\" content=\"suvisoshop\" \/>\n<meta property=\"article:modified_time\" content=\"2024-11-06T17:07:12+00:00\" \/>\n<meta property=\"og:image\" content=\"https:\/\/suvisoshop.com\/wp-content\/uploads\/2024\/04\/pixelcut-export-12-1.png\" \/>\n\t<meta property=\"og:image:width\" content=\"2160\" \/>\n\t<meta property=\"og:image:height\" content=\"2160\" \/>\n\t<meta property=\"og:image:type\" content=\"image\/png\" \/>\n<meta name=\"twitter:card\" content=\"summary_large_image\" \/>\n<meta name=\"twitter:label1\" content=\"Tiempo de lectura\" \/>\n\t<meta name=\"twitter:data1\" content=\"1 minuto\" \/>\n<script type=\"application\/ld+json\" class=\"yoast-schema-graph\">{\"@context\":\"https:\/\/schema.org\",\"@graph\":[{\"@type\":\"WebPage\",\"@id\":\"https:\/\/suvisoshop.com\/index.php\/product\/mtp-1375d-3av\/\",\"url\":\"https:\/\/suvisoshop.com\/index.php\/product\/mtp-1375d-3av\/\",\"name\":\"MTP-1375D-3AV - suvisoshop\",\"isPartOf\":{\"@id\":\"https:\/\/suvisoshop.com\/#website\"},\"primaryImageOfPage\":{\"@id\":\"https:\/\/suvisoshop.com\/index.php\/product\/mtp-1375d-3av\/#primaryimage\"},\"image\":{\"@id\":\"https:\/\/suvisoshop.com\/index.php\/product\/mtp-1375d-3av\/#primaryimage\"},\"thumbnailUrl\":\"https:\/\/suvisoshop.com\/wp-content\/uploads\/2024\/04\/pixelcut-export-12-1.png\",\"datePublished\":\"2024-04-23T03:32:21+00:00\",\"dateModified\":\"2024-11-06T17:07:12+00:00\",\"breadcrumb\":{\"@id\":\"https:\/\/suvisoshop.com\/index.php\/product\/mtp-1375d-3av\/#breadcrumb\"},\"inLanguage\":\"es\",\"potentialAction\":[{\"@type\":\"ReadAction\",\"target\":[\"https:\/\/suvisoshop.com\/index.php\/product\/mtp-1375d-3av\/\"]}]},{\"@type\":\"ImageObject\",\"inLanguage\":\"es\",\"@id\":\"https:\/\/suvisoshop.com\/index.php\/product\/mtp-1375d-3av\/#primaryimage\",\"url\":\"https:\/\/suvisoshop.com\/wp-content\/uploads\/2024\/04\/pixelcut-export-12-1.png\",\"contentUrl\":\"https:\/\/suvisoshop.com\/wp-content\/uploads\/2024\/04\/pixelcut-export-12-1.png\",\"width\":2160,\"height\":2160},{\"@type\":\"BreadcrumbList\",\"@id\":\"https:\/\/suvisoshop.com\/index.php\/product\/mtp-1375d-3av\/#breadcrumb\",\"itemListElement\":[{\"@type\":\"ListItem\",\"position\":1,\"name\":\"Shop\",\"item\":\"https:\/\/suvisoshop.com\/index.php\/shop\/\"},{\"@type\":\"ListItem\",\"position\":2,\"name\":\"MTP-1375D-3AV\"}]},{\"@type\":\"WebSite\",\"@id\":\"https:\/\/suvisoshop.com\/#website\",\"url\":\"https:\/\/suvisoshop.com\/\",\"name\":\"Suvisoshop\",\"description\":\"Cada segundo cuenta.\",\"publisher\":{\"@id\":\"https:\/\/suvisoshop.com\/#organization\"},\"potentialAction\":[{\"@type\":\"SearchAction\",\"target\":{\"@type\":\"EntryPoint\",\"urlTemplate\":\"https:\/\/suvisoshop.com\/?s={search_term_string}\"},\"query-input\":{\"@type\":\"PropertyValueSpecification\",\"valueRequired\":true,\"valueName\":\"search_term_string\"}}],\"inLanguage\":\"es\"},{\"@type\":\"Organization\",\"@id\":\"https:\/\/suvisoshop.com\/#organization\",\"name\":\"Suvisoshop\",\"url\":\"https:\/\/suvisoshop.com\/\",\"logo\":{\"@type\":\"ImageObject\",\"inLanguage\":\"es\",\"@id\":\"https:\/\/suvisoshop.com\/#\/schema\/logo\/image\/\",\"url\":\"http:\/\/suvisoshop.com\/wp-content\/uploads\/2023\/07\/cropped-Relojes-logo-suviso-1.png\",\"contentUrl\":\"http:\/\/suvisoshop.com\/wp-content\/uploads\/2023\/07\/cropped-Relojes-logo-suviso-1.png\",\"width\":532,\"height\":348,\"caption\":\"Suvisoshop\"},\"image\":{\"@id\":\"https:\/\/suvisoshop.com\/#\/schema\/logo\/image\/\"}}]}<\/script>\n<!-- \/ Yoast SEO plugin. -->","yoast_head_json":{"title":"MTP-1375D-3AV - suvisoshop","robots":{"index":"index","follow":"follow","max-snippet":"max-snippet:-1","max-image-preview":"max-image-preview:large","max-video-preview":"max-video-preview:-1"},"canonical":"https:\/\/suvisoshop.com\/index.php\/product\/mtp-1375d-3av\/","og_locale":"es_ES","og_type":"article","og_title":"MTP-1375D-3AV - suvisoshop","og_description":"Un reloj anal\u00f3gico de metal adornado con una esfera de colores llamativos. Los pr\u00e1cticos diales insertados muestran el d\u00eda, la fecha y el reloj de 24 horas. La resistencia al agua hasta 50 metros te libera de preocupaciones, incluso en d\u00edas lluviosos. Material de la carcasa y el marco: Acero Inoxidable Hebilla de tres pliegues &hellip; MTP-1375D-3AV Leer m\u00e1s &raquo;","og_url":"https:\/\/suvisoshop.com\/index.php\/product\/mtp-1375d-3av\/","og_site_name":"suvisoshop","article_modified_time":"2024-11-06T17:07:12+00:00","og_image":[{"width":2160,"height":2160,"url":"https:\/\/suvisoshop.com\/wp-content\/uploads\/2024\/04\/pixelcut-export-12-1.png","type":"image\/png"}],"twitter_card":"summary_large_image","twitter_misc":{"Tiempo de lectura":"1 minuto"},"schema":{"@context":"https:\/\/schema.org","@graph":[{"@type":"WebPage","@id":"https:\/\/suvisoshop.com\/index.php\/product\/mtp-1375d-3av\/","url":"https:\/\/suvisoshop.com\/index.php\/product\/mtp-1375d-3av\/","name":"MTP-1375D-3AV - suvisoshop","isPartOf":{"@id":"https:\/\/suvisoshop.com\/#website"},"primaryImageOfPage":{"@id":"https:\/\/suvisoshop.com\/index.php\/product\/mtp-1375d-3av\/#primaryimage"},"image":{"@id":"https:\/\/suvisoshop.com\/index.php\/product\/mtp-1375d-3av\/#primaryimage"},"thumbnailUrl":"https:\/\/suvisoshop.com\/wp-content\/uploads\/2024\/04\/pixelcut-export-12-1.png","datePublished":"2024-04-23T03:32:21+00:00","dateModified":"2024-11-06T17:07:12+00:00","breadcrumb":{"@id":"https:\/\/suvisoshop.com\/index.php\/product\/mtp-1375d-3av\/#breadcrumb"},"inLanguage":"es","potentialAction":[{"@type":"ReadAction","target":["https:\/\/suvisoshop.com\/index.php\/product\/mtp-1375d-3av\/"]}]},{"@type":"ImageObject","inLanguage":"es","@id":"https:\/\/suvisoshop.com\/index.php\/product\/mtp-1375d-3av\/#primaryimage","url":"https:\/\/suvisoshop.com\/wp-content\/uploads\/2024\/04\/pixelcut-export-12-1.png","contentUrl":"https:\/\/suvisoshop.com\/wp-content\/uploads\/2024\/04\/pixelcut-export-12-1.png","width":2160,"height":2160},{"@type":"BreadcrumbList","@id":"https:\/\/suvisoshop.com\/index.php\/product\/mtp-1375d-3av\/#breadcrumb","itemListElement":[{"@type":"ListItem","position":1,"name":"Shop","item":"https:\/\/suvisoshop.com\/index.php\/shop\/"},{"@type":"ListItem","position":2,"name":"MTP-1375D-3AV"}]},{"@type":"WebSite","@id":"https:\/\/suvisoshop.com\/#website","url":"https:\/\/suvisoshop.com\/","name":"Suvisoshop","description":"Cada segundo cuenta.","publisher":{"@id":"https:\/\/suvisoshop.com\/#organization"},"potentialAction":[{"@type":"SearchAction","target":{"@type":"EntryPoint","urlTemplate":"https:\/\/suvisoshop.com\/?s={search_term_string}"},"query-input":{"@type":"PropertyValueSpecification","valueRequired":true,"valueName":"search_term_string"}}],"inLanguage":"es"},{"@type":"Organization","@id":"https:\/\/suvisoshop.com\/#organization","name":"Suvisoshop","url":"https:\/\/suvisoshop.com\/","logo":{"@type":"ImageObject","inLanguage":"es","@id":"https:\/\/suvisoshop.com\/#\/schema\/logo\/image\/","url":"http:\/\/suvisoshop.com\/wp-content\/uploads\/2023\/07\/cropped-Relojes-logo-suviso-1.png","contentUrl":"http:\/\/suvisoshop.com\/wp-content\/uploads\/2023\/07\/cropped-Relojes-logo-suviso-1.png","width":532,"height":348,"caption":"Suvisoshop"},"image":{"@id":"https:\/\/suvisoshop.com\/#\/schema\/logo\/image\/"}}]}},"jetpack_sharing_enabled":true,"_links":{"self":[{"href":"https:\/\/suvisoshop.com\/index.php\/wp-json\/wp\/v2\/product\/8223","targetHints":{"allow":["GET"]}}],"collection":[{"href":"https:\/\/suvisoshop.com\/index.php\/wp-json\/wp\/v2\/product"}],"about":[{"href":"https:\/\/suvisoshop.com\/index.php\/wp-json\/wp\/v2\/types\/product"}],"replies":[{"embeddable":true,"href":"https:\/\/suvisoshop.com\/index.php\/wp-json\/wp\/v2\/comments?post=8223"}],"wp:featuredmedia":[{"embeddable":true,"href":"https:\/\/suvisoshop.com\/index.php\/wp-json\/wp\/v2\/media\/8219"}],"wp:attachment":[{"href":"https:\/\/suvisoshop.com\/index.php\/wp-json\/wp\/v2\/media?parent=8223"}],"wp:term":[{"taxonomy":"product_brand","embeddable":true,"href":"https:\/\/suvisoshop.com\/index.php\/wp-json\/wp\/v2\/product_brand?post=8223"},{"taxonomy":"product_cat","embeddable":true,"href":"https:\/\/suvisoshop.com\/index.php\/wp-json\/wp\/v2\/product_cat?post=8223"},{"taxonomy":"product_tag","embeddable":true,"href":"https:\/\/suvisoshop.com\/index.php\/wp-json\/wp\/v2\/product_tag?post=8223"}],"curies":[{"name":"wp","href":"https:\/\/api.w.org\/{rel}","templated":true}]}}