{"id":7278,"date":"2023-08-26T05:33:29","date_gmt":"2023-08-26T05:33:29","guid":{"rendered":"http:\/\/suvisoshop.com\/?post_type=product&#038;p=7278"},"modified":"2024-05-28T19:01:26","modified_gmt":"2024-05-28T19:01:26","slug":"cubitt-teens-2","status":"publish","type":"product","link":"https:\/\/suvisoshop.com\/index.php\/product\/cubitt-teens-2\/","title":{"rendered":"Cubitt Teens Blue"},"content":{"rendered":"<ul>\n<li>Dise\u00f1ado para adolescentes de 8 a 15 a\u00f1os<\/li>\n<li>20+ juegos interesantes para ejercitar el cerebro y divertirse con amigos\/padres<\/li>\n<li>10 alarmas para crear h\u00e1bitos saludables: despertarse, desayunar, ir a la escuela, hacer la tarea, hacer deporte, pasar tiempo en familia, irse a la cama por la noche.<\/li>\n<li>20 diales diferentes en el reloj que dicen la hora, y m\u00e1s de 500 diales provienen de la aplicaci\u00f3n<\/li>\n<li>7+ d\u00edas de bater\u00eda (tiempo de trabajo normal 5-7 d\u00edas, tiempo de espera 14 d\u00edas)<\/li>\n<li>Bloqueo para ni\u00f1os: los padres pueden configurar el bloqueo del reloj con contrase\u00f1a<\/li>\n<li>Monitoreo de frecuencia card\u00edaca<\/li>\n<li>Seguimiento de 10 modos deportivos<\/li>\n<li>Seguimiento de pasos, calor\u00edas y distancia<\/li>\n<li>Monitoreo del sue\u00f1o<\/li>\n<li>Pron\u00f3stico del tiempo<\/li>\n<li>Temporizador \/ cuenta regresiva<\/li>\n<li>Brillo (5 opciones para ajustar)<\/li>\n<li>Vibraci\u00f3n (se puede ajustar de 0 a 3)<\/li>\n<li>Captura de fotos remota<\/li>\n<li>Alerta Sedentaria<\/li>\n<li>Control de m\u00fasica<\/li>\n<li>Medici\u00f3n de presi\u00f3n arterial y ox\u00edgeno en sangre<\/li>\n<\/ul>\n<p><strong>Compatible w. iOS 9.0+ y Android 6.0+<\/strong><\/p>\n<ul>\n<li>Notificaciones de llamadas<\/li>\n<li>Notificaciones de texto y Whatsapp<\/li>\n<li>Despertador + temporizador<\/li>\n<li>Notificaciones sociales<\/li>\n<li>Rechazo de llamadas<\/li>\n<\/ul>\n<h5>Especificaciones<\/h5>\n<ul>\n<li>Dimensiones: 44.2*37.3*10.7MM<\/li>\n<li>Tama\u00f1o de pantalla: pantalla cuadrada de 1.69&#8243;<\/li>\n<li>Pantalla t\u00e1ctil completa<\/li>\n<li>Tiempo de trabajo: 5-7 d\u00edas, 3,7 V \/ 160 mAh<\/li>\n<li>Cable de carga USB<\/li>\n<li>Resistente al agua: IP68 (1,5 metros durante 30 minutos)<\/li>\n<li>Bluetooth: BT5.0<\/li>\n<\/ul>\n","protected":false},"excerpt":{"rendered":"<p class=\"product-single__title\">Cubitt Teens Blue<\/p>\n<p><label class=\"product-color Obsidian Black \" for=\"ProductSelect-option-color-Obsidian Black\"><br \/>\n<\/label><br \/>\n<label class=\"product-color Forest Green \" for=\"ProductSelect-option-color-Forest Green\"><\/label><\/p>\n","protected":false},"featured_media":8794,"comment_status":"open","ping_status":"closed","template":"","meta":{"site-sidebar-layout":"default","site-content-layout":"default","ast-global-header-display":"","ast-banner-title-visibility":"","ast-main-header-display":"","ast-hfb-above-header-display":"","ast-hfb-below-header-display":"","ast-hfb-mobile-header-display":"","site-post-title":"","ast-breadcrumbs-content":"","ast-featured-img":"","footer-sml-layout":"","theme-transparent-header-meta":"default","adv-header-id-meta":"","stick-header-meta":"","header-above-stick-meta":"","header-main-stick-meta":"","header-below-stick-meta":""},"product_brand":[],"product_cat":[54],"product_tag":[],"class_list":{"0":"post-7278","1":"product","2":"type-product","3":"status-publish","4":"has-post-thumbnail","6":"product_cat-cubitt","7":"desktop-align-center","8":"tablet-align-center","9":"mobile-align-center","11":"first","12":"instock","13":"taxable","14":"shipping-taxable","15":"purchasable","16":"product-type-simple"},"yoast_head":"<!-- This site is optimized with the Yoast SEO plugin v27.2 - https:\/\/yoast.com\/product\/yoast-seo-wordpress\/ -->\n<title>Cubitt Teens Blue - suvisoshop<\/title>\n<meta name=\"robots\" content=\"index, follow, max-snippet:-1, max-image-preview:large, max-video-preview:-1\" \/>\n<link rel=\"canonical\" href=\"https:\/\/suvisoshop.com\/index.php\/product\/cubitt-teens-2\/\" \/>\n<meta property=\"og:locale\" content=\"es_ES\" \/>\n<meta property=\"og:type\" content=\"article\" \/>\n<meta property=\"og:title\" content=\"Cubitt Teens Blue - suvisoshop\" \/>\n<meta property=\"og:description\" content=\"Cubitt Teens Blue\" \/>\n<meta property=\"og:url\" content=\"https:\/\/suvisoshop.com\/index.php\/product\/cubitt-teens-2\/\" \/>\n<meta property=\"og:site_name\" content=\"suvisoshop\" \/>\n<meta property=\"article:modified_time\" content=\"2024-05-28T19:01:26+00:00\" \/>\n<meta property=\"og:image\" content=\"https:\/\/suvisoshop.com\/wp-content\/uploads\/2023\/08\/casio-2024-05-28T140105.895.png\" \/>\n\t<meta property=\"og:image:width\" content=\"1080\" \/>\n\t<meta property=\"og:image:height\" content=\"1080\" \/>\n\t<meta property=\"og:image:type\" content=\"image\/png\" \/>\n<meta name=\"twitter:card\" content=\"summary_large_image\" \/>\n<meta name=\"twitter:label1\" content=\"Tiempo de lectura\" \/>\n\t<meta name=\"twitter:data1\" content=\"1 minuto\" \/>\n<script type=\"application\/ld+json\" class=\"yoast-schema-graph\">{\"@context\":\"https:\/\/schema.org\",\"@graph\":[{\"@type\":\"WebPage\",\"@id\":\"https:\/\/suvisoshop.com\/index.php\/product\/cubitt-teens-2\/\",\"url\":\"https:\/\/suvisoshop.com\/index.php\/product\/cubitt-teens-2\/\",\"name\":\"Cubitt Teens Blue - suvisoshop\",\"isPartOf\":{\"@id\":\"https:\/\/suvisoshop.com\/#website\"},\"primaryImageOfPage\":{\"@id\":\"https:\/\/suvisoshop.com\/index.php\/product\/cubitt-teens-2\/#primaryimage\"},\"image\":{\"@id\":\"https:\/\/suvisoshop.com\/index.php\/product\/cubitt-teens-2\/#primaryimage\"},\"thumbnailUrl\":\"https:\/\/suvisoshop.com\/wp-content\/uploads\/2023\/08\/casio-2024-05-28T140105.895.png\",\"datePublished\":\"2023-08-26T05:33:29+00:00\",\"dateModified\":\"2024-05-28T19:01:26+00:00\",\"breadcrumb\":{\"@id\":\"https:\/\/suvisoshop.com\/index.php\/product\/cubitt-teens-2\/#breadcrumb\"},\"inLanguage\":\"es\",\"potentialAction\":[{\"@type\":\"ReadAction\",\"target\":[\"https:\/\/suvisoshop.com\/index.php\/product\/cubitt-teens-2\/\"]}]},{\"@type\":\"ImageObject\",\"inLanguage\":\"es\",\"@id\":\"https:\/\/suvisoshop.com\/index.php\/product\/cubitt-teens-2\/#primaryimage\",\"url\":\"https:\/\/suvisoshop.com\/wp-content\/uploads\/2023\/08\/casio-2024-05-28T140105.895.png\",\"contentUrl\":\"https:\/\/suvisoshop.com\/wp-content\/uploads\/2023\/08\/casio-2024-05-28T140105.895.png\",\"width\":1080,\"height\":1080},{\"@type\":\"BreadcrumbList\",\"@id\":\"https:\/\/suvisoshop.com\/index.php\/product\/cubitt-teens-2\/#breadcrumb\",\"itemListElement\":[{\"@type\":\"ListItem\",\"position\":1,\"name\":\"Shop\",\"item\":\"https:\/\/suvisoshop.com\/index.php\/shop\/\"},{\"@type\":\"ListItem\",\"position\":2,\"name\":\"Cubitt Teens Blue\"}]},{\"@type\":\"WebSite\",\"@id\":\"https:\/\/suvisoshop.com\/#website\",\"url\":\"https:\/\/suvisoshop.com\/\",\"name\":\"Suvisoshop\",\"description\":\"Cada segundo cuenta.\",\"publisher\":{\"@id\":\"https:\/\/suvisoshop.com\/#organization\"},\"potentialAction\":[{\"@type\":\"SearchAction\",\"target\":{\"@type\":\"EntryPoint\",\"urlTemplate\":\"https:\/\/suvisoshop.com\/?s={search_term_string}\"},\"query-input\":{\"@type\":\"PropertyValueSpecification\",\"valueRequired\":true,\"valueName\":\"search_term_string\"}}],\"inLanguage\":\"es\"},{\"@type\":\"Organization\",\"@id\":\"https:\/\/suvisoshop.com\/#organization\",\"name\":\"Suvisoshop\",\"url\":\"https:\/\/suvisoshop.com\/\",\"logo\":{\"@type\":\"ImageObject\",\"inLanguage\":\"es\",\"@id\":\"https:\/\/suvisoshop.com\/#\/schema\/logo\/image\/\",\"url\":\"http:\/\/suvisoshop.com\/wp-content\/uploads\/2023\/07\/cropped-Relojes-logo-suviso-1.png\",\"contentUrl\":\"http:\/\/suvisoshop.com\/wp-content\/uploads\/2023\/07\/cropped-Relojes-logo-suviso-1.png\",\"width\":532,\"height\":348,\"caption\":\"Suvisoshop\"},\"image\":{\"@id\":\"https:\/\/suvisoshop.com\/#\/schema\/logo\/image\/\"}}]}<\/script>\n<!-- \/ Yoast SEO plugin. -->","yoast_head_json":{"title":"Cubitt Teens Blue - suvisoshop","robots":{"index":"index","follow":"follow","max-snippet":"max-snippet:-1","max-image-preview":"max-image-preview:large","max-video-preview":"max-video-preview:-1"},"canonical":"https:\/\/suvisoshop.com\/index.php\/product\/cubitt-teens-2\/","og_locale":"es_ES","og_type":"article","og_title":"Cubitt Teens Blue - suvisoshop","og_description":"Cubitt Teens Blue","og_url":"https:\/\/suvisoshop.com\/index.php\/product\/cubitt-teens-2\/","og_site_name":"suvisoshop","article_modified_time":"2024-05-28T19:01:26+00:00","og_image":[{"width":1080,"height":1080,"url":"https:\/\/suvisoshop.com\/wp-content\/uploads\/2023\/08\/casio-2024-05-28T140105.895.png","type":"image\/png"}],"twitter_card":"summary_large_image","twitter_misc":{"Tiempo de lectura":"1 minuto"},"schema":{"@context":"https:\/\/schema.org","@graph":[{"@type":"WebPage","@id":"https:\/\/suvisoshop.com\/index.php\/product\/cubitt-teens-2\/","url":"https:\/\/suvisoshop.com\/index.php\/product\/cubitt-teens-2\/","name":"Cubitt Teens Blue - suvisoshop","isPartOf":{"@id":"https:\/\/suvisoshop.com\/#website"},"primaryImageOfPage":{"@id":"https:\/\/suvisoshop.com\/index.php\/product\/cubitt-teens-2\/#primaryimage"},"image":{"@id":"https:\/\/suvisoshop.com\/index.php\/product\/cubitt-teens-2\/#primaryimage"},"thumbnailUrl":"https:\/\/suvisoshop.com\/wp-content\/uploads\/2023\/08\/casio-2024-05-28T140105.895.png","datePublished":"2023-08-26T05:33:29+00:00","dateModified":"2024-05-28T19:01:26+00:00","breadcrumb":{"@id":"https:\/\/suvisoshop.com\/index.php\/product\/cubitt-teens-2\/#breadcrumb"},"inLanguage":"es","potentialAction":[{"@type":"ReadAction","target":["https:\/\/suvisoshop.com\/index.php\/product\/cubitt-teens-2\/"]}]},{"@type":"ImageObject","inLanguage":"es","@id":"https:\/\/suvisoshop.com\/index.php\/product\/cubitt-teens-2\/#primaryimage","url":"https:\/\/suvisoshop.com\/wp-content\/uploads\/2023\/08\/casio-2024-05-28T140105.895.png","contentUrl":"https:\/\/suvisoshop.com\/wp-content\/uploads\/2023\/08\/casio-2024-05-28T140105.895.png","width":1080,"height":1080},{"@type":"BreadcrumbList","@id":"https:\/\/suvisoshop.com\/index.php\/product\/cubitt-teens-2\/#breadcrumb","itemListElement":[{"@type":"ListItem","position":1,"name":"Shop","item":"https:\/\/suvisoshop.com\/index.php\/shop\/"},{"@type":"ListItem","position":2,"name":"Cubitt Teens Blue"}]},{"@type":"WebSite","@id":"https:\/\/suvisoshop.com\/#website","url":"https:\/\/suvisoshop.com\/","name":"Suvisoshop","description":"Cada segundo cuenta.","publisher":{"@id":"https:\/\/suvisoshop.com\/#organization"},"potentialAction":[{"@type":"SearchAction","target":{"@type":"EntryPoint","urlTemplate":"https:\/\/suvisoshop.com\/?s={search_term_string}"},"query-input":{"@type":"PropertyValueSpecification","valueRequired":true,"valueName":"search_term_string"}}],"inLanguage":"es"},{"@type":"Organization","@id":"https:\/\/suvisoshop.com\/#organization","name":"Suvisoshop","url":"https:\/\/suvisoshop.com\/","logo":{"@type":"ImageObject","inLanguage":"es","@id":"https:\/\/suvisoshop.com\/#\/schema\/logo\/image\/","url":"http:\/\/suvisoshop.com\/wp-content\/uploads\/2023\/07\/cropped-Relojes-logo-suviso-1.png","contentUrl":"http:\/\/suvisoshop.com\/wp-content\/uploads\/2023\/07\/cropped-Relojes-logo-suviso-1.png","width":532,"height":348,"caption":"Suvisoshop"},"image":{"@id":"https:\/\/suvisoshop.com\/#\/schema\/logo\/image\/"}}]}},"jetpack_sharing_enabled":true,"_links":{"self":[{"href":"https:\/\/suvisoshop.com\/index.php\/wp-json\/wp\/v2\/product\/7278","targetHints":{"allow":["GET"]}}],"collection":[{"href":"https:\/\/suvisoshop.com\/index.php\/wp-json\/wp\/v2\/product"}],"about":[{"href":"https:\/\/suvisoshop.com\/index.php\/wp-json\/wp\/v2\/types\/product"}],"replies":[{"embeddable":true,"href":"https:\/\/suvisoshop.com\/index.php\/wp-json\/wp\/v2\/comments?post=7278"}],"wp:featuredmedia":[{"embeddable":true,"href":"https:\/\/suvisoshop.com\/index.php\/wp-json\/wp\/v2\/media\/8794"}],"wp:attachment":[{"href":"https:\/\/suvisoshop.com\/index.php\/wp-json\/wp\/v2\/media?parent=7278"}],"wp:term":[{"taxonomy":"product_brand","embeddable":true,"href":"https:\/\/suvisoshop.com\/index.php\/wp-json\/wp\/v2\/product_brand?post=7278"},{"taxonomy":"product_cat","embeddable":true,"href":"https:\/\/suvisoshop.com\/index.php\/wp-json\/wp\/v2\/product_cat?post=7278"},{"taxonomy":"product_tag","embeddable":true,"href":"https:\/\/suvisoshop.com\/index.php\/wp-json\/wp\/v2\/product_tag?post=7278"}],"curies":[{"name":"wp","href":"https:\/\/api.w.org\/{rel}","templated":true}]}}