{"id":7146,"date":"2023-08-12T03:48:15","date_gmt":"2023-08-12T03:48:15","guid":{"rendered":"http:\/\/suvisoshop.com\/?post_type=product&#038;p=7146"},"modified":"2024-01-14T17:04:45","modified_gmt":"2024-01-14T17:04:45","slug":"7146","status":"publish","type":"product","link":"https:\/\/suvisoshop.com\/index.php\/product\/7146\/","title":{"rendered":"Smartwatch Reebok"},"content":{"rendered":"<div id=\"section1\" class=\"faq accordion-open\">\n<h5>Funciones<\/h5>\n<\/div>\n<div class=\"content\">\n<ul>\n<li>Llamadas Bluetooth<\/li>\n<li>Control de voz Alexa<\/li>\n<li>Monitor de ox\u00edgeno en sangre<\/li>\n<li>Monitor de estr\u00e9s<\/li>\n<li>Monitoreo din\u00e1mico de la frecuencia card\u00edaca<\/li>\n<li>Seguimiento de 100 modos de deporte<\/li>\n<li>Recuento de calor\u00edas<\/li>\n<li>Contador de pasos<\/li>\n<li>Monitoreo del sue\u00f1o<\/li>\n<li>Alerta de sedentarismo<\/li>\n<li>Estad\u00edsticas GPS en la aplicaci\u00f3n<\/li>\n<li>Control de la ovulaci\u00f3n femenina<\/li>\n<li>Gu\u00eda de respiraci\u00f3n<\/li>\n<li>Control de la m\u00fasica<\/li>\n<li>Ajuste autom\u00e1tico del brillo<\/li>\n<li>No molestar<\/li>\n<li>Notificaciones desde su smartphone<\/li>\n<\/ul>\n<p><strong>Compatible w. iOS 9.0+ y Android 6.0+<\/strong><\/p>\n<ul>\n<li>Notificaciones de llamadas<\/li>\n<li>Notificaciones de texto y Whatsapp<\/li>\n<li>Despertador + temporizador<\/li>\n<li>Notificaciones sociales<\/li>\n<li>Alertas de calendario<\/li>\n<li>Rechazo de llamada<\/li>\n<\/ul>\n<p><strong>Especificaciones<\/strong><\/p>\n<ul>\n<li>MUC: Nordico<\/li>\n<li>Pantalla t\u00e1ctil: Pantalla t\u00e1ctil completa<\/li>\n<li>Tama\u00f1o de la pantalla: 1,32<\/li>\n<li>Tiempo de funcionamiento: 7 d\u00edas, 380 mAh<\/li>\n<li>Tipo de bater\u00eda: Pol\u00edmero de litio<\/li>\n<li>Resistente al agua: IP68, 50 MTS<\/li>\n<li>Bluetooth: BLE5.2+BT5.2<\/li>\n<li>Resoluci\u00f3n de pantalla: 360 *360<\/li>\n<li>Flash: 128Mb Nor Flash<\/li>\n<li>Micr\u00f3fono: MSM381A2718Z9EM2<\/li>\n<li>Altavoz: SR0615MSPJ-2F<\/li>\n<\/ul>\n<p>&nbsp;<\/p>\n<\/div>\n","protected":false},"excerpt":{"rendered":"<p>Funciones Llamadas Bluetooth Control de voz Alexa Monitor de ox\u00edgeno en sangre Monitor de estr\u00e9s Monitoreo din\u00e1mico de la frecuencia card\u00edaca Seguimiento de 100 modos de deporte Recuento de calor\u00edas Contador de pasos Monitoreo del sue\u00f1o Alerta de sedentarismo Estad\u00edsticas GPS en la aplicaci\u00f3n Control de la ovulaci\u00f3n femenina Gu\u00eda de respiraci\u00f3n Control de la &hellip;<\/p>\n<p class=\"read-more\"> <a class=\"\" href=\"https:\/\/suvisoshop.com\/index.php\/product\/7146\/\"> <span class=\"screen-reader-text\">Smartwatch Reebok<\/span> Leer m\u00e1s &raquo;<\/a><\/p>\n","protected":false},"featured_media":7147,"comment_status":"open","ping_status":"closed","template":"","meta":{"site-sidebar-layout":"default","site-content-layout":"default","ast-global-header-display":"","ast-banner-title-visibility":"","ast-main-header-display":"","ast-hfb-above-header-display":"","ast-hfb-below-header-display":"","ast-hfb-mobile-header-display":"","site-post-title":"","ast-breadcrumbs-content":"","ast-featured-img":"","footer-sml-layout":"","theme-transparent-header-meta":"default","adv-header-id-meta":"","stick-header-meta":"","header-above-stick-meta":"","header-main-stick-meta":"","header-below-stick-meta":""},"product_brand":[],"product_cat":[54],"product_tag":[],"class_list":{"0":"post-7146","1":"product","2":"type-product","3":"status-publish","4":"has-post-thumbnail","6":"product_cat-cubitt","7":"desktop-align-center","8":"tablet-align-center","9":"mobile-align-center","11":"first","12":"outofstock","13":"taxable","14":"shipping-taxable","15":"purchasable","16":"product-type-simple"},"yoast_head":"<!-- This site is optimized with the Yoast SEO plugin v27.2 - https:\/\/yoast.com\/product\/yoast-seo-wordpress\/ -->\n<title>Smartwatch Reebok - suvisoshop<\/title>\n<meta name=\"robots\" content=\"index, follow, max-snippet:-1, max-image-preview:large, max-video-preview:-1\" \/>\n<link rel=\"canonical\" href=\"https:\/\/suvisoshop.com\/index.php\/product\/7146\/\" \/>\n<meta property=\"og:locale\" content=\"es_ES\" \/>\n<meta property=\"og:type\" content=\"article\" \/>\n<meta property=\"og:title\" content=\"Smartwatch Reebok - suvisoshop\" \/>\n<meta property=\"og:description\" content=\"Funciones Llamadas Bluetooth Control de voz Alexa Monitor de ox\u00edgeno en sangre Monitor de estr\u00e9s Monitoreo din\u00e1mico de la frecuencia card\u00edaca Seguimiento de 100 modos de deporte Recuento de calor\u00edas Contador de pasos Monitoreo del sue\u00f1o Alerta de sedentarismo Estad\u00edsticas GPS en la aplicaci\u00f3n Control de la ovulaci\u00f3n femenina Gu\u00eda de respiraci\u00f3n Control de la &hellip; Smartwatch Reebok Leer m\u00e1s &raquo;\" \/>\n<meta property=\"og:url\" content=\"https:\/\/suvisoshop.com\/index.php\/product\/7146\/\" \/>\n<meta property=\"og:site_name\" content=\"suvisoshop\" \/>\n<meta property=\"article:modified_time\" content=\"2024-01-14T17:04:45+00:00\" \/>\n<meta property=\"og:image\" content=\"https:\/\/suvisoshop.com\/wp-content\/uploads\/2023\/08\/cubitt-reebok.png\" \/>\n\t<meta property=\"og:image:width\" content=\"700\" \/>\n\t<meta property=\"og:image:height\" content=\"700\" \/>\n\t<meta property=\"og:image:type\" content=\"image\/png\" \/>\n<meta name=\"twitter:card\" content=\"summary_large_image\" \/>\n<meta name=\"twitter:label1\" content=\"Tiempo de lectura\" \/>\n\t<meta name=\"twitter:data1\" content=\"1 minuto\" \/>\n<script type=\"application\/ld+json\" class=\"yoast-schema-graph\">{\"@context\":\"https:\/\/schema.org\",\"@graph\":[{\"@type\":\"WebPage\",\"@id\":\"https:\/\/suvisoshop.com\/index.php\/product\/7146\/\",\"url\":\"https:\/\/suvisoshop.com\/index.php\/product\/7146\/\",\"name\":\"Smartwatch Reebok - suvisoshop\",\"isPartOf\":{\"@id\":\"https:\/\/suvisoshop.com\/#website\"},\"primaryImageOfPage\":{\"@id\":\"https:\/\/suvisoshop.com\/index.php\/product\/7146\/#primaryimage\"},\"image\":{\"@id\":\"https:\/\/suvisoshop.com\/index.php\/product\/7146\/#primaryimage\"},\"thumbnailUrl\":\"https:\/\/suvisoshop.com\/wp-content\/uploads\/2023\/08\/cubitt-reebok.png\",\"datePublished\":\"2023-08-12T03:48:15+00:00\",\"dateModified\":\"2024-01-14T17:04:45+00:00\",\"breadcrumb\":{\"@id\":\"https:\/\/suvisoshop.com\/index.php\/product\/7146\/#breadcrumb\"},\"inLanguage\":\"es\",\"potentialAction\":[{\"@type\":\"ReadAction\",\"target\":[\"https:\/\/suvisoshop.com\/index.php\/product\/7146\/\"]}]},{\"@type\":\"ImageObject\",\"inLanguage\":\"es\",\"@id\":\"https:\/\/suvisoshop.com\/index.php\/product\/7146\/#primaryimage\",\"url\":\"https:\/\/suvisoshop.com\/wp-content\/uploads\/2023\/08\/cubitt-reebok.png\",\"contentUrl\":\"https:\/\/suvisoshop.com\/wp-content\/uploads\/2023\/08\/cubitt-reebok.png\",\"width\":700,\"height\":700},{\"@type\":\"BreadcrumbList\",\"@id\":\"https:\/\/suvisoshop.com\/index.php\/product\/7146\/#breadcrumb\",\"itemListElement\":[{\"@type\":\"ListItem\",\"position\":1,\"name\":\"Shop\",\"item\":\"https:\/\/suvisoshop.com\/index.php\/shop\/\"},{\"@type\":\"ListItem\",\"position\":2,\"name\":\"Smartwatch Reebok\"}]},{\"@type\":\"WebSite\",\"@id\":\"https:\/\/suvisoshop.com\/#website\",\"url\":\"https:\/\/suvisoshop.com\/\",\"name\":\"Suvisoshop\",\"description\":\"Cada segundo cuenta.\",\"publisher\":{\"@id\":\"https:\/\/suvisoshop.com\/#organization\"},\"potentialAction\":[{\"@type\":\"SearchAction\",\"target\":{\"@type\":\"EntryPoint\",\"urlTemplate\":\"https:\/\/suvisoshop.com\/?s={search_term_string}\"},\"query-input\":{\"@type\":\"PropertyValueSpecification\",\"valueRequired\":true,\"valueName\":\"search_term_string\"}}],\"inLanguage\":\"es\"},{\"@type\":\"Organization\",\"@id\":\"https:\/\/suvisoshop.com\/#organization\",\"name\":\"Suvisoshop\",\"url\":\"https:\/\/suvisoshop.com\/\",\"logo\":{\"@type\":\"ImageObject\",\"inLanguage\":\"es\",\"@id\":\"https:\/\/suvisoshop.com\/#\/schema\/logo\/image\/\",\"url\":\"http:\/\/suvisoshop.com\/wp-content\/uploads\/2023\/07\/cropped-Relojes-logo-suviso-1.png\",\"contentUrl\":\"http:\/\/suvisoshop.com\/wp-content\/uploads\/2023\/07\/cropped-Relojes-logo-suviso-1.png\",\"width\":532,\"height\":348,\"caption\":\"Suvisoshop\"},\"image\":{\"@id\":\"https:\/\/suvisoshop.com\/#\/schema\/logo\/image\/\"}}]}<\/script>\n<!-- \/ Yoast SEO plugin. -->","yoast_head_json":{"title":"Smartwatch Reebok - suvisoshop","robots":{"index":"index","follow":"follow","max-snippet":"max-snippet:-1","max-image-preview":"max-image-preview:large","max-video-preview":"max-video-preview:-1"},"canonical":"https:\/\/suvisoshop.com\/index.php\/product\/7146\/","og_locale":"es_ES","og_type":"article","og_title":"Smartwatch Reebok - suvisoshop","og_description":"Funciones Llamadas Bluetooth Control de voz Alexa Monitor de ox\u00edgeno en sangre Monitor de estr\u00e9s Monitoreo din\u00e1mico de la frecuencia card\u00edaca Seguimiento de 100 modos de deporte Recuento de calor\u00edas Contador de pasos Monitoreo del sue\u00f1o Alerta de sedentarismo Estad\u00edsticas GPS en la aplicaci\u00f3n Control de la ovulaci\u00f3n femenina Gu\u00eda de respiraci\u00f3n Control de la &hellip; Smartwatch Reebok Leer m\u00e1s &raquo;","og_url":"https:\/\/suvisoshop.com\/index.php\/product\/7146\/","og_site_name":"suvisoshop","article_modified_time":"2024-01-14T17:04:45+00:00","og_image":[{"width":700,"height":700,"url":"https:\/\/suvisoshop.com\/wp-content\/uploads\/2023\/08\/cubitt-reebok.png","type":"image\/png"}],"twitter_card":"summary_large_image","twitter_misc":{"Tiempo de lectura":"1 minuto"},"schema":{"@context":"https:\/\/schema.org","@graph":[{"@type":"WebPage","@id":"https:\/\/suvisoshop.com\/index.php\/product\/7146\/","url":"https:\/\/suvisoshop.com\/index.php\/product\/7146\/","name":"Smartwatch Reebok - suvisoshop","isPartOf":{"@id":"https:\/\/suvisoshop.com\/#website"},"primaryImageOfPage":{"@id":"https:\/\/suvisoshop.com\/index.php\/product\/7146\/#primaryimage"},"image":{"@id":"https:\/\/suvisoshop.com\/index.php\/product\/7146\/#primaryimage"},"thumbnailUrl":"https:\/\/suvisoshop.com\/wp-content\/uploads\/2023\/08\/cubitt-reebok.png","datePublished":"2023-08-12T03:48:15+00:00","dateModified":"2024-01-14T17:04:45+00:00","breadcrumb":{"@id":"https:\/\/suvisoshop.com\/index.php\/product\/7146\/#breadcrumb"},"inLanguage":"es","potentialAction":[{"@type":"ReadAction","target":["https:\/\/suvisoshop.com\/index.php\/product\/7146\/"]}]},{"@type":"ImageObject","inLanguage":"es","@id":"https:\/\/suvisoshop.com\/index.php\/product\/7146\/#primaryimage","url":"https:\/\/suvisoshop.com\/wp-content\/uploads\/2023\/08\/cubitt-reebok.png","contentUrl":"https:\/\/suvisoshop.com\/wp-content\/uploads\/2023\/08\/cubitt-reebok.png","width":700,"height":700},{"@type":"BreadcrumbList","@id":"https:\/\/suvisoshop.com\/index.php\/product\/7146\/#breadcrumb","itemListElement":[{"@type":"ListItem","position":1,"name":"Shop","item":"https:\/\/suvisoshop.com\/index.php\/shop\/"},{"@type":"ListItem","position":2,"name":"Smartwatch Reebok"}]},{"@type":"WebSite","@id":"https:\/\/suvisoshop.com\/#website","url":"https:\/\/suvisoshop.com\/","name":"Suvisoshop","description":"Cada segundo cuenta.","publisher":{"@id":"https:\/\/suvisoshop.com\/#organization"},"potentialAction":[{"@type":"SearchAction","target":{"@type":"EntryPoint","urlTemplate":"https:\/\/suvisoshop.com\/?s={search_term_string}"},"query-input":{"@type":"PropertyValueSpecification","valueRequired":true,"valueName":"search_term_string"}}],"inLanguage":"es"},{"@type":"Organization","@id":"https:\/\/suvisoshop.com\/#organization","name":"Suvisoshop","url":"https:\/\/suvisoshop.com\/","logo":{"@type":"ImageObject","inLanguage":"es","@id":"https:\/\/suvisoshop.com\/#\/schema\/logo\/image\/","url":"http:\/\/suvisoshop.com\/wp-content\/uploads\/2023\/07\/cropped-Relojes-logo-suviso-1.png","contentUrl":"http:\/\/suvisoshop.com\/wp-content\/uploads\/2023\/07\/cropped-Relojes-logo-suviso-1.png","width":532,"height":348,"caption":"Suvisoshop"},"image":{"@id":"https:\/\/suvisoshop.com\/#\/schema\/logo\/image\/"}}]}},"jetpack_sharing_enabled":true,"_links":{"self":[{"href":"https:\/\/suvisoshop.com\/index.php\/wp-json\/wp\/v2\/product\/7146","targetHints":{"allow":["GET"]}}],"collection":[{"href":"https:\/\/suvisoshop.com\/index.php\/wp-json\/wp\/v2\/product"}],"about":[{"href":"https:\/\/suvisoshop.com\/index.php\/wp-json\/wp\/v2\/types\/product"}],"replies":[{"embeddable":true,"href":"https:\/\/suvisoshop.com\/index.php\/wp-json\/wp\/v2\/comments?post=7146"}],"wp:featuredmedia":[{"embeddable":true,"href":"https:\/\/suvisoshop.com\/index.php\/wp-json\/wp\/v2\/media\/7147"}],"wp:attachment":[{"href":"https:\/\/suvisoshop.com\/index.php\/wp-json\/wp\/v2\/media?parent=7146"}],"wp:term":[{"taxonomy":"product_brand","embeddable":true,"href":"https:\/\/suvisoshop.com\/index.php\/wp-json\/wp\/v2\/product_brand?post=7146"},{"taxonomy":"product_cat","embeddable":true,"href":"https:\/\/suvisoshop.com\/index.php\/wp-json\/wp\/v2\/product_cat?post=7146"},{"taxonomy":"product_tag","embeddable":true,"href":"https:\/\/suvisoshop.com\/index.php\/wp-json\/wp\/v2\/product_tag?post=7146"}],"curies":[{"name":"wp","href":"https:\/\/api.w.org\/{rel}","templated":true}]}}