{"id":7061,"date":"2023-08-11T04:08:01","date_gmt":"2023-08-11T04:08:01","guid":{"rendered":"http:\/\/suvisoshop.com\/?post_type=product&#038;p=7061"},"modified":"2024-05-27T20:46:18","modified_gmt":"2024-05-27T20:46:18","slug":"mtp-vc01d-3e","status":"publish","type":"product","link":"https:\/\/suvisoshop.com\/index.php\/product\/mtp-vc01d-3e\/","title":{"rendered":"MTP-VC01D-3E"},"content":{"rendered":"<ul>\n<li>Material de la carcasa y el marco: Acero inoxidable<\/li>\n<li>Correa de Acero inoxidable<\/li>\n<li>Cristal mineral<\/li>\n<li>Resistencia al Agua<\/li>\n<li>Hora dual<\/li>\n<li>Cronometro de 1\/100 segundos<\/li>\n<li>Alarma diaria<\/li>\n<li>Calendario autom\u00e1tico: Formato de 12 y 24 horas<\/li>\n<li>Funciones cl\u00e1sicas de Relojes<\/li>\n<li>Dimensi\u00f3n de la caja : 46,5 x 41,6 x 8,9mm<\/li>\n<\/ul>\n","protected":false},"excerpt":{"rendered":"<p>Material de la carcasa y el marco: Acero inoxidable Correa de Acero inoxidable Cristal mineral Resistencia al Agua Hora dual Cronometro de 1\/100 segundos Alarma diaria Calendario autom\u00e1tico: Formato de 12 y 24 horas Funciones cl\u00e1sicas de Relojes Dimensi\u00f3n de la caja : 46,5 x 41,6 x 8,9mm<\/p>\n","protected":false},"featured_media":7062,"comment_status":"open","ping_status":"closed","template":"","meta":{"site-sidebar-layout":"default","site-content-layout":"default","ast-global-header-display":"","ast-banner-title-visibility":"","ast-main-header-display":"","ast-hfb-above-header-display":"","ast-hfb-below-header-display":"","ast-hfb-mobile-header-display":"","site-post-title":"","ast-breadcrumbs-content":"","ast-featured-img":"","footer-sml-layout":"","theme-transparent-header-meta":"default","adv-header-id-meta":"","stick-header-meta":"","header-above-stick-meta":"","header-main-stick-meta":"","header-below-stick-meta":""},"product_brand":[],"product_cat":[63,66,65],"product_tag":[],"class_list":{"0":"post-7061","1":"product","2":"type-product","3":"status-publish","4":"has-post-thumbnail","6":"product_cat-casual","7":"product_cat-para-ellas","8":"product_cat-para-ellos","9":"desktop-align-center","10":"tablet-align-center","11":"mobile-align-center","13":"first","14":"instock","15":"taxable","16":"shipping-taxable","17":"purchasable","18":"product-type-simple"},"yoast_head":"<!-- This site is optimized with the Yoast SEO plugin v27.2 - https:\/\/yoast.com\/product\/yoast-seo-wordpress\/ -->\n<title>MTP-VC01D-3E - suvisoshop<\/title>\n<meta name=\"robots\" content=\"index, follow, max-snippet:-1, max-image-preview:large, max-video-preview:-1\" \/>\n<link rel=\"canonical\" href=\"https:\/\/suvisoshop.com\/index.php\/product\/mtp-vc01d-3e\/\" \/>\n<meta property=\"og:locale\" content=\"es_ES\" \/>\n<meta property=\"og:type\" content=\"article\" \/>\n<meta property=\"og:title\" content=\"MTP-VC01D-3E - suvisoshop\" \/>\n<meta property=\"og:description\" content=\"Material de la carcasa y el marco: Acero inoxidable Correa de Acero inoxidable Cristal mineral Resistencia al Agua Hora dual Cronometro de 1\/100 segundos Alarma diaria Calendario autom\u00e1tico: Formato de 12 y 24 horas Funciones cl\u00e1sicas de Relojes Dimensi\u00f3n de la caja : 46,5 x 41,6 x 8,9mm\" \/>\n<meta property=\"og:url\" content=\"https:\/\/suvisoshop.com\/index.php\/product\/mtp-vc01d-3e\/\" \/>\n<meta property=\"og:site_name\" content=\"suvisoshop\" \/>\n<meta property=\"article:modified_time\" content=\"2024-05-27T20:46:18+00:00\" \/>\n<meta property=\"og:image\" content=\"https:\/\/suvisoshop.com\/wp-content\/uploads\/2023\/08\/SUVISO-109.jpg\" \/>\n\t<meta property=\"og:image:width\" content=\"1000\" \/>\n\t<meta property=\"og:image:height\" content=\"1000\" \/>\n\t<meta property=\"og:image:type\" content=\"image\/jpeg\" \/>\n<meta name=\"twitter:card\" content=\"summary_large_image\" \/>\n<script type=\"application\/ld+json\" class=\"yoast-schema-graph\">{\"@context\":\"https:\/\/schema.org\",\"@graph\":[{\"@type\":\"WebPage\",\"@id\":\"https:\/\/suvisoshop.com\/index.php\/product\/mtp-vc01d-3e\/\",\"url\":\"https:\/\/suvisoshop.com\/index.php\/product\/mtp-vc01d-3e\/\",\"name\":\"MTP-VC01D-3E - suvisoshop\",\"isPartOf\":{\"@id\":\"https:\/\/suvisoshop.com\/#website\"},\"primaryImageOfPage\":{\"@id\":\"https:\/\/suvisoshop.com\/index.php\/product\/mtp-vc01d-3e\/#primaryimage\"},\"image\":{\"@id\":\"https:\/\/suvisoshop.com\/index.php\/product\/mtp-vc01d-3e\/#primaryimage\"},\"thumbnailUrl\":\"https:\/\/suvisoshop.com\/wp-content\/uploads\/2023\/08\/SUVISO-109.jpg\",\"datePublished\":\"2023-08-11T04:08:01+00:00\",\"dateModified\":\"2024-05-27T20:46:18+00:00\",\"breadcrumb\":{\"@id\":\"https:\/\/suvisoshop.com\/index.php\/product\/mtp-vc01d-3e\/#breadcrumb\"},\"inLanguage\":\"es\",\"potentialAction\":[{\"@type\":\"ReadAction\",\"target\":[\"https:\/\/suvisoshop.com\/index.php\/product\/mtp-vc01d-3e\/\"]}]},{\"@type\":\"ImageObject\",\"inLanguage\":\"es\",\"@id\":\"https:\/\/suvisoshop.com\/index.php\/product\/mtp-vc01d-3e\/#primaryimage\",\"url\":\"https:\/\/suvisoshop.com\/wp-content\/uploads\/2023\/08\/SUVISO-109.jpg\",\"contentUrl\":\"https:\/\/suvisoshop.com\/wp-content\/uploads\/2023\/08\/SUVISO-109.jpg\",\"width\":1000,\"height\":1000},{\"@type\":\"BreadcrumbList\",\"@id\":\"https:\/\/suvisoshop.com\/index.php\/product\/mtp-vc01d-3e\/#breadcrumb\",\"itemListElement\":[{\"@type\":\"ListItem\",\"position\":1,\"name\":\"Shop\",\"item\":\"https:\/\/suvisoshop.com\/index.php\/shop\/\"},{\"@type\":\"ListItem\",\"position\":2,\"name\":\"MTP-VC01D-3E\"}]},{\"@type\":\"WebSite\",\"@id\":\"https:\/\/suvisoshop.com\/#website\",\"url\":\"https:\/\/suvisoshop.com\/\",\"name\":\"Suvisoshop\",\"description\":\"Cada segundo cuenta.\",\"publisher\":{\"@id\":\"https:\/\/suvisoshop.com\/#organization\"},\"potentialAction\":[{\"@type\":\"SearchAction\",\"target\":{\"@type\":\"EntryPoint\",\"urlTemplate\":\"https:\/\/suvisoshop.com\/?s={search_term_string}\"},\"query-input\":{\"@type\":\"PropertyValueSpecification\",\"valueRequired\":true,\"valueName\":\"search_term_string\"}}],\"inLanguage\":\"es\"},{\"@type\":\"Organization\",\"@id\":\"https:\/\/suvisoshop.com\/#organization\",\"name\":\"Suvisoshop\",\"url\":\"https:\/\/suvisoshop.com\/\",\"logo\":{\"@type\":\"ImageObject\",\"inLanguage\":\"es\",\"@id\":\"https:\/\/suvisoshop.com\/#\/schema\/logo\/image\/\",\"url\":\"http:\/\/suvisoshop.com\/wp-content\/uploads\/2023\/07\/cropped-Relojes-logo-suviso-1.png\",\"contentUrl\":\"http:\/\/suvisoshop.com\/wp-content\/uploads\/2023\/07\/cropped-Relojes-logo-suviso-1.png\",\"width\":532,\"height\":348,\"caption\":\"Suvisoshop\"},\"image\":{\"@id\":\"https:\/\/suvisoshop.com\/#\/schema\/logo\/image\/\"}}]}<\/script>\n<!-- \/ Yoast SEO plugin. -->","yoast_head_json":{"title":"MTP-VC01D-3E - suvisoshop","robots":{"index":"index","follow":"follow","max-snippet":"max-snippet:-1","max-image-preview":"max-image-preview:large","max-video-preview":"max-video-preview:-1"},"canonical":"https:\/\/suvisoshop.com\/index.php\/product\/mtp-vc01d-3e\/","og_locale":"es_ES","og_type":"article","og_title":"MTP-VC01D-3E - suvisoshop","og_description":"Material de la carcasa y el marco: Acero inoxidable Correa de Acero inoxidable Cristal mineral Resistencia al Agua Hora dual Cronometro de 1\/100 segundos Alarma diaria Calendario autom\u00e1tico: Formato de 12 y 24 horas Funciones cl\u00e1sicas de Relojes Dimensi\u00f3n de la caja : 46,5 x 41,6 x 8,9mm","og_url":"https:\/\/suvisoshop.com\/index.php\/product\/mtp-vc01d-3e\/","og_site_name":"suvisoshop","article_modified_time":"2024-05-27T20:46:18+00:00","og_image":[{"width":1000,"height":1000,"url":"https:\/\/suvisoshop.com\/wp-content\/uploads\/2023\/08\/SUVISO-109.jpg","type":"image\/jpeg"}],"twitter_card":"summary_large_image","schema":{"@context":"https:\/\/schema.org","@graph":[{"@type":"WebPage","@id":"https:\/\/suvisoshop.com\/index.php\/product\/mtp-vc01d-3e\/","url":"https:\/\/suvisoshop.com\/index.php\/product\/mtp-vc01d-3e\/","name":"MTP-VC01D-3E - suvisoshop","isPartOf":{"@id":"https:\/\/suvisoshop.com\/#website"},"primaryImageOfPage":{"@id":"https:\/\/suvisoshop.com\/index.php\/product\/mtp-vc01d-3e\/#primaryimage"},"image":{"@id":"https:\/\/suvisoshop.com\/index.php\/product\/mtp-vc01d-3e\/#primaryimage"},"thumbnailUrl":"https:\/\/suvisoshop.com\/wp-content\/uploads\/2023\/08\/SUVISO-109.jpg","datePublished":"2023-08-11T04:08:01+00:00","dateModified":"2024-05-27T20:46:18+00:00","breadcrumb":{"@id":"https:\/\/suvisoshop.com\/index.php\/product\/mtp-vc01d-3e\/#breadcrumb"},"inLanguage":"es","potentialAction":[{"@type":"ReadAction","target":["https:\/\/suvisoshop.com\/index.php\/product\/mtp-vc01d-3e\/"]}]},{"@type":"ImageObject","inLanguage":"es","@id":"https:\/\/suvisoshop.com\/index.php\/product\/mtp-vc01d-3e\/#primaryimage","url":"https:\/\/suvisoshop.com\/wp-content\/uploads\/2023\/08\/SUVISO-109.jpg","contentUrl":"https:\/\/suvisoshop.com\/wp-content\/uploads\/2023\/08\/SUVISO-109.jpg","width":1000,"height":1000},{"@type":"BreadcrumbList","@id":"https:\/\/suvisoshop.com\/index.php\/product\/mtp-vc01d-3e\/#breadcrumb","itemListElement":[{"@type":"ListItem","position":1,"name":"Shop","item":"https:\/\/suvisoshop.com\/index.php\/shop\/"},{"@type":"ListItem","position":2,"name":"MTP-VC01D-3E"}]},{"@type":"WebSite","@id":"https:\/\/suvisoshop.com\/#website","url":"https:\/\/suvisoshop.com\/","name":"Suvisoshop","description":"Cada segundo cuenta.","publisher":{"@id":"https:\/\/suvisoshop.com\/#organization"},"potentialAction":[{"@type":"SearchAction","target":{"@type":"EntryPoint","urlTemplate":"https:\/\/suvisoshop.com\/?s={search_term_string}"},"query-input":{"@type":"PropertyValueSpecification","valueRequired":true,"valueName":"search_term_string"}}],"inLanguage":"es"},{"@type":"Organization","@id":"https:\/\/suvisoshop.com\/#organization","name":"Suvisoshop","url":"https:\/\/suvisoshop.com\/","logo":{"@type":"ImageObject","inLanguage":"es","@id":"https:\/\/suvisoshop.com\/#\/schema\/logo\/image\/","url":"http:\/\/suvisoshop.com\/wp-content\/uploads\/2023\/07\/cropped-Relojes-logo-suviso-1.png","contentUrl":"http:\/\/suvisoshop.com\/wp-content\/uploads\/2023\/07\/cropped-Relojes-logo-suviso-1.png","width":532,"height":348,"caption":"Suvisoshop"},"image":{"@id":"https:\/\/suvisoshop.com\/#\/schema\/logo\/image\/"}}]}},"jetpack_sharing_enabled":true,"_links":{"self":[{"href":"https:\/\/suvisoshop.com\/index.php\/wp-json\/wp\/v2\/product\/7061","targetHints":{"allow":["GET"]}}],"collection":[{"href":"https:\/\/suvisoshop.com\/index.php\/wp-json\/wp\/v2\/product"}],"about":[{"href":"https:\/\/suvisoshop.com\/index.php\/wp-json\/wp\/v2\/types\/product"}],"replies":[{"embeddable":true,"href":"https:\/\/suvisoshop.com\/index.php\/wp-json\/wp\/v2\/comments?post=7061"}],"wp:featuredmedia":[{"embeddable":true,"href":"https:\/\/suvisoshop.com\/index.php\/wp-json\/wp\/v2\/media\/7062"}],"wp:attachment":[{"href":"https:\/\/suvisoshop.com\/index.php\/wp-json\/wp\/v2\/media?parent=7061"}],"wp:term":[{"taxonomy":"product_brand","embeddable":true,"href":"https:\/\/suvisoshop.com\/index.php\/wp-json\/wp\/v2\/product_brand?post=7061"},{"taxonomy":"product_cat","embeddable":true,"href":"https:\/\/suvisoshop.com\/index.php\/wp-json\/wp\/v2\/product_cat?post=7061"},{"taxonomy":"product_tag","embeddable":true,"href":"https:\/\/suvisoshop.com\/index.php\/wp-json\/wp\/v2\/product_tag?post=7061"}],"curies":[{"name":"wp","href":"https:\/\/api.w.org\/{rel}","templated":true}]}}