{"id":6242,"date":"2023-07-24T00:39:44","date_gmt":"2023-07-24T00:39:44","guid":{"rendered":"http:\/\/suvisoshop.com\/index.php\/product\/casio-mtp-1374sg-7av\/"},"modified":"2023-10-04T14:25:58","modified_gmt":"2023-10-04T14:25:58","slug":"casio-mtp-1374sg-7av","status":"publish","type":"product","link":"https:\/\/suvisoshop.com\/index.php\/product\/casio-mtp-1374sg-7av\/","title":{"rendered":"MTP-1374SG-7AV"},"content":{"rendered":"<ul>\n<li>Material de la carcasa y el marco: Acero Inoxidable<\/li>\n<li>Hebilla de tres pliegues<\/li>\n<li>Correa de Acero Inoxidable<\/li>\n<li>Cristal Mineral<\/li>\n<li>Correa cubierta de Iones Dorado<\/li>\n<li>Resistencia al Agua de 50 metros<\/li>\n<li>Indicaci\u00f3n cl\u00e1sica de la hora<\/li>\n<li>Dimensi\u00f3n de la caja: 47 x 43,5 x 10,4mm<\/li>\n<\/ul>\n","protected":false},"excerpt":{"rendered":"<p>Material de la carcasa y el marco: Acero Inoxidable Hebilla de tres pliegues Correa de Acero Inoxidable Cristal Mineral Correa cubierta de Iones Dorado Resistencia al Agua de 50 metros Indicaci\u00f3n cl\u00e1sica de la hora Dimensi\u00f3n de la caja: 47 x 43,5 x 10,4mm<\/p>\n","protected":false},"featured_media":6558,"comment_status":"open","ping_status":"closed","template":"","meta":{"site-sidebar-layout":"default","site-content-layout":"default","ast-global-header-display":"","ast-banner-title-visibility":"","ast-main-header-display":"","ast-hfb-above-header-display":"","ast-hfb-below-header-display":"","ast-hfb-mobile-header-display":"","site-post-title":"","ast-breadcrumbs-content":"","ast-featured-img":"","footer-sml-layout":"","theme-transparent-header-meta":"default","adv-header-id-meta":"","stick-header-meta":"","header-above-stick-meta":"","header-main-stick-meta":"","header-below-stick-meta":""},"product_brand":[],"product_cat":[63,65],"product_tag":[],"class_list":{"0":"post-6242","1":"product","2":"type-product","3":"status-publish","4":"has-post-thumbnail","6":"product_cat-casual","7":"product_cat-para-ellos","8":"desktop-align-center","9":"tablet-align-center","10":"mobile-align-center","12":"first","13":"outofstock","14":"taxable","15":"shipping-taxable","16":"purchasable","17":"product-type-simple"},"yoast_head":"<!-- This site is optimized with the Yoast SEO plugin v27.2 - https:\/\/yoast.com\/product\/yoast-seo-wordpress\/ -->\n<title>MTP-1374SG-7AV - suvisoshop<\/title>\n<meta name=\"robots\" content=\"index, follow, max-snippet:-1, max-image-preview:large, max-video-preview:-1\" \/>\n<link rel=\"canonical\" href=\"https:\/\/suvisoshop.com\/index.php\/product\/casio-mtp-1374sg-7av\/\" \/>\n<meta property=\"og:locale\" content=\"es_ES\" \/>\n<meta property=\"og:type\" content=\"article\" \/>\n<meta property=\"og:title\" content=\"MTP-1374SG-7AV - suvisoshop\" \/>\n<meta property=\"og:description\" content=\"Material de la carcasa y el marco: Acero Inoxidable Hebilla de tres pliegues Correa de Acero Inoxidable Cristal Mineral Correa cubierta de Iones Dorado Resistencia al Agua de 50 metros Indicaci\u00f3n cl\u00e1sica de la hora Dimensi\u00f3n de la caja: 47 x 43,5 x 10,4mm\" \/>\n<meta property=\"og:url\" content=\"https:\/\/suvisoshop.com\/index.php\/product\/casio-mtp-1374sg-7av\/\" \/>\n<meta property=\"og:site_name\" content=\"suvisoshop\" \/>\n<meta property=\"article:modified_time\" content=\"2023-10-04T14:25:58+00:00\" \/>\n<meta property=\"og:image\" content=\"https:\/\/suvisoshop.com\/wp-content\/uploads\/2023\/07\/MTP-1374SG-7AV.jpg\" \/>\n\t<meta property=\"og:image:width\" content=\"600\" \/>\n\t<meta property=\"og:image:height\" content=\"600\" \/>\n\t<meta property=\"og:image:type\" content=\"image\/jpeg\" \/>\n<meta name=\"twitter:card\" content=\"summary_large_image\" \/>\n<script type=\"application\/ld+json\" class=\"yoast-schema-graph\">{\"@context\":\"https:\/\/schema.org\",\"@graph\":[{\"@type\":\"WebPage\",\"@id\":\"https:\/\/suvisoshop.com\/index.php\/product\/casio-mtp-1374sg-7av\/\",\"url\":\"https:\/\/suvisoshop.com\/index.php\/product\/casio-mtp-1374sg-7av\/\",\"name\":\"MTP-1374SG-7AV - suvisoshop\",\"isPartOf\":{\"@id\":\"https:\/\/suvisoshop.com\/#website\"},\"primaryImageOfPage\":{\"@id\":\"https:\/\/suvisoshop.com\/index.php\/product\/casio-mtp-1374sg-7av\/#primaryimage\"},\"image\":{\"@id\":\"https:\/\/suvisoshop.com\/index.php\/product\/casio-mtp-1374sg-7av\/#primaryimage\"},\"thumbnailUrl\":\"https:\/\/suvisoshop.com\/wp-content\/uploads\/2023\/07\/MTP-1374SG-7AV.jpg\",\"datePublished\":\"2023-07-24T00:39:44+00:00\",\"dateModified\":\"2023-10-04T14:25:58+00:00\",\"breadcrumb\":{\"@id\":\"https:\/\/suvisoshop.com\/index.php\/product\/casio-mtp-1374sg-7av\/#breadcrumb\"},\"inLanguage\":\"es\",\"potentialAction\":[{\"@type\":\"ReadAction\",\"target\":[\"https:\/\/suvisoshop.com\/index.php\/product\/casio-mtp-1374sg-7av\/\"]}]},{\"@type\":\"ImageObject\",\"inLanguage\":\"es\",\"@id\":\"https:\/\/suvisoshop.com\/index.php\/product\/casio-mtp-1374sg-7av\/#primaryimage\",\"url\":\"https:\/\/suvisoshop.com\/wp-content\/uploads\/2023\/07\/MTP-1374SG-7AV.jpg\",\"contentUrl\":\"https:\/\/suvisoshop.com\/wp-content\/uploads\/2023\/07\/MTP-1374SG-7AV.jpg\",\"width\":600,\"height\":600},{\"@type\":\"BreadcrumbList\",\"@id\":\"https:\/\/suvisoshop.com\/index.php\/product\/casio-mtp-1374sg-7av\/#breadcrumb\",\"itemListElement\":[{\"@type\":\"ListItem\",\"position\":1,\"name\":\"Shop\",\"item\":\"https:\/\/suvisoshop.com\/index.php\/shop\/\"},{\"@type\":\"ListItem\",\"position\":2,\"name\":\"MTP-1374SG-7AV\"}]},{\"@type\":\"WebSite\",\"@id\":\"https:\/\/suvisoshop.com\/#website\",\"url\":\"https:\/\/suvisoshop.com\/\",\"name\":\"Suvisoshop\",\"description\":\"Cada segundo cuenta.\",\"publisher\":{\"@id\":\"https:\/\/suvisoshop.com\/#organization\"},\"potentialAction\":[{\"@type\":\"SearchAction\",\"target\":{\"@type\":\"EntryPoint\",\"urlTemplate\":\"https:\/\/suvisoshop.com\/?s={search_term_string}\"},\"query-input\":{\"@type\":\"PropertyValueSpecification\",\"valueRequired\":true,\"valueName\":\"search_term_string\"}}],\"inLanguage\":\"es\"},{\"@type\":\"Organization\",\"@id\":\"https:\/\/suvisoshop.com\/#organization\",\"name\":\"Suvisoshop\",\"url\":\"https:\/\/suvisoshop.com\/\",\"logo\":{\"@type\":\"ImageObject\",\"inLanguage\":\"es\",\"@id\":\"https:\/\/suvisoshop.com\/#\/schema\/logo\/image\/\",\"url\":\"http:\/\/suvisoshop.com\/wp-content\/uploads\/2023\/07\/cropped-Relojes-logo-suviso-1.png\",\"contentUrl\":\"http:\/\/suvisoshop.com\/wp-content\/uploads\/2023\/07\/cropped-Relojes-logo-suviso-1.png\",\"width\":532,\"height\":348,\"caption\":\"Suvisoshop\"},\"image\":{\"@id\":\"https:\/\/suvisoshop.com\/#\/schema\/logo\/image\/\"}}]}<\/script>\n<!-- \/ Yoast SEO plugin. -->","yoast_head_json":{"title":"MTP-1374SG-7AV - suvisoshop","robots":{"index":"index","follow":"follow","max-snippet":"max-snippet:-1","max-image-preview":"max-image-preview:large","max-video-preview":"max-video-preview:-1"},"canonical":"https:\/\/suvisoshop.com\/index.php\/product\/casio-mtp-1374sg-7av\/","og_locale":"es_ES","og_type":"article","og_title":"MTP-1374SG-7AV - suvisoshop","og_description":"Material de la carcasa y el marco: Acero Inoxidable Hebilla de tres pliegues Correa de Acero Inoxidable Cristal Mineral Correa cubierta de Iones Dorado Resistencia al Agua de 50 metros Indicaci\u00f3n cl\u00e1sica de la hora Dimensi\u00f3n de la caja: 47 x 43,5 x 10,4mm","og_url":"https:\/\/suvisoshop.com\/index.php\/product\/casio-mtp-1374sg-7av\/","og_site_name":"suvisoshop","article_modified_time":"2023-10-04T14:25:58+00:00","og_image":[{"width":600,"height":600,"url":"https:\/\/suvisoshop.com\/wp-content\/uploads\/2023\/07\/MTP-1374SG-7AV.jpg","type":"image\/jpeg"}],"twitter_card":"summary_large_image","schema":{"@context":"https:\/\/schema.org","@graph":[{"@type":"WebPage","@id":"https:\/\/suvisoshop.com\/index.php\/product\/casio-mtp-1374sg-7av\/","url":"https:\/\/suvisoshop.com\/index.php\/product\/casio-mtp-1374sg-7av\/","name":"MTP-1374SG-7AV - suvisoshop","isPartOf":{"@id":"https:\/\/suvisoshop.com\/#website"},"primaryImageOfPage":{"@id":"https:\/\/suvisoshop.com\/index.php\/product\/casio-mtp-1374sg-7av\/#primaryimage"},"image":{"@id":"https:\/\/suvisoshop.com\/index.php\/product\/casio-mtp-1374sg-7av\/#primaryimage"},"thumbnailUrl":"https:\/\/suvisoshop.com\/wp-content\/uploads\/2023\/07\/MTP-1374SG-7AV.jpg","datePublished":"2023-07-24T00:39:44+00:00","dateModified":"2023-10-04T14:25:58+00:00","breadcrumb":{"@id":"https:\/\/suvisoshop.com\/index.php\/product\/casio-mtp-1374sg-7av\/#breadcrumb"},"inLanguage":"es","potentialAction":[{"@type":"ReadAction","target":["https:\/\/suvisoshop.com\/index.php\/product\/casio-mtp-1374sg-7av\/"]}]},{"@type":"ImageObject","inLanguage":"es","@id":"https:\/\/suvisoshop.com\/index.php\/product\/casio-mtp-1374sg-7av\/#primaryimage","url":"https:\/\/suvisoshop.com\/wp-content\/uploads\/2023\/07\/MTP-1374SG-7AV.jpg","contentUrl":"https:\/\/suvisoshop.com\/wp-content\/uploads\/2023\/07\/MTP-1374SG-7AV.jpg","width":600,"height":600},{"@type":"BreadcrumbList","@id":"https:\/\/suvisoshop.com\/index.php\/product\/casio-mtp-1374sg-7av\/#breadcrumb","itemListElement":[{"@type":"ListItem","position":1,"name":"Shop","item":"https:\/\/suvisoshop.com\/index.php\/shop\/"},{"@type":"ListItem","position":2,"name":"MTP-1374SG-7AV"}]},{"@type":"WebSite","@id":"https:\/\/suvisoshop.com\/#website","url":"https:\/\/suvisoshop.com\/","name":"Suvisoshop","description":"Cada segundo cuenta.","publisher":{"@id":"https:\/\/suvisoshop.com\/#organization"},"potentialAction":[{"@type":"SearchAction","target":{"@type":"EntryPoint","urlTemplate":"https:\/\/suvisoshop.com\/?s={search_term_string}"},"query-input":{"@type":"PropertyValueSpecification","valueRequired":true,"valueName":"search_term_string"}}],"inLanguage":"es"},{"@type":"Organization","@id":"https:\/\/suvisoshop.com\/#organization","name":"Suvisoshop","url":"https:\/\/suvisoshop.com\/","logo":{"@type":"ImageObject","inLanguage":"es","@id":"https:\/\/suvisoshop.com\/#\/schema\/logo\/image\/","url":"http:\/\/suvisoshop.com\/wp-content\/uploads\/2023\/07\/cropped-Relojes-logo-suviso-1.png","contentUrl":"http:\/\/suvisoshop.com\/wp-content\/uploads\/2023\/07\/cropped-Relojes-logo-suviso-1.png","width":532,"height":348,"caption":"Suvisoshop"},"image":{"@id":"https:\/\/suvisoshop.com\/#\/schema\/logo\/image\/"}}]}},"jetpack_sharing_enabled":true,"_links":{"self":[{"href":"https:\/\/suvisoshop.com\/index.php\/wp-json\/wp\/v2\/product\/6242","targetHints":{"allow":["GET"]}}],"collection":[{"href":"https:\/\/suvisoshop.com\/index.php\/wp-json\/wp\/v2\/product"}],"about":[{"href":"https:\/\/suvisoshop.com\/index.php\/wp-json\/wp\/v2\/types\/product"}],"replies":[{"embeddable":true,"href":"https:\/\/suvisoshop.com\/index.php\/wp-json\/wp\/v2\/comments?post=6242"}],"wp:featuredmedia":[{"embeddable":true,"href":"https:\/\/suvisoshop.com\/index.php\/wp-json\/wp\/v2\/media\/6558"}],"wp:attachment":[{"href":"https:\/\/suvisoshop.com\/index.php\/wp-json\/wp\/v2\/media?parent=6242"}],"wp:term":[{"taxonomy":"product_brand","embeddable":true,"href":"https:\/\/suvisoshop.com\/index.php\/wp-json\/wp\/v2\/product_brand?post=6242"},{"taxonomy":"product_cat","embeddable":true,"href":"https:\/\/suvisoshop.com\/index.php\/wp-json\/wp\/v2\/product_cat?post=6242"},{"taxonomy":"product_tag","embeddable":true,"href":"https:\/\/suvisoshop.com\/index.php\/wp-json\/wp\/v2\/product_tag?post=6242"}],"curies":[{"name":"wp","href":"https:\/\/api.w.org\/{rel}","templated":true}]}}