{"id":169,"date":"2018-06-19T13:44:08","date_gmt":"2018-06-19T13:44:08","guid":{"rendered":"http:\/\/suvisoshop.com\/index.php\/product\/typography-teal-printed-tshirt\/"},"modified":"2023-11-04T03:46:49","modified_gmt":"2023-11-04T03:46:49","slug":"typography-teal-printed-tshirt","status":"publish","type":"product","link":"https:\/\/suvisoshop.com\/index.php\/product\/typography-teal-printed-tshirt\/","title":{"rendered":"CT4"},"content":{"rendered":"<div id=\"section1\" class=\"faq accordion-open\">\n<h5>Funciones<\/h5>\n<\/div>\n<div class=\"content\">\n<ul>\n<li>Monitoreo din\u00e1mico de frecuencia card\u00edaca<\/li>\n<li>Seguimiento de 14 modos deportivos (correr al aire libre, caminar en interiores, caminar al aire libre, correr en interiores, ciclismo al aire libre, bicicleta de spinning, cr\u00edquet, senderismo, nataci\u00f3n, nataci\u00f3n abierta, yoga, m\u00e1quina de remo, el\u00edptica, fitness)<\/li>\n<li>Conteo de calor\u00edas<\/li>\n<li>Conteo de pasos<\/li>\n<li>Monitoreo del sue\u00f1o<\/li>\n<li>Alerta sedentaria<\/li>\n<li>Seguimiento de la ovulaci\u00f3n femenina<\/li>\n<li>Gu\u00eda de respiraci\u00f3n<\/li>\n<li>Control de m\u00fasica (bajar y subir el volumen)<\/li>\n<li>Ajuste de brillo autom\u00e1tico<\/li>\n<li>No molestar<\/li>\n<li>Pron\u00f3stico del tiempo<\/li>\n<li>Recordatorio de alcance de objetivo<\/li>\n<li>Monitor de ox\u00edgeno en sangre<\/li>\n<li>Monitor de estr\u00e9s<\/li>\n<li>Recordatorio para beber agua<\/li>\n<li>Cron\u00f3metro \/ Temporizador<\/li>\n<li>Varios diales<\/li>\n<\/ul>\n<p><strong>Compatible w. iOS 9.0+ y Android 6.0+<\/strong><\/p>\n<ul>\n<li>Notificaciones de llamadas<\/li>\n<li>Notificaciones de texto y Whatsapp<\/li>\n<li>Despertador + temporizador<\/li>\n<li>Notificaciones sociales<\/li>\n<li>Alertas de calendario<\/li>\n<li>Rechazo de llamada<\/li>\n<\/ul>\n<div id=\"section2\" class=\"faq accordion-open\">\n<h5>Especificaciones<\/h5>\n<\/div>\n<div class=\"content\">\n<ul>\n<li>MUC: n\u00f3rdico nRF52840<\/li>\n<li>Tama\u00f1o de la pantalla: pantalla a color TFT-LCD de 1,28 \u00ab<\/li>\n<li>Tama\u00f1o de la caja: 47 mm<\/li>\n<li>Sensor: Aceler\u00f3metro Kionix, Laboratorio de silicio de frecuencia card\u00edaca<\/li>\n<li>Pantalla: Pantalla a color &#8211; Full Touch<\/li>\n<li>Material: vidrio 2.5D, carcasa de acero inoxidable, superdelgado de 12 mm<\/li>\n<li>Tiempo de trabajo: 5-10 d\u00edas, 300 mAh<\/li>\n<li>Carga UBS incorporada<\/li>\n<li>Resistente al agua: IP68<\/li>\n<li>Bluetooth: BLE5.0<\/li>\n<\/ul>\n<\/div>\n<\/div>\n","protected":false},"excerpt":{"rendered":"<p>Cubitt Smartwach<\/p>\n","protected":false},"featured_media":5770,"comment_status":"open","ping_status":"closed","template":"","meta":{"site-sidebar-layout":"default","site-content-layout":"default","ast-global-header-display":"","ast-banner-title-visibility":"","ast-main-header-display":"","ast-hfb-above-header-display":"","ast-hfb-below-header-display":"","ast-hfb-mobile-header-display":"","site-post-title":"","ast-breadcrumbs-content":"","ast-featured-img":"","footer-sml-layout":"","theme-transparent-header-meta":"default","adv-header-id-meta":"","stick-header-meta":"","header-above-stick-meta":"","header-main-stick-meta":"","header-below-stick-meta":""},"product_brand":[],"product_cat":[54],"product_tag":[],"class_list":{"0":"post-169","1":"product","2":"type-product","3":"status-publish","4":"has-post-thumbnail","6":"product_cat-cubitt","7":"desktop-align-center","8":"tablet-align-center","9":"mobile-align-center","11":"first","12":"instock","13":"taxable","14":"shipping-taxable","15":"purchasable","16":"product-type-simple"},"yoast_head":"<!-- This site is optimized with the Yoast SEO plugin v27.2 - https:\/\/yoast.com\/product\/yoast-seo-wordpress\/ -->\n<title>CT4 - suvisoshop<\/title>\n<meta name=\"robots\" content=\"index, follow, max-snippet:-1, max-image-preview:large, max-video-preview:-1\" \/>\n<link rel=\"canonical\" href=\"https:\/\/suvisoshop.com\/index.php\/product\/typography-teal-printed-tshirt\/\" \/>\n<meta property=\"og:locale\" content=\"es_ES\" \/>\n<meta property=\"og:type\" content=\"article\" \/>\n<meta property=\"og:title\" content=\"CT4 - suvisoshop\" \/>\n<meta property=\"og:description\" content=\"Cubitt Smartwach\" \/>\n<meta property=\"og:url\" content=\"https:\/\/suvisoshop.com\/index.php\/product\/typography-teal-printed-tshirt\/\" \/>\n<meta property=\"og:site_name\" content=\"suvisoshop\" \/>\n<meta property=\"article:modified_time\" content=\"2023-11-04T03:46:49+00:00\" \/>\n<meta property=\"og:image\" content=\"https:\/\/suvisoshop.com\/wp-content\/uploads\/2018\/06\/R251-01.jpg\" \/>\n\t<meta property=\"og:image:width\" content=\"500\" \/>\n\t<meta property=\"og:image:height\" content=\"500\" \/>\n\t<meta property=\"og:image:type\" content=\"image\/jpeg\" \/>\n<meta name=\"twitter:card\" content=\"summary_large_image\" \/>\n<meta name=\"twitter:label1\" content=\"Tiempo de lectura\" \/>\n\t<meta name=\"twitter:data1\" content=\"1 minuto\" \/>\n<script type=\"application\/ld+json\" class=\"yoast-schema-graph\">{\"@context\":\"https:\/\/schema.org\",\"@graph\":[{\"@type\":\"WebPage\",\"@id\":\"https:\/\/suvisoshop.com\/index.php\/product\/typography-teal-printed-tshirt\/\",\"url\":\"https:\/\/suvisoshop.com\/index.php\/product\/typography-teal-printed-tshirt\/\",\"name\":\"CT4 - suvisoshop\",\"isPartOf\":{\"@id\":\"https:\/\/suvisoshop.com\/#website\"},\"primaryImageOfPage\":{\"@id\":\"https:\/\/suvisoshop.com\/index.php\/product\/typography-teal-printed-tshirt\/#primaryimage\"},\"image\":{\"@id\":\"https:\/\/suvisoshop.com\/index.php\/product\/typography-teal-printed-tshirt\/#primaryimage\"},\"thumbnailUrl\":\"https:\/\/suvisoshop.com\/wp-content\/uploads\/2018\/06\/R251-01.jpg\",\"datePublished\":\"2018-06-19T13:44:08+00:00\",\"dateModified\":\"2023-11-04T03:46:49+00:00\",\"breadcrumb\":{\"@id\":\"https:\/\/suvisoshop.com\/index.php\/product\/typography-teal-printed-tshirt\/#breadcrumb\"},\"inLanguage\":\"es\",\"potentialAction\":[{\"@type\":\"ReadAction\",\"target\":[\"https:\/\/suvisoshop.com\/index.php\/product\/typography-teal-printed-tshirt\/\"]}]},{\"@type\":\"ImageObject\",\"inLanguage\":\"es\",\"@id\":\"https:\/\/suvisoshop.com\/index.php\/product\/typography-teal-printed-tshirt\/#primaryimage\",\"url\":\"https:\/\/suvisoshop.com\/wp-content\/uploads\/2018\/06\/R251-01.jpg\",\"contentUrl\":\"https:\/\/suvisoshop.com\/wp-content\/uploads\/2018\/06\/R251-01.jpg\",\"width\":500,\"height\":500},{\"@type\":\"BreadcrumbList\",\"@id\":\"https:\/\/suvisoshop.com\/index.php\/product\/typography-teal-printed-tshirt\/#breadcrumb\",\"itemListElement\":[{\"@type\":\"ListItem\",\"position\":1,\"name\":\"Shop\",\"item\":\"https:\/\/suvisoshop.com\/index.php\/shop\/\"},{\"@type\":\"ListItem\",\"position\":2,\"name\":\"CT4\"}]},{\"@type\":\"WebSite\",\"@id\":\"https:\/\/suvisoshop.com\/#website\",\"url\":\"https:\/\/suvisoshop.com\/\",\"name\":\"Suvisoshop\",\"description\":\"Cada segundo cuenta.\",\"publisher\":{\"@id\":\"https:\/\/suvisoshop.com\/#organization\"},\"potentialAction\":[{\"@type\":\"SearchAction\",\"target\":{\"@type\":\"EntryPoint\",\"urlTemplate\":\"https:\/\/suvisoshop.com\/?s={search_term_string}\"},\"query-input\":{\"@type\":\"PropertyValueSpecification\",\"valueRequired\":true,\"valueName\":\"search_term_string\"}}],\"inLanguage\":\"es\"},{\"@type\":\"Organization\",\"@id\":\"https:\/\/suvisoshop.com\/#organization\",\"name\":\"Suvisoshop\",\"url\":\"https:\/\/suvisoshop.com\/\",\"logo\":{\"@type\":\"ImageObject\",\"inLanguage\":\"es\",\"@id\":\"https:\/\/suvisoshop.com\/#\/schema\/logo\/image\/\",\"url\":\"http:\/\/suvisoshop.com\/wp-content\/uploads\/2023\/07\/cropped-Relojes-logo-suviso-1.png\",\"contentUrl\":\"http:\/\/suvisoshop.com\/wp-content\/uploads\/2023\/07\/cropped-Relojes-logo-suviso-1.png\",\"width\":532,\"height\":348,\"caption\":\"Suvisoshop\"},\"image\":{\"@id\":\"https:\/\/suvisoshop.com\/#\/schema\/logo\/image\/\"}}]}<\/script>\n<!-- \/ Yoast SEO plugin. -->","yoast_head_json":{"title":"CT4 - suvisoshop","robots":{"index":"index","follow":"follow","max-snippet":"max-snippet:-1","max-image-preview":"max-image-preview:large","max-video-preview":"max-video-preview:-1"},"canonical":"https:\/\/suvisoshop.com\/index.php\/product\/typography-teal-printed-tshirt\/","og_locale":"es_ES","og_type":"article","og_title":"CT4 - suvisoshop","og_description":"Cubitt Smartwach","og_url":"https:\/\/suvisoshop.com\/index.php\/product\/typography-teal-printed-tshirt\/","og_site_name":"suvisoshop","article_modified_time":"2023-11-04T03:46:49+00:00","og_image":[{"width":500,"height":500,"url":"https:\/\/suvisoshop.com\/wp-content\/uploads\/2018\/06\/R251-01.jpg","type":"image\/jpeg"}],"twitter_card":"summary_large_image","twitter_misc":{"Tiempo de lectura":"1 minuto"},"schema":{"@context":"https:\/\/schema.org","@graph":[{"@type":"WebPage","@id":"https:\/\/suvisoshop.com\/index.php\/product\/typography-teal-printed-tshirt\/","url":"https:\/\/suvisoshop.com\/index.php\/product\/typography-teal-printed-tshirt\/","name":"CT4 - suvisoshop","isPartOf":{"@id":"https:\/\/suvisoshop.com\/#website"},"primaryImageOfPage":{"@id":"https:\/\/suvisoshop.com\/index.php\/product\/typography-teal-printed-tshirt\/#primaryimage"},"image":{"@id":"https:\/\/suvisoshop.com\/index.php\/product\/typography-teal-printed-tshirt\/#primaryimage"},"thumbnailUrl":"https:\/\/suvisoshop.com\/wp-content\/uploads\/2018\/06\/R251-01.jpg","datePublished":"2018-06-19T13:44:08+00:00","dateModified":"2023-11-04T03:46:49+00:00","breadcrumb":{"@id":"https:\/\/suvisoshop.com\/index.php\/product\/typography-teal-printed-tshirt\/#breadcrumb"},"inLanguage":"es","potentialAction":[{"@type":"ReadAction","target":["https:\/\/suvisoshop.com\/index.php\/product\/typography-teal-printed-tshirt\/"]}]},{"@type":"ImageObject","inLanguage":"es","@id":"https:\/\/suvisoshop.com\/index.php\/product\/typography-teal-printed-tshirt\/#primaryimage","url":"https:\/\/suvisoshop.com\/wp-content\/uploads\/2018\/06\/R251-01.jpg","contentUrl":"https:\/\/suvisoshop.com\/wp-content\/uploads\/2018\/06\/R251-01.jpg","width":500,"height":500},{"@type":"BreadcrumbList","@id":"https:\/\/suvisoshop.com\/index.php\/product\/typography-teal-printed-tshirt\/#breadcrumb","itemListElement":[{"@type":"ListItem","position":1,"name":"Shop","item":"https:\/\/suvisoshop.com\/index.php\/shop\/"},{"@type":"ListItem","position":2,"name":"CT4"}]},{"@type":"WebSite","@id":"https:\/\/suvisoshop.com\/#website","url":"https:\/\/suvisoshop.com\/","name":"Suvisoshop","description":"Cada segundo cuenta.","publisher":{"@id":"https:\/\/suvisoshop.com\/#organization"},"potentialAction":[{"@type":"SearchAction","target":{"@type":"EntryPoint","urlTemplate":"https:\/\/suvisoshop.com\/?s={search_term_string}"},"query-input":{"@type":"PropertyValueSpecification","valueRequired":true,"valueName":"search_term_string"}}],"inLanguage":"es"},{"@type":"Organization","@id":"https:\/\/suvisoshop.com\/#organization","name":"Suvisoshop","url":"https:\/\/suvisoshop.com\/","logo":{"@type":"ImageObject","inLanguage":"es","@id":"https:\/\/suvisoshop.com\/#\/schema\/logo\/image\/","url":"http:\/\/suvisoshop.com\/wp-content\/uploads\/2023\/07\/cropped-Relojes-logo-suviso-1.png","contentUrl":"http:\/\/suvisoshop.com\/wp-content\/uploads\/2023\/07\/cropped-Relojes-logo-suviso-1.png","width":532,"height":348,"caption":"Suvisoshop"},"image":{"@id":"https:\/\/suvisoshop.com\/#\/schema\/logo\/image\/"}}]}},"jetpack_sharing_enabled":true,"_links":{"self":[{"href":"https:\/\/suvisoshop.com\/index.php\/wp-json\/wp\/v2\/product\/169","targetHints":{"allow":["GET"]}}],"collection":[{"href":"https:\/\/suvisoshop.com\/index.php\/wp-json\/wp\/v2\/product"}],"about":[{"href":"https:\/\/suvisoshop.com\/index.php\/wp-json\/wp\/v2\/types\/product"}],"replies":[{"embeddable":true,"href":"https:\/\/suvisoshop.com\/index.php\/wp-json\/wp\/v2\/comments?post=169"}],"wp:featuredmedia":[{"embeddable":true,"href":"https:\/\/suvisoshop.com\/index.php\/wp-json\/wp\/v2\/media\/5770"}],"wp:attachment":[{"href":"https:\/\/suvisoshop.com\/index.php\/wp-json\/wp\/v2\/media?parent=169"}],"wp:term":[{"taxonomy":"product_brand","embeddable":true,"href":"https:\/\/suvisoshop.com\/index.php\/wp-json\/wp\/v2\/product_brand?post=169"},{"taxonomy":"product_cat","embeddable":true,"href":"https:\/\/suvisoshop.com\/index.php\/wp-json\/wp\/v2\/product_cat?post=169"},{"taxonomy":"product_tag","embeddable":true,"href":"https:\/\/suvisoshop.com\/index.php\/wp-json\/wp\/v2\/product_tag?post=169"}],"curies":[{"name":"wp","href":"https:\/\/api.w.org\/{rel}","templated":true}]}}