{"id":11031,"date":"2026-01-07T14:16:56","date_gmt":"2026-01-07T14:16:56","guid":{"rendered":"https:\/\/suvisoshop.com\/?post_type=product&#038;p=11031"},"modified":"2026-02-02T00:03:43","modified_gmt":"2026-02-02T00:03:43","slug":"poedagar-silver-green-h672","status":"publish","type":"product","link":"https:\/\/suvisoshop.com\/index.php\/product\/poedagar-silver-green-h672\/","title":{"rendered":"Poedagar Silver Green H672"},"content":{"rendered":"<p>Elegancia, funcionalidad y estilo reunidos en un reloj ideal para el uso diario o para regalar. El modelo POEDAGAR 672 combina dise\u00f1o moderno con materiales resistentes, perfecto para quienes buscan destacar con un accesorio de calidad sin pagar de m\u00e1s.<\/p>\n<ul>\n<li>Reloj para caballero<\/li>\n<li>Movimiento Original funcionamiento de cuarzo<\/li>\n<li>Dial verde<\/li>\n<li>Material de la caja y Correa en Acero inoxidable<\/li>\n<li>Hebilla cierre Mariposa<\/li>\n<li>Indicador de d\u00eda<\/li>\n<li>Vidrio Hardlex de alta dureza<\/li>\n<li>Di\u00e1metro de la Caja 40mm<\/li>\n<li>Grosor de la caja: 11 mm<\/li>\n<li>longitud de la correa 24cm<\/li>\n<li>Resistencia al agua: 3ATM Este reloj tiene una resistencia de 3ATM, lo que significa que soporta hasta 3 atm\u00f3sferas de presi\u00f3n Significa protecci\u00f3n contra la humedad: es seguro frente a salpicaduras, lluvia o al lavarse las manos. No es apto para ducharse, nadar, bucear ni realizar actividades en contacto directo y prolongado con el agua.<\/li>\n<\/ul>\n<ul>\n<li>IMPORTANTE: Entrega de 12 a 15 d\u00edas H\u00e1biles<\/li>\n<\/ul>\n","protected":false},"excerpt":{"rendered":"<p>Elegancia, funcionalidad y estilo reunidos en un reloj ideal para el uso diario o para regalar. El modelo POEDAGAR 672 combina dise\u00f1o moderno con materiales resistentes, perfecto para quienes buscan destacar con un accesorio de calidad sin pagar de m\u00e1s. Reloj para caballero Movimiento Original funcionamiento de cuarzo Dial verde Material de la caja y &hellip;<\/p>\n<p class=\"read-more\"> <a class=\"\" href=\"https:\/\/suvisoshop.com\/index.php\/product\/poedagar-silver-green-h672\/\"> <span class=\"screen-reader-text\">Poedagar Silver Green H672<\/span> Leer m\u00e1s &raquo;<\/a><\/p>\n","protected":false},"featured_media":11040,"comment_status":"open","ping_status":"closed","template":"","meta":{"site-sidebar-layout":"default","site-content-layout":"default","ast-global-header-display":"","ast-banner-title-visibility":"","ast-main-header-display":"","ast-hfb-above-header-display":"","ast-hfb-below-header-display":"","ast-hfb-mobile-header-display":"","site-post-title":"","ast-breadcrumbs-content":"","ast-featured-img":"","footer-sml-layout":"","theme-transparent-header-meta":"default","adv-header-id-meta":"","stick-header-meta":"","header-above-stick-meta":"","header-main-stick-meta":"","header-below-stick-meta":""},"product_brand":[],"product_cat":[65,75],"product_tag":[74,72,73],"class_list":{"0":"post-11031","1":"product","2":"type-product","3":"status-publish","4":"has-post-thumbnail","6":"product_cat-para-ellos","7":"product_cat-poedagar","8":"product_tag-joyas","9":"product_tag-poedagar","10":"product_tag-relojes-de-lujo","11":"desktop-align-center","12":"tablet-align-center","13":"mobile-align-center","15":"first","16":"outofstock","17":"taxable","18":"shipping-taxable","19":"purchasable","20":"product-type-simple"},"yoast_head":"<!-- This site is optimized with the Yoast SEO plugin v27.2 - https:\/\/yoast.com\/product\/yoast-seo-wordpress\/ -->\n<title>Poedagar Silver Green H672 - suvisoshop<\/title>\n<meta name=\"robots\" content=\"index, follow, max-snippet:-1, max-image-preview:large, max-video-preview:-1\" \/>\n<link rel=\"canonical\" href=\"https:\/\/suvisoshop.com\/index.php\/product\/poedagar-silver-green-h672\/\" \/>\n<meta property=\"og:locale\" content=\"es_ES\" \/>\n<meta property=\"og:type\" content=\"article\" \/>\n<meta property=\"og:title\" content=\"Poedagar Silver Green H672 - suvisoshop\" \/>\n<meta property=\"og:description\" content=\"Elegancia, funcionalidad y estilo reunidos en un reloj ideal para el uso diario o para regalar. El modelo POEDAGAR 672 combina dise\u00f1o moderno con materiales resistentes, perfecto para quienes buscan destacar con un accesorio de calidad sin pagar de m\u00e1s. Reloj para caballero Movimiento Original funcionamiento de cuarzo Dial verde Material de la caja y &hellip; Poedagar Silver Green H672 Leer m\u00e1s &raquo;\" \/>\n<meta property=\"og:url\" content=\"https:\/\/suvisoshop.com\/index.php\/product\/poedagar-silver-green-h672\/\" \/>\n<meta property=\"og:site_name\" content=\"suvisoshop\" \/>\n<meta property=\"article:modified_time\" content=\"2026-02-02T00:03:43+00:00\" \/>\n<meta property=\"og:image\" content=\"https:\/\/suvisoshop.com\/wp-content\/uploads\/2026\/01\/Diseno-sin-titulo-21.png\" \/>\n\t<meta property=\"og:image:width\" content=\"1080\" \/>\n\t<meta property=\"og:image:height\" content=\"1080\" \/>\n\t<meta property=\"og:image:type\" content=\"image\/png\" \/>\n<meta name=\"twitter:card\" content=\"summary_large_image\" \/>\n<meta name=\"twitter:label1\" content=\"Tiempo de lectura\" \/>\n\t<meta name=\"twitter:data1\" content=\"1 minuto\" \/>\n<script type=\"application\/ld+json\" class=\"yoast-schema-graph\">{\"@context\":\"https:\/\/schema.org\",\"@graph\":[{\"@type\":\"WebPage\",\"@id\":\"https:\/\/suvisoshop.com\/index.php\/product\/poedagar-silver-green-h672\/\",\"url\":\"https:\/\/suvisoshop.com\/index.php\/product\/poedagar-silver-green-h672\/\",\"name\":\"Poedagar Silver Green H672 - suvisoshop\",\"isPartOf\":{\"@id\":\"https:\/\/suvisoshop.com\/#website\"},\"primaryImageOfPage\":{\"@id\":\"https:\/\/suvisoshop.com\/index.php\/product\/poedagar-silver-green-h672\/#primaryimage\"},\"image\":{\"@id\":\"https:\/\/suvisoshop.com\/index.php\/product\/poedagar-silver-green-h672\/#primaryimage\"},\"thumbnailUrl\":\"https:\/\/suvisoshop.com\/wp-content\/uploads\/2026\/01\/Diseno-sin-titulo-21.png\",\"datePublished\":\"2026-01-07T14:16:56+00:00\",\"dateModified\":\"2026-02-02T00:03:43+00:00\",\"breadcrumb\":{\"@id\":\"https:\/\/suvisoshop.com\/index.php\/product\/poedagar-silver-green-h672\/#breadcrumb\"},\"inLanguage\":\"es\",\"potentialAction\":[{\"@type\":\"ReadAction\",\"target\":[\"https:\/\/suvisoshop.com\/index.php\/product\/poedagar-silver-green-h672\/\"]}]},{\"@type\":\"ImageObject\",\"inLanguage\":\"es\",\"@id\":\"https:\/\/suvisoshop.com\/index.php\/product\/poedagar-silver-green-h672\/#primaryimage\",\"url\":\"https:\/\/suvisoshop.com\/wp-content\/uploads\/2026\/01\/Diseno-sin-titulo-21.png\",\"contentUrl\":\"https:\/\/suvisoshop.com\/wp-content\/uploads\/2026\/01\/Diseno-sin-titulo-21.png\",\"width\":1080,\"height\":1080},{\"@type\":\"BreadcrumbList\",\"@id\":\"https:\/\/suvisoshop.com\/index.php\/product\/poedagar-silver-green-h672\/#breadcrumb\",\"itemListElement\":[{\"@type\":\"ListItem\",\"position\":1,\"name\":\"Shop\",\"item\":\"https:\/\/suvisoshop.com\/index.php\/shop\/\"},{\"@type\":\"ListItem\",\"position\":2,\"name\":\"Poedagar Silver Green H672\"}]},{\"@type\":\"WebSite\",\"@id\":\"https:\/\/suvisoshop.com\/#website\",\"url\":\"https:\/\/suvisoshop.com\/\",\"name\":\"Suvisoshop\",\"description\":\"Cada segundo cuenta.\",\"publisher\":{\"@id\":\"https:\/\/suvisoshop.com\/#organization\"},\"potentialAction\":[{\"@type\":\"SearchAction\",\"target\":{\"@type\":\"EntryPoint\",\"urlTemplate\":\"https:\/\/suvisoshop.com\/?s={search_term_string}\"},\"query-input\":{\"@type\":\"PropertyValueSpecification\",\"valueRequired\":true,\"valueName\":\"search_term_string\"}}],\"inLanguage\":\"es\"},{\"@type\":\"Organization\",\"@id\":\"https:\/\/suvisoshop.com\/#organization\",\"name\":\"Suvisoshop\",\"url\":\"https:\/\/suvisoshop.com\/\",\"logo\":{\"@type\":\"ImageObject\",\"inLanguage\":\"es\",\"@id\":\"https:\/\/suvisoshop.com\/#\/schema\/logo\/image\/\",\"url\":\"http:\/\/suvisoshop.com\/wp-content\/uploads\/2023\/07\/cropped-Relojes-logo-suviso-1.png\",\"contentUrl\":\"http:\/\/suvisoshop.com\/wp-content\/uploads\/2023\/07\/cropped-Relojes-logo-suviso-1.png\",\"width\":532,\"height\":348,\"caption\":\"Suvisoshop\"},\"image\":{\"@id\":\"https:\/\/suvisoshop.com\/#\/schema\/logo\/image\/\"}}]}<\/script>\n<!-- \/ Yoast SEO plugin. -->","yoast_head_json":{"title":"Poedagar Silver Green H672 - suvisoshop","robots":{"index":"index","follow":"follow","max-snippet":"max-snippet:-1","max-image-preview":"max-image-preview:large","max-video-preview":"max-video-preview:-1"},"canonical":"https:\/\/suvisoshop.com\/index.php\/product\/poedagar-silver-green-h672\/","og_locale":"es_ES","og_type":"article","og_title":"Poedagar Silver Green H672 - suvisoshop","og_description":"Elegancia, funcionalidad y estilo reunidos en un reloj ideal para el uso diario o para regalar. El modelo POEDAGAR 672 combina dise\u00f1o moderno con materiales resistentes, perfecto para quienes buscan destacar con un accesorio de calidad sin pagar de m\u00e1s. Reloj para caballero Movimiento Original funcionamiento de cuarzo Dial verde Material de la caja y &hellip; Poedagar Silver Green H672 Leer m\u00e1s &raquo;","og_url":"https:\/\/suvisoshop.com\/index.php\/product\/poedagar-silver-green-h672\/","og_site_name":"suvisoshop","article_modified_time":"2026-02-02T00:03:43+00:00","og_image":[{"width":1080,"height":1080,"url":"https:\/\/suvisoshop.com\/wp-content\/uploads\/2026\/01\/Diseno-sin-titulo-21.png","type":"image\/png"}],"twitter_card":"summary_large_image","twitter_misc":{"Tiempo de lectura":"1 minuto"},"schema":{"@context":"https:\/\/schema.org","@graph":[{"@type":"WebPage","@id":"https:\/\/suvisoshop.com\/index.php\/product\/poedagar-silver-green-h672\/","url":"https:\/\/suvisoshop.com\/index.php\/product\/poedagar-silver-green-h672\/","name":"Poedagar Silver Green H672 - suvisoshop","isPartOf":{"@id":"https:\/\/suvisoshop.com\/#website"},"primaryImageOfPage":{"@id":"https:\/\/suvisoshop.com\/index.php\/product\/poedagar-silver-green-h672\/#primaryimage"},"image":{"@id":"https:\/\/suvisoshop.com\/index.php\/product\/poedagar-silver-green-h672\/#primaryimage"},"thumbnailUrl":"https:\/\/suvisoshop.com\/wp-content\/uploads\/2026\/01\/Diseno-sin-titulo-21.png","datePublished":"2026-01-07T14:16:56+00:00","dateModified":"2026-02-02T00:03:43+00:00","breadcrumb":{"@id":"https:\/\/suvisoshop.com\/index.php\/product\/poedagar-silver-green-h672\/#breadcrumb"},"inLanguage":"es","potentialAction":[{"@type":"ReadAction","target":["https:\/\/suvisoshop.com\/index.php\/product\/poedagar-silver-green-h672\/"]}]},{"@type":"ImageObject","inLanguage":"es","@id":"https:\/\/suvisoshop.com\/index.php\/product\/poedagar-silver-green-h672\/#primaryimage","url":"https:\/\/suvisoshop.com\/wp-content\/uploads\/2026\/01\/Diseno-sin-titulo-21.png","contentUrl":"https:\/\/suvisoshop.com\/wp-content\/uploads\/2026\/01\/Diseno-sin-titulo-21.png","width":1080,"height":1080},{"@type":"BreadcrumbList","@id":"https:\/\/suvisoshop.com\/index.php\/product\/poedagar-silver-green-h672\/#breadcrumb","itemListElement":[{"@type":"ListItem","position":1,"name":"Shop","item":"https:\/\/suvisoshop.com\/index.php\/shop\/"},{"@type":"ListItem","position":2,"name":"Poedagar Silver Green H672"}]},{"@type":"WebSite","@id":"https:\/\/suvisoshop.com\/#website","url":"https:\/\/suvisoshop.com\/","name":"Suvisoshop","description":"Cada segundo cuenta.","publisher":{"@id":"https:\/\/suvisoshop.com\/#organization"},"potentialAction":[{"@type":"SearchAction","target":{"@type":"EntryPoint","urlTemplate":"https:\/\/suvisoshop.com\/?s={search_term_string}"},"query-input":{"@type":"PropertyValueSpecification","valueRequired":true,"valueName":"search_term_string"}}],"inLanguage":"es"},{"@type":"Organization","@id":"https:\/\/suvisoshop.com\/#organization","name":"Suvisoshop","url":"https:\/\/suvisoshop.com\/","logo":{"@type":"ImageObject","inLanguage":"es","@id":"https:\/\/suvisoshop.com\/#\/schema\/logo\/image\/","url":"http:\/\/suvisoshop.com\/wp-content\/uploads\/2023\/07\/cropped-Relojes-logo-suviso-1.png","contentUrl":"http:\/\/suvisoshop.com\/wp-content\/uploads\/2023\/07\/cropped-Relojes-logo-suviso-1.png","width":532,"height":348,"caption":"Suvisoshop"},"image":{"@id":"https:\/\/suvisoshop.com\/#\/schema\/logo\/image\/"}}]}},"jetpack_sharing_enabled":true,"_links":{"self":[{"href":"https:\/\/suvisoshop.com\/index.php\/wp-json\/wp\/v2\/product\/11031","targetHints":{"allow":["GET"]}}],"collection":[{"href":"https:\/\/suvisoshop.com\/index.php\/wp-json\/wp\/v2\/product"}],"about":[{"href":"https:\/\/suvisoshop.com\/index.php\/wp-json\/wp\/v2\/types\/product"}],"replies":[{"embeddable":true,"href":"https:\/\/suvisoshop.com\/index.php\/wp-json\/wp\/v2\/comments?post=11031"}],"wp:featuredmedia":[{"embeddable":true,"href":"https:\/\/suvisoshop.com\/index.php\/wp-json\/wp\/v2\/media\/11040"}],"wp:attachment":[{"href":"https:\/\/suvisoshop.com\/index.php\/wp-json\/wp\/v2\/media?parent=11031"}],"wp:term":[{"taxonomy":"product_brand","embeddable":true,"href":"https:\/\/suvisoshop.com\/index.php\/wp-json\/wp\/v2\/product_brand?post=11031"},{"taxonomy":"product_cat","embeddable":true,"href":"https:\/\/suvisoshop.com\/index.php\/wp-json\/wp\/v2\/product_cat?post=11031"},{"taxonomy":"product_tag","embeddable":true,"href":"https:\/\/suvisoshop.com\/index.php\/wp-json\/wp\/v2\/product_tag?post=11031"}],"curies":[{"name":"wp","href":"https:\/\/api.w.org\/{rel}","templated":true}]}}