{"id":10874,"date":"2025-07-03T03:10:50","date_gmt":"2025-07-03T03:10:50","guid":{"rendered":"http:\/\/suvisoshop.com\/?post_type=product&#038;p=10874"},"modified":"2025-07-14T03:36:20","modified_gmt":"2025-07-14T03:36:20","slug":"dwe-5600jb-1a9","status":"publish","type":"product","link":"https:\/\/suvisoshop.com\/index.php\/product\/dwe-5600jb-1a9\/","title":{"rendered":"DWE-5600JB-1A9"},"content":{"rendered":"<ul>\n<li><strong>Cron\u00f3metro<\/strong>\u00a0de 1\/100 segundos<br \/>\nCapacidad de medici\u00f3n: 00&#8217;00&#8243;00~59&#8217;59&#8243;99 (durante los primeros 60 minutos)<br \/>\n1:00&#8217;00~23:59&#8217;59 (despu\u00e9s de 60 minutos)<br \/>\nUnidad de medici\u00f3n: 1\/100 segundos (durante los primeros 60 minutos)<br \/>\n1 segundo (despu\u00e9s de 60 minutos)<br \/>\nModos de medici\u00f3n: Tiempo transcurrido, fracci\u00f3n de tiempo y tiempo del primer y segundo puesto.<\/li>\n<li>Temporizador de cuenta atr\u00e1s<br \/>\nUnidad de medici\u00f3n: 1\u00a0segundo<br \/>\nIntervalo de cuenta atr\u00e1s: 24\u00a0horas<br \/>\nRango de ajuste de la hora de inicio de la cuenta atr\u00e1s: Entre 1\u00a0segundo y 24\u00a0horas (incrementos de 1\u00a0segundo, de 1\u00a0minuto y de 1\u00a0hora)<br \/>\nOtros: Repetici\u00f3n autom\u00e1tica<\/li>\n<li><strong>Alarma \/ se\u00f1al de hora: <\/strong>Se\u00f1al de hora<br \/>\nAlarma multifunci\u00f3n<\/li>\n<li><strong>Funci\u00f3n de alerta con luz: <\/strong>Alerta luminosa<br \/>\nParpadea con una se\u00f1al ac\u00fastica que suena para las alarmas y se\u00f1ales de hora<\/li>\n<li><strong>Iluminaci\u00f3n: <\/strong>Luminosidad de retroiluminaci\u00f3n electroluminiscente<\/li>\n<li><strong>Calendario: <\/strong>autom\u00e1tico completo (hasta el a\u00f1o 2099)<strong>-Precisi\u00f3n: <\/strong>\u00b115 segundos al mes<\/li>\n<li>Formato de 12 y 24 horas<br \/>\nIndicaci\u00f3n de la hora normal:<br \/>\nhora, minutos, segundos, p.m., mes, fecha y d\u00eda<\/li>\n<li><strong>Tama\u00f1o de la carcasa: <\/strong>48.9 \u00d7 43.8 \u00d7 13.7 mm<\/li>\n<li><strong style=\"font-size: 16px;\">Peso: <\/strong><span style=\"font-size: 16px;\">54 g<\/span><\/li>\n<li><strong style=\"font-size: 16px;\">Material de la carcasa y el marco: <\/strong><span style=\"font-size: 16px;\">Resina<\/span><\/li>\n<li><b>Material de la correa: <\/b>Resina<\/li>\n<li>Resistente a impactos<\/li>\n<li>Estructura Carbon Core Guard<\/li>\n<li>Resistencia al agua de 200 m<\/li>\n<\/ul>\n","protected":false},"excerpt":{"rendered":"<p>Cron\u00f3metro\u00a0de 1\/100 segundos Capacidad de medici\u00f3n: 00&#8217;00&#8243;00~59&#8217;59&#8243;99 (durante los primeros 60 minutos) 1:00&#8217;00~23:59&#8217;59 (despu\u00e9s de 60 minutos) Unidad de medici\u00f3n: 1\/100 segundos (durante los primeros 60 minutos) 1 segundo (despu\u00e9s de 60 minutos) Modos de medici\u00f3n: Tiempo transcurrido, fracci\u00f3n de tiempo y tiempo del primer y segundo puesto. Temporizador de cuenta atr\u00e1s Unidad de medici\u00f3n: &hellip;<\/p>\n<p class=\"read-more\"> <a class=\"\" href=\"https:\/\/suvisoshop.com\/index.php\/product\/dwe-5600jb-1a9\/\"> <span class=\"screen-reader-text\">DWE-5600JB-1A9<\/span> Leer m\u00e1s &raquo;<\/a><\/p>\n","protected":false},"featured_media":10876,"comment_status":"open","ping_status":"closed","template":"","meta":{"site-sidebar-layout":"default","site-content-layout":"default","ast-global-header-display":"","ast-banner-title-visibility":"","ast-main-header-display":"","ast-hfb-above-header-display":"","ast-hfb-below-header-display":"","ast-hfb-mobile-header-display":"","site-post-title":"","ast-breadcrumbs-content":"","ast-featured-img":"","footer-sml-layout":"","theme-transparent-header-meta":"default","adv-header-id-meta":"","stick-header-meta":"","header-above-stick-meta":"","header-main-stick-meta":"","header-below-stick-meta":""},"product_brand":[],"product_cat":[59],"product_tag":[],"class_list":{"0":"post-10874","1":"product","2":"type-product","3":"status-publish","4":"has-post-thumbnail","6":"product_cat-g-shock","7":"desktop-align-center","8":"tablet-align-center","9":"mobile-align-center","11":"first","12":"instock","13":"taxable","14":"shipping-taxable","15":"purchasable","16":"product-type-simple"},"yoast_head":"<!-- This site is optimized with the Yoast SEO plugin v27.2 - https:\/\/yoast.com\/product\/yoast-seo-wordpress\/ -->\n<title>DWE-5600JB-1A9 - suvisoshop<\/title>\n<meta name=\"robots\" content=\"index, follow, max-snippet:-1, max-image-preview:large, max-video-preview:-1\" \/>\n<link rel=\"canonical\" href=\"https:\/\/suvisoshop.com\/index.php\/product\/dwe-5600jb-1a9\/\" \/>\n<meta property=\"og:locale\" content=\"es_ES\" \/>\n<meta property=\"og:type\" content=\"article\" \/>\n<meta property=\"og:title\" content=\"DWE-5600JB-1A9 - suvisoshop\" \/>\n<meta property=\"og:description\" content=\"Cron\u00f3metro\u00a0de 1\/100 segundos Capacidad de medici\u00f3n: 00&#8217;00&#8243;00~59&#8217;59&#8243;99 (durante los primeros 60 minutos) 1:00&#8217;00~23:59&#8217;59 (despu\u00e9s de 60 minutos) Unidad de medici\u00f3n: 1\/100 segundos (durante los primeros 60 minutos) 1 segundo (despu\u00e9s de 60 minutos) Modos de medici\u00f3n: Tiempo transcurrido, fracci\u00f3n de tiempo y tiempo del primer y segundo puesto. Temporizador de cuenta atr\u00e1s Unidad de medici\u00f3n: &hellip; DWE-5600JB-1A9 Leer m\u00e1s &raquo;\" \/>\n<meta property=\"og:url\" content=\"https:\/\/suvisoshop.com\/index.php\/product\/dwe-5600jb-1a9\/\" \/>\n<meta property=\"og:site_name\" content=\"suvisoshop\" \/>\n<meta property=\"article:modified_time\" content=\"2025-07-14T03:36:20+00:00\" \/>\n<meta property=\"og:image\" content=\"https:\/\/suvisoshop.com\/wp-content\/uploads\/2025\/07\/DWE-5600JB-1A9.png\" \/>\n\t<meta property=\"og:image:width\" content=\"1080\" \/>\n\t<meta property=\"og:image:height\" content=\"1080\" \/>\n\t<meta property=\"og:image:type\" content=\"image\/png\" \/>\n<meta name=\"twitter:card\" content=\"summary_large_image\" \/>\n<meta name=\"twitter:label1\" content=\"Tiempo de lectura\" \/>\n\t<meta name=\"twitter:data1\" content=\"2 minutos\" \/>\n<script type=\"application\/ld+json\" class=\"yoast-schema-graph\">{\"@context\":\"https:\/\/schema.org\",\"@graph\":[{\"@type\":\"WebPage\",\"@id\":\"https:\/\/suvisoshop.com\/index.php\/product\/dwe-5600jb-1a9\/\",\"url\":\"https:\/\/suvisoshop.com\/index.php\/product\/dwe-5600jb-1a9\/\",\"name\":\"DWE-5600JB-1A9 - suvisoshop\",\"isPartOf\":{\"@id\":\"https:\/\/suvisoshop.com\/#website\"},\"primaryImageOfPage\":{\"@id\":\"https:\/\/suvisoshop.com\/index.php\/product\/dwe-5600jb-1a9\/#primaryimage\"},\"image\":{\"@id\":\"https:\/\/suvisoshop.com\/index.php\/product\/dwe-5600jb-1a9\/#primaryimage\"},\"thumbnailUrl\":\"https:\/\/suvisoshop.com\/wp-content\/uploads\/2025\/07\/DWE-5600JB-1A9.png\",\"datePublished\":\"2025-07-03T03:10:50+00:00\",\"dateModified\":\"2025-07-14T03:36:20+00:00\",\"breadcrumb\":{\"@id\":\"https:\/\/suvisoshop.com\/index.php\/product\/dwe-5600jb-1a9\/#breadcrumb\"},\"inLanguage\":\"es\",\"potentialAction\":[{\"@type\":\"ReadAction\",\"target\":[\"https:\/\/suvisoshop.com\/index.php\/product\/dwe-5600jb-1a9\/\"]}]},{\"@type\":\"ImageObject\",\"inLanguage\":\"es\",\"@id\":\"https:\/\/suvisoshop.com\/index.php\/product\/dwe-5600jb-1a9\/#primaryimage\",\"url\":\"https:\/\/suvisoshop.com\/wp-content\/uploads\/2025\/07\/DWE-5600JB-1A9.png\",\"contentUrl\":\"https:\/\/suvisoshop.com\/wp-content\/uploads\/2025\/07\/DWE-5600JB-1A9.png\",\"width\":1080,\"height\":1080},{\"@type\":\"BreadcrumbList\",\"@id\":\"https:\/\/suvisoshop.com\/index.php\/product\/dwe-5600jb-1a9\/#breadcrumb\",\"itemListElement\":[{\"@type\":\"ListItem\",\"position\":1,\"name\":\"Shop\",\"item\":\"https:\/\/suvisoshop.com\/index.php\/shop\/\"},{\"@type\":\"ListItem\",\"position\":2,\"name\":\"DWE-5600JB-1A9\"}]},{\"@type\":\"WebSite\",\"@id\":\"https:\/\/suvisoshop.com\/#website\",\"url\":\"https:\/\/suvisoshop.com\/\",\"name\":\"Suvisoshop\",\"description\":\"Cada segundo cuenta.\",\"publisher\":{\"@id\":\"https:\/\/suvisoshop.com\/#organization\"},\"potentialAction\":[{\"@type\":\"SearchAction\",\"target\":{\"@type\":\"EntryPoint\",\"urlTemplate\":\"https:\/\/suvisoshop.com\/?s={search_term_string}\"},\"query-input\":{\"@type\":\"PropertyValueSpecification\",\"valueRequired\":true,\"valueName\":\"search_term_string\"}}],\"inLanguage\":\"es\"},{\"@type\":\"Organization\",\"@id\":\"https:\/\/suvisoshop.com\/#organization\",\"name\":\"Suvisoshop\",\"url\":\"https:\/\/suvisoshop.com\/\",\"logo\":{\"@type\":\"ImageObject\",\"inLanguage\":\"es\",\"@id\":\"https:\/\/suvisoshop.com\/#\/schema\/logo\/image\/\",\"url\":\"http:\/\/suvisoshop.com\/wp-content\/uploads\/2023\/07\/cropped-Relojes-logo-suviso-1.png\",\"contentUrl\":\"http:\/\/suvisoshop.com\/wp-content\/uploads\/2023\/07\/cropped-Relojes-logo-suviso-1.png\",\"width\":532,\"height\":348,\"caption\":\"Suvisoshop\"},\"image\":{\"@id\":\"https:\/\/suvisoshop.com\/#\/schema\/logo\/image\/\"}}]}<\/script>\n<!-- \/ Yoast SEO plugin. -->","yoast_head_json":{"title":"DWE-5600JB-1A9 - suvisoshop","robots":{"index":"index","follow":"follow","max-snippet":"max-snippet:-1","max-image-preview":"max-image-preview:large","max-video-preview":"max-video-preview:-1"},"canonical":"https:\/\/suvisoshop.com\/index.php\/product\/dwe-5600jb-1a9\/","og_locale":"es_ES","og_type":"article","og_title":"DWE-5600JB-1A9 - suvisoshop","og_description":"Cron\u00f3metro\u00a0de 1\/100 segundos Capacidad de medici\u00f3n: 00&#8217;00&#8243;00~59&#8217;59&#8243;99 (durante los primeros 60 minutos) 1:00&#8217;00~23:59&#8217;59 (despu\u00e9s de 60 minutos) Unidad de medici\u00f3n: 1\/100 segundos (durante los primeros 60 minutos) 1 segundo (despu\u00e9s de 60 minutos) Modos de medici\u00f3n: Tiempo transcurrido, fracci\u00f3n de tiempo y tiempo del primer y segundo puesto. Temporizador de cuenta atr\u00e1s Unidad de medici\u00f3n: &hellip; DWE-5600JB-1A9 Leer m\u00e1s &raquo;","og_url":"https:\/\/suvisoshop.com\/index.php\/product\/dwe-5600jb-1a9\/","og_site_name":"suvisoshop","article_modified_time":"2025-07-14T03:36:20+00:00","og_image":[{"width":1080,"height":1080,"url":"https:\/\/suvisoshop.com\/wp-content\/uploads\/2025\/07\/DWE-5600JB-1A9.png","type":"image\/png"}],"twitter_card":"summary_large_image","twitter_misc":{"Tiempo de lectura":"2 minutos"},"schema":{"@context":"https:\/\/schema.org","@graph":[{"@type":"WebPage","@id":"https:\/\/suvisoshop.com\/index.php\/product\/dwe-5600jb-1a9\/","url":"https:\/\/suvisoshop.com\/index.php\/product\/dwe-5600jb-1a9\/","name":"DWE-5600JB-1A9 - suvisoshop","isPartOf":{"@id":"https:\/\/suvisoshop.com\/#website"},"primaryImageOfPage":{"@id":"https:\/\/suvisoshop.com\/index.php\/product\/dwe-5600jb-1a9\/#primaryimage"},"image":{"@id":"https:\/\/suvisoshop.com\/index.php\/product\/dwe-5600jb-1a9\/#primaryimage"},"thumbnailUrl":"https:\/\/suvisoshop.com\/wp-content\/uploads\/2025\/07\/DWE-5600JB-1A9.png","datePublished":"2025-07-03T03:10:50+00:00","dateModified":"2025-07-14T03:36:20+00:00","breadcrumb":{"@id":"https:\/\/suvisoshop.com\/index.php\/product\/dwe-5600jb-1a9\/#breadcrumb"},"inLanguage":"es","potentialAction":[{"@type":"ReadAction","target":["https:\/\/suvisoshop.com\/index.php\/product\/dwe-5600jb-1a9\/"]}]},{"@type":"ImageObject","inLanguage":"es","@id":"https:\/\/suvisoshop.com\/index.php\/product\/dwe-5600jb-1a9\/#primaryimage","url":"https:\/\/suvisoshop.com\/wp-content\/uploads\/2025\/07\/DWE-5600JB-1A9.png","contentUrl":"https:\/\/suvisoshop.com\/wp-content\/uploads\/2025\/07\/DWE-5600JB-1A9.png","width":1080,"height":1080},{"@type":"BreadcrumbList","@id":"https:\/\/suvisoshop.com\/index.php\/product\/dwe-5600jb-1a9\/#breadcrumb","itemListElement":[{"@type":"ListItem","position":1,"name":"Shop","item":"https:\/\/suvisoshop.com\/index.php\/shop\/"},{"@type":"ListItem","position":2,"name":"DWE-5600JB-1A9"}]},{"@type":"WebSite","@id":"https:\/\/suvisoshop.com\/#website","url":"https:\/\/suvisoshop.com\/","name":"Suvisoshop","description":"Cada segundo cuenta.","publisher":{"@id":"https:\/\/suvisoshop.com\/#organization"},"potentialAction":[{"@type":"SearchAction","target":{"@type":"EntryPoint","urlTemplate":"https:\/\/suvisoshop.com\/?s={search_term_string}"},"query-input":{"@type":"PropertyValueSpecification","valueRequired":true,"valueName":"search_term_string"}}],"inLanguage":"es"},{"@type":"Organization","@id":"https:\/\/suvisoshop.com\/#organization","name":"Suvisoshop","url":"https:\/\/suvisoshop.com\/","logo":{"@type":"ImageObject","inLanguage":"es","@id":"https:\/\/suvisoshop.com\/#\/schema\/logo\/image\/","url":"http:\/\/suvisoshop.com\/wp-content\/uploads\/2023\/07\/cropped-Relojes-logo-suviso-1.png","contentUrl":"http:\/\/suvisoshop.com\/wp-content\/uploads\/2023\/07\/cropped-Relojes-logo-suviso-1.png","width":532,"height":348,"caption":"Suvisoshop"},"image":{"@id":"https:\/\/suvisoshop.com\/#\/schema\/logo\/image\/"}}]}},"jetpack_sharing_enabled":true,"_links":{"self":[{"href":"https:\/\/suvisoshop.com\/index.php\/wp-json\/wp\/v2\/product\/10874","targetHints":{"allow":["GET"]}}],"collection":[{"href":"https:\/\/suvisoshop.com\/index.php\/wp-json\/wp\/v2\/product"}],"about":[{"href":"https:\/\/suvisoshop.com\/index.php\/wp-json\/wp\/v2\/types\/product"}],"replies":[{"embeddable":true,"href":"https:\/\/suvisoshop.com\/index.php\/wp-json\/wp\/v2\/comments?post=10874"}],"wp:featuredmedia":[{"embeddable":true,"href":"https:\/\/suvisoshop.com\/index.php\/wp-json\/wp\/v2\/media\/10876"}],"wp:attachment":[{"href":"https:\/\/suvisoshop.com\/index.php\/wp-json\/wp\/v2\/media?parent=10874"}],"wp:term":[{"taxonomy":"product_brand","embeddable":true,"href":"https:\/\/suvisoshop.com\/index.php\/wp-json\/wp\/v2\/product_brand?post=10874"},{"taxonomy":"product_cat","embeddable":true,"href":"https:\/\/suvisoshop.com\/index.php\/wp-json\/wp\/v2\/product_cat?post=10874"},{"taxonomy":"product_tag","embeddable":true,"href":"https:\/\/suvisoshop.com\/index.php\/wp-json\/wp\/v2\/product_tag?post=10874"}],"curies":[{"name":"wp","href":"https:\/\/api.w.org\/{rel}","templated":true}]}}