{"id":10827,"date":"2025-06-05T02:15:35","date_gmt":"2025-06-05T02:15:35","guid":{"rendered":"http:\/\/suvisoshop.com\/?post_type=product&#038;p=10827"},"modified":"2026-03-13T15:28:51","modified_gmt":"2026-03-13T15:28:51","slug":"orient-ra-aa0e01","status":"publish","type":"product","link":"https:\/\/suvisoshop.com\/index.php\/product\/orient-ra-aa0e01\/","title":{"rendered":"Orient RA-AA0E01"},"content":{"rendered":"<p>El nuevo modelo Revival, World Map, incluiye la fiel reproducci\u00f3n de la esfera original de 1969, con dise\u00f1os retro \u00fanicos y especificaciones y caracter\u00edsticas modernas. La esfera de marfil aporta un encanto nost\u00e1lgico y ha sido especialmente procesada para que parezca esf\u00e9rica gracias al efecto de lente. Representa una tierra radiante y m\u00edstica que rinde homenaje a la profundidad y belleza de la naturaleza. Al igual que el modelo original de 1969, el nuevo modelo muestra la hora, la fecha y el d\u00eda de la semana. Tambi\u00e9n cuenta con un bisel interior que se puede girar mediante la corona situada a las cuatro en la caja, lo que permite una visualizaci\u00f3n simplificada de la hora en formato 24 horas. El calibre autom\u00e1tico de manufactura F6922 proporciona una alta precisi\u00f3n estable, lo que hace que estos modelos sean perfectos para cualquier ocasi\u00f3n.<\/p>\n<ul id=\"atg8\" class=\"list-unstyled productlist\">\n<li><b>Tipo de mecanismo:<\/b> Mec\u00e1nico<\/li>\n<li><strong>Dial:<\/strong> Color blanco<\/li>\n<li><b>Material de la caja:<\/b> Acero Inoxidable<\/li>\n<li><b>Pulsera\/correa:<\/b> Acero Inoxidable<\/li>\n<li><b>Vidrio:<\/b> Mineral<\/li>\n<li><b>Resistencia al agua:<\/b> nataci\u00f3n bajo el agua 200m<\/li>\n<li><b>Tama\u00f1o exacto de la caja:<\/b> 43.5mm<\/li>\n<\/ul>\n<p>Despacho de 24 a 72horas.<\/p>\n","protected":false},"excerpt":{"rendered":"<p>El nuevo modelo Revival, World Map, incluiye la fiel reproducci\u00f3n de la esfera original de 1969, con dise\u00f1os retro \u00fanicos y especificaciones y caracter\u00edsticas modernas. La esfera de marfil aporta un encanto nost\u00e1lgico y ha sido especialmente procesada para que parezca esf\u00e9rica gracias al efecto de lente. Representa una tierra radiante y m\u00edstica que rinde &hellip;<\/p>\n<p class=\"read-more\"> <a class=\"\" href=\"https:\/\/suvisoshop.com\/index.php\/product\/orient-ra-aa0e01\/\"> <span class=\"screen-reader-text\">Orient RA-AA0E01<\/span> Leer m\u00e1s &raquo;<\/a><\/p>\n","protected":false},"featured_media":10828,"comment_status":"open","ping_status":"closed","template":"","meta":{"site-sidebar-layout":"default","site-content-layout":"default","ast-global-header-display":"","ast-banner-title-visibility":"","ast-main-header-display":"","ast-hfb-above-header-display":"","ast-hfb-below-header-display":"","ast-hfb-mobile-header-display":"","site-post-title":"","ast-breadcrumbs-content":"","ast-featured-img":"","footer-sml-layout":"","theme-transparent-header-meta":"default","adv-header-id-meta":"","stick-header-meta":"","header-above-stick-meta":"","header-main-stick-meta":"","header-below-stick-meta":""},"product_brand":[],"product_cat":[76,66,65],"product_tag":[],"class_list":{"0":"post-10827","1":"product","2":"type-product","3":"status-publish","4":"has-post-thumbnail","6":"product_cat-orient","7":"product_cat-para-ellas","8":"product_cat-para-ellos","9":"desktop-align-center","10":"tablet-align-center","11":"mobile-align-center","13":"first","14":"outofstock","15":"taxable","16":"shipping-taxable","17":"purchasable","18":"product-type-simple"},"yoast_head":"<!-- This site is optimized with the Yoast SEO plugin v27.2 - https:\/\/yoast.com\/product\/yoast-seo-wordpress\/ -->\n<title>Orient RA-AA0E01 - suvisoshop<\/title>\n<meta name=\"robots\" content=\"index, follow, max-snippet:-1, max-image-preview:large, max-video-preview:-1\" \/>\n<link rel=\"canonical\" href=\"https:\/\/suvisoshop.com\/index.php\/product\/orient-ra-aa0e01\/\" \/>\n<meta property=\"og:locale\" content=\"es_ES\" \/>\n<meta property=\"og:type\" content=\"article\" \/>\n<meta property=\"og:title\" content=\"Orient RA-AA0E01 - suvisoshop\" \/>\n<meta property=\"og:description\" content=\"El nuevo modelo Revival, World Map, incluiye la fiel reproducci\u00f3n de la esfera original de 1969, con dise\u00f1os retro \u00fanicos y especificaciones y caracter\u00edsticas modernas. La esfera de marfil aporta un encanto nost\u00e1lgico y ha sido especialmente procesada para que parezca esf\u00e9rica gracias al efecto de lente. Representa una tierra radiante y m\u00edstica que rinde &hellip; Orient RA-AA0E01 Leer m\u00e1s &raquo;\" \/>\n<meta property=\"og:url\" content=\"https:\/\/suvisoshop.com\/index.php\/product\/orient-ra-aa0e01\/\" \/>\n<meta property=\"og:site_name\" content=\"suvisoshop\" \/>\n<meta property=\"article:modified_time\" content=\"2026-03-13T15:28:51+00:00\" \/>\n<meta property=\"og:image\" content=\"https:\/\/suvisoshop.com\/wp-content\/uploads\/2025\/06\/Orient-FAA02003-16.png\" \/>\n\t<meta property=\"og:image:width\" content=\"1080\" \/>\n\t<meta property=\"og:image:height\" content=\"1080\" \/>\n\t<meta property=\"og:image:type\" content=\"image\/png\" \/>\n<meta name=\"twitter:card\" content=\"summary_large_image\" \/>\n<meta name=\"twitter:label1\" content=\"Tiempo de lectura\" \/>\n\t<meta name=\"twitter:data1\" content=\"2 minutos\" \/>\n<script type=\"application\/ld+json\" class=\"yoast-schema-graph\">{\"@context\":\"https:\/\/schema.org\",\"@graph\":[{\"@type\":\"WebPage\",\"@id\":\"https:\/\/suvisoshop.com\/index.php\/product\/orient-ra-aa0e01\/\",\"url\":\"https:\/\/suvisoshop.com\/index.php\/product\/orient-ra-aa0e01\/\",\"name\":\"Orient RA-AA0E01 - suvisoshop\",\"isPartOf\":{\"@id\":\"https:\/\/suvisoshop.com\/#website\"},\"primaryImageOfPage\":{\"@id\":\"https:\/\/suvisoshop.com\/index.php\/product\/orient-ra-aa0e01\/#primaryimage\"},\"image\":{\"@id\":\"https:\/\/suvisoshop.com\/index.php\/product\/orient-ra-aa0e01\/#primaryimage\"},\"thumbnailUrl\":\"https:\/\/suvisoshop.com\/wp-content\/uploads\/2025\/06\/Orient-FAA02003-16.png\",\"datePublished\":\"2025-06-05T02:15:35+00:00\",\"dateModified\":\"2026-03-13T15:28:51+00:00\",\"breadcrumb\":{\"@id\":\"https:\/\/suvisoshop.com\/index.php\/product\/orient-ra-aa0e01\/#breadcrumb\"},\"inLanguage\":\"es\",\"potentialAction\":[{\"@type\":\"ReadAction\",\"target\":[\"https:\/\/suvisoshop.com\/index.php\/product\/orient-ra-aa0e01\/\"]}]},{\"@type\":\"ImageObject\",\"inLanguage\":\"es\",\"@id\":\"https:\/\/suvisoshop.com\/index.php\/product\/orient-ra-aa0e01\/#primaryimage\",\"url\":\"https:\/\/suvisoshop.com\/wp-content\/uploads\/2025\/06\/Orient-FAA02003-16.png\",\"contentUrl\":\"https:\/\/suvisoshop.com\/wp-content\/uploads\/2025\/06\/Orient-FAA02003-16.png\",\"width\":1080,\"height\":1080},{\"@type\":\"BreadcrumbList\",\"@id\":\"https:\/\/suvisoshop.com\/index.php\/product\/orient-ra-aa0e01\/#breadcrumb\",\"itemListElement\":[{\"@type\":\"ListItem\",\"position\":1,\"name\":\"Shop\",\"item\":\"https:\/\/suvisoshop.com\/index.php\/shop\/\"},{\"@type\":\"ListItem\",\"position\":2,\"name\":\"Orient RA-AA0E01\"}]},{\"@type\":\"WebSite\",\"@id\":\"https:\/\/suvisoshop.com\/#website\",\"url\":\"https:\/\/suvisoshop.com\/\",\"name\":\"Suvisoshop\",\"description\":\"Cada segundo cuenta.\",\"publisher\":{\"@id\":\"https:\/\/suvisoshop.com\/#organization\"},\"potentialAction\":[{\"@type\":\"SearchAction\",\"target\":{\"@type\":\"EntryPoint\",\"urlTemplate\":\"https:\/\/suvisoshop.com\/?s={search_term_string}\"},\"query-input\":{\"@type\":\"PropertyValueSpecification\",\"valueRequired\":true,\"valueName\":\"search_term_string\"}}],\"inLanguage\":\"es\"},{\"@type\":\"Organization\",\"@id\":\"https:\/\/suvisoshop.com\/#organization\",\"name\":\"Suvisoshop\",\"url\":\"https:\/\/suvisoshop.com\/\",\"logo\":{\"@type\":\"ImageObject\",\"inLanguage\":\"es\",\"@id\":\"https:\/\/suvisoshop.com\/#\/schema\/logo\/image\/\",\"url\":\"http:\/\/suvisoshop.com\/wp-content\/uploads\/2023\/07\/cropped-Relojes-logo-suviso-1.png\",\"contentUrl\":\"http:\/\/suvisoshop.com\/wp-content\/uploads\/2023\/07\/cropped-Relojes-logo-suviso-1.png\",\"width\":532,\"height\":348,\"caption\":\"Suvisoshop\"},\"image\":{\"@id\":\"https:\/\/suvisoshop.com\/#\/schema\/logo\/image\/\"}}]}<\/script>\n<!-- \/ Yoast SEO plugin. -->","yoast_head_json":{"title":"Orient RA-AA0E01 - suvisoshop","robots":{"index":"index","follow":"follow","max-snippet":"max-snippet:-1","max-image-preview":"max-image-preview:large","max-video-preview":"max-video-preview:-1"},"canonical":"https:\/\/suvisoshop.com\/index.php\/product\/orient-ra-aa0e01\/","og_locale":"es_ES","og_type":"article","og_title":"Orient RA-AA0E01 - suvisoshop","og_description":"El nuevo modelo Revival, World Map, incluiye la fiel reproducci\u00f3n de la esfera original de 1969, con dise\u00f1os retro \u00fanicos y especificaciones y caracter\u00edsticas modernas. La esfera de marfil aporta un encanto nost\u00e1lgico y ha sido especialmente procesada para que parezca esf\u00e9rica gracias al efecto de lente. Representa una tierra radiante y m\u00edstica que rinde &hellip; Orient RA-AA0E01 Leer m\u00e1s &raquo;","og_url":"https:\/\/suvisoshop.com\/index.php\/product\/orient-ra-aa0e01\/","og_site_name":"suvisoshop","article_modified_time":"2026-03-13T15:28:51+00:00","og_image":[{"width":1080,"height":1080,"url":"https:\/\/suvisoshop.com\/wp-content\/uploads\/2025\/06\/Orient-FAA02003-16.png","type":"image\/png"}],"twitter_card":"summary_large_image","twitter_misc":{"Tiempo de lectura":"2 minutos"},"schema":{"@context":"https:\/\/schema.org","@graph":[{"@type":"WebPage","@id":"https:\/\/suvisoshop.com\/index.php\/product\/orient-ra-aa0e01\/","url":"https:\/\/suvisoshop.com\/index.php\/product\/orient-ra-aa0e01\/","name":"Orient RA-AA0E01 - suvisoshop","isPartOf":{"@id":"https:\/\/suvisoshop.com\/#website"},"primaryImageOfPage":{"@id":"https:\/\/suvisoshop.com\/index.php\/product\/orient-ra-aa0e01\/#primaryimage"},"image":{"@id":"https:\/\/suvisoshop.com\/index.php\/product\/orient-ra-aa0e01\/#primaryimage"},"thumbnailUrl":"https:\/\/suvisoshop.com\/wp-content\/uploads\/2025\/06\/Orient-FAA02003-16.png","datePublished":"2025-06-05T02:15:35+00:00","dateModified":"2026-03-13T15:28:51+00:00","breadcrumb":{"@id":"https:\/\/suvisoshop.com\/index.php\/product\/orient-ra-aa0e01\/#breadcrumb"},"inLanguage":"es","potentialAction":[{"@type":"ReadAction","target":["https:\/\/suvisoshop.com\/index.php\/product\/orient-ra-aa0e01\/"]}]},{"@type":"ImageObject","inLanguage":"es","@id":"https:\/\/suvisoshop.com\/index.php\/product\/orient-ra-aa0e01\/#primaryimage","url":"https:\/\/suvisoshop.com\/wp-content\/uploads\/2025\/06\/Orient-FAA02003-16.png","contentUrl":"https:\/\/suvisoshop.com\/wp-content\/uploads\/2025\/06\/Orient-FAA02003-16.png","width":1080,"height":1080},{"@type":"BreadcrumbList","@id":"https:\/\/suvisoshop.com\/index.php\/product\/orient-ra-aa0e01\/#breadcrumb","itemListElement":[{"@type":"ListItem","position":1,"name":"Shop","item":"https:\/\/suvisoshop.com\/index.php\/shop\/"},{"@type":"ListItem","position":2,"name":"Orient RA-AA0E01"}]},{"@type":"WebSite","@id":"https:\/\/suvisoshop.com\/#website","url":"https:\/\/suvisoshop.com\/","name":"Suvisoshop","description":"Cada segundo cuenta.","publisher":{"@id":"https:\/\/suvisoshop.com\/#organization"},"potentialAction":[{"@type":"SearchAction","target":{"@type":"EntryPoint","urlTemplate":"https:\/\/suvisoshop.com\/?s={search_term_string}"},"query-input":{"@type":"PropertyValueSpecification","valueRequired":true,"valueName":"search_term_string"}}],"inLanguage":"es"},{"@type":"Organization","@id":"https:\/\/suvisoshop.com\/#organization","name":"Suvisoshop","url":"https:\/\/suvisoshop.com\/","logo":{"@type":"ImageObject","inLanguage":"es","@id":"https:\/\/suvisoshop.com\/#\/schema\/logo\/image\/","url":"http:\/\/suvisoshop.com\/wp-content\/uploads\/2023\/07\/cropped-Relojes-logo-suviso-1.png","contentUrl":"http:\/\/suvisoshop.com\/wp-content\/uploads\/2023\/07\/cropped-Relojes-logo-suviso-1.png","width":532,"height":348,"caption":"Suvisoshop"},"image":{"@id":"https:\/\/suvisoshop.com\/#\/schema\/logo\/image\/"}}]}},"jetpack_sharing_enabled":true,"_links":{"self":[{"href":"https:\/\/suvisoshop.com\/index.php\/wp-json\/wp\/v2\/product\/10827","targetHints":{"allow":["GET"]}}],"collection":[{"href":"https:\/\/suvisoshop.com\/index.php\/wp-json\/wp\/v2\/product"}],"about":[{"href":"https:\/\/suvisoshop.com\/index.php\/wp-json\/wp\/v2\/types\/product"}],"replies":[{"embeddable":true,"href":"https:\/\/suvisoshop.com\/index.php\/wp-json\/wp\/v2\/comments?post=10827"}],"wp:featuredmedia":[{"embeddable":true,"href":"https:\/\/suvisoshop.com\/index.php\/wp-json\/wp\/v2\/media\/10828"}],"wp:attachment":[{"href":"https:\/\/suvisoshop.com\/index.php\/wp-json\/wp\/v2\/media?parent=10827"}],"wp:term":[{"taxonomy":"product_brand","embeddable":true,"href":"https:\/\/suvisoshop.com\/index.php\/wp-json\/wp\/v2\/product_brand?post=10827"},{"taxonomy":"product_cat","embeddable":true,"href":"https:\/\/suvisoshop.com\/index.php\/wp-json\/wp\/v2\/product_cat?post=10827"},{"taxonomy":"product_tag","embeddable":true,"href":"https:\/\/suvisoshop.com\/index.php\/wp-json\/wp\/v2\/product_tag?post=10827"}],"curies":[{"name":"wp","href":"https:\/\/api.w.org\/{rel}","templated":true}]}}