{"id":10820,"date":"2025-06-05T01:01:58","date_gmt":"2025-06-05T01:01:58","guid":{"rendered":"http:\/\/suvisoshop.com\/?post_type=product&#038;p=10820"},"modified":"2026-03-13T15:29:16","modified_gmt":"2026-03-13T15:29:16","slug":"orient-ra-aa0009","status":"publish","type":"product","link":"https:\/\/suvisoshop.com\/index.php\/product\/orient-ra-aa0009\/","title":{"rendered":"Orient RA-AA0009"},"content":{"rendered":"<p>Este modelo redefine el dise\u00f1o Diver*, popular tanto como prenda de moda como para llevar en la ciudad. Su nueva caja compacta de 39,9 mm lo hace ideal tanto para hombre como para mujer. Esta caja<br \/>\nm\u00e1s peque\u00f1a incorpora un movimiento que solo muestra la fecha, as\u00ed como una esfera con calendario m\u00e1s sencilla. Las barras de las manecillas e \u00edndices Luminous Light permiten leer la hora incluso en la oscuridad, lo que proporciona una sensaci\u00f3n de limpieza y crea una esfera m\u00e1s sencilla y visible. La sencillez y ligereza del dise\u00f1o tambi\u00e9n se extienden a la forma del lado derecho de la caja, donde suele estar el protector de la corona, pero que aqu\u00ed se omite deliberadamente, as\u00ed como al bisel giratorio, sin color para realzar la textura del acero.<br \/>\n*No es un reloj de buceo conforme a la norma ISO.<\/p>\n<ul id=\"atg8\" class=\"list-unstyled productlist\">\n<li><b>Tipo de mecanismo:<\/b> Mec\u00e1nico<\/li>\n<li><strong>Dial:<\/strong> Color azul<\/li>\n<li><b>Material de la caja:<\/b>\u00a0acero inoxidable<\/li>\n<li><b>Pulsera\/correa:<\/b> acero inoxidable<\/li>\n<li><b>Vidrio:<\/b> zafiro<\/li>\n<li><b>Resistencia al agua:<\/b> nataci\u00f3n bajo el agua 200m<\/li>\n<li><b>Tama\u00f1o exacto de la caja:<\/b> 39.9mm<\/li>\n<\/ul>\n<p>Despacho de 24 a 72horas.<\/p>\n","protected":false},"excerpt":{"rendered":"<p>Este modelo redefine el dise\u00f1o Diver*, popular tanto como prenda de moda como para llevar en la ciudad. Su nueva caja compacta de 39,9 mm lo hace ideal tanto para hombre como para mujer. Esta caja m\u00e1s peque\u00f1a incorpora un movimiento que solo muestra la fecha, as\u00ed como una esfera con calendario m\u00e1s sencilla. Las &hellip;<\/p>\n<p class=\"read-more\"> <a class=\"\" href=\"https:\/\/suvisoshop.com\/index.php\/product\/orient-ra-aa0009\/\"> <span class=\"screen-reader-text\">Orient RA-AA0009<\/span> Leer m\u00e1s &raquo;<\/a><\/p>\n","protected":false},"featured_media":10821,"comment_status":"open","ping_status":"closed","template":"","meta":{"site-sidebar-layout":"default","site-content-layout":"default","ast-global-header-display":"","ast-banner-title-visibility":"","ast-main-header-display":"","ast-hfb-above-header-display":"","ast-hfb-below-header-display":"","ast-hfb-mobile-header-display":"","site-post-title":"","ast-breadcrumbs-content":"","ast-featured-img":"","footer-sml-layout":"","theme-transparent-header-meta":"default","adv-header-id-meta":"","stick-header-meta":"","header-above-stick-meta":"","header-main-stick-meta":"","header-below-stick-meta":""},"product_brand":[],"product_cat":[76,66,65],"product_tag":[],"class_list":{"0":"post-10820","1":"product","2":"type-product","3":"status-publish","4":"has-post-thumbnail","6":"product_cat-orient","7":"product_cat-para-ellas","8":"product_cat-para-ellos","9":"desktop-align-center","10":"tablet-align-center","11":"mobile-align-center","13":"first","14":"outofstock","15":"taxable","16":"shipping-taxable","17":"purchasable","18":"product-type-simple"},"yoast_head":"<!-- This site is optimized with the Yoast SEO plugin v27.2 - https:\/\/yoast.com\/product\/yoast-seo-wordpress\/ -->\n<title>Orient RA-AA0009 - suvisoshop<\/title>\n<meta name=\"robots\" content=\"index, follow, max-snippet:-1, max-image-preview:large, max-video-preview:-1\" \/>\n<link rel=\"canonical\" href=\"https:\/\/suvisoshop.com\/index.php\/product\/orient-ra-aa0009\/\" \/>\n<meta property=\"og:locale\" content=\"es_ES\" \/>\n<meta property=\"og:type\" content=\"article\" \/>\n<meta property=\"og:title\" content=\"Orient RA-AA0009 - suvisoshop\" \/>\n<meta property=\"og:description\" content=\"Este modelo redefine el dise\u00f1o Diver*, popular tanto como prenda de moda como para llevar en la ciudad. Su nueva caja compacta de 39,9 mm lo hace ideal tanto para hombre como para mujer. Esta caja m\u00e1s peque\u00f1a incorpora un movimiento que solo muestra la fecha, as\u00ed como una esfera con calendario m\u00e1s sencilla. Las &hellip; Orient RA-AA0009 Leer m\u00e1s &raquo;\" \/>\n<meta property=\"og:url\" content=\"https:\/\/suvisoshop.com\/index.php\/product\/orient-ra-aa0009\/\" \/>\n<meta property=\"og:site_name\" content=\"suvisoshop\" \/>\n<meta property=\"article:modified_time\" content=\"2026-03-13T15:29:16+00:00\" \/>\n<meta property=\"og:image\" content=\"https:\/\/suvisoshop.com\/wp-content\/uploads\/2025\/06\/Orient-FAA02003-13.png\" \/>\n\t<meta property=\"og:image:width\" content=\"1080\" \/>\n\t<meta property=\"og:image:height\" content=\"1080\" \/>\n\t<meta property=\"og:image:type\" content=\"image\/png\" \/>\n<meta name=\"twitter:card\" content=\"summary_large_image\" \/>\n<meta name=\"twitter:label1\" content=\"Tiempo de lectura\" \/>\n\t<meta name=\"twitter:data1\" content=\"2 minutos\" \/>\n<script type=\"application\/ld+json\" class=\"yoast-schema-graph\">{\"@context\":\"https:\/\/schema.org\",\"@graph\":[{\"@type\":\"WebPage\",\"@id\":\"https:\/\/suvisoshop.com\/index.php\/product\/orient-ra-aa0009\/\",\"url\":\"https:\/\/suvisoshop.com\/index.php\/product\/orient-ra-aa0009\/\",\"name\":\"Orient RA-AA0009 - suvisoshop\",\"isPartOf\":{\"@id\":\"https:\/\/suvisoshop.com\/#website\"},\"primaryImageOfPage\":{\"@id\":\"https:\/\/suvisoshop.com\/index.php\/product\/orient-ra-aa0009\/#primaryimage\"},\"image\":{\"@id\":\"https:\/\/suvisoshop.com\/index.php\/product\/orient-ra-aa0009\/#primaryimage\"},\"thumbnailUrl\":\"https:\/\/suvisoshop.com\/wp-content\/uploads\/2025\/06\/Orient-FAA02003-13.png\",\"datePublished\":\"2025-06-05T01:01:58+00:00\",\"dateModified\":\"2026-03-13T15:29:16+00:00\",\"breadcrumb\":{\"@id\":\"https:\/\/suvisoshop.com\/index.php\/product\/orient-ra-aa0009\/#breadcrumb\"},\"inLanguage\":\"es\",\"potentialAction\":[{\"@type\":\"ReadAction\",\"target\":[\"https:\/\/suvisoshop.com\/index.php\/product\/orient-ra-aa0009\/\"]}]},{\"@type\":\"ImageObject\",\"inLanguage\":\"es\",\"@id\":\"https:\/\/suvisoshop.com\/index.php\/product\/orient-ra-aa0009\/#primaryimage\",\"url\":\"https:\/\/suvisoshop.com\/wp-content\/uploads\/2025\/06\/Orient-FAA02003-13.png\",\"contentUrl\":\"https:\/\/suvisoshop.com\/wp-content\/uploads\/2025\/06\/Orient-FAA02003-13.png\",\"width\":1080,\"height\":1080},{\"@type\":\"BreadcrumbList\",\"@id\":\"https:\/\/suvisoshop.com\/index.php\/product\/orient-ra-aa0009\/#breadcrumb\",\"itemListElement\":[{\"@type\":\"ListItem\",\"position\":1,\"name\":\"Shop\",\"item\":\"https:\/\/suvisoshop.com\/index.php\/shop\/\"},{\"@type\":\"ListItem\",\"position\":2,\"name\":\"Orient RA-AA0009\"}]},{\"@type\":\"WebSite\",\"@id\":\"https:\/\/suvisoshop.com\/#website\",\"url\":\"https:\/\/suvisoshop.com\/\",\"name\":\"Suvisoshop\",\"description\":\"Cada segundo cuenta.\",\"publisher\":{\"@id\":\"https:\/\/suvisoshop.com\/#organization\"},\"potentialAction\":[{\"@type\":\"SearchAction\",\"target\":{\"@type\":\"EntryPoint\",\"urlTemplate\":\"https:\/\/suvisoshop.com\/?s={search_term_string}\"},\"query-input\":{\"@type\":\"PropertyValueSpecification\",\"valueRequired\":true,\"valueName\":\"search_term_string\"}}],\"inLanguage\":\"es\"},{\"@type\":\"Organization\",\"@id\":\"https:\/\/suvisoshop.com\/#organization\",\"name\":\"Suvisoshop\",\"url\":\"https:\/\/suvisoshop.com\/\",\"logo\":{\"@type\":\"ImageObject\",\"inLanguage\":\"es\",\"@id\":\"https:\/\/suvisoshop.com\/#\/schema\/logo\/image\/\",\"url\":\"http:\/\/suvisoshop.com\/wp-content\/uploads\/2023\/07\/cropped-Relojes-logo-suviso-1.png\",\"contentUrl\":\"http:\/\/suvisoshop.com\/wp-content\/uploads\/2023\/07\/cropped-Relojes-logo-suviso-1.png\",\"width\":532,\"height\":348,\"caption\":\"Suvisoshop\"},\"image\":{\"@id\":\"https:\/\/suvisoshop.com\/#\/schema\/logo\/image\/\"}}]}<\/script>\n<!-- \/ Yoast SEO plugin. -->","yoast_head_json":{"title":"Orient RA-AA0009 - suvisoshop","robots":{"index":"index","follow":"follow","max-snippet":"max-snippet:-1","max-image-preview":"max-image-preview:large","max-video-preview":"max-video-preview:-1"},"canonical":"https:\/\/suvisoshop.com\/index.php\/product\/orient-ra-aa0009\/","og_locale":"es_ES","og_type":"article","og_title":"Orient RA-AA0009 - suvisoshop","og_description":"Este modelo redefine el dise\u00f1o Diver*, popular tanto como prenda de moda como para llevar en la ciudad. Su nueva caja compacta de 39,9 mm lo hace ideal tanto para hombre como para mujer. Esta caja m\u00e1s peque\u00f1a incorpora un movimiento que solo muestra la fecha, as\u00ed como una esfera con calendario m\u00e1s sencilla. Las &hellip; Orient RA-AA0009 Leer m\u00e1s &raquo;","og_url":"https:\/\/suvisoshop.com\/index.php\/product\/orient-ra-aa0009\/","og_site_name":"suvisoshop","article_modified_time":"2026-03-13T15:29:16+00:00","og_image":[{"width":1080,"height":1080,"url":"https:\/\/suvisoshop.com\/wp-content\/uploads\/2025\/06\/Orient-FAA02003-13.png","type":"image\/png"}],"twitter_card":"summary_large_image","twitter_misc":{"Tiempo de lectura":"2 minutos"},"schema":{"@context":"https:\/\/schema.org","@graph":[{"@type":"WebPage","@id":"https:\/\/suvisoshop.com\/index.php\/product\/orient-ra-aa0009\/","url":"https:\/\/suvisoshop.com\/index.php\/product\/orient-ra-aa0009\/","name":"Orient RA-AA0009 - suvisoshop","isPartOf":{"@id":"https:\/\/suvisoshop.com\/#website"},"primaryImageOfPage":{"@id":"https:\/\/suvisoshop.com\/index.php\/product\/orient-ra-aa0009\/#primaryimage"},"image":{"@id":"https:\/\/suvisoshop.com\/index.php\/product\/orient-ra-aa0009\/#primaryimage"},"thumbnailUrl":"https:\/\/suvisoshop.com\/wp-content\/uploads\/2025\/06\/Orient-FAA02003-13.png","datePublished":"2025-06-05T01:01:58+00:00","dateModified":"2026-03-13T15:29:16+00:00","breadcrumb":{"@id":"https:\/\/suvisoshop.com\/index.php\/product\/orient-ra-aa0009\/#breadcrumb"},"inLanguage":"es","potentialAction":[{"@type":"ReadAction","target":["https:\/\/suvisoshop.com\/index.php\/product\/orient-ra-aa0009\/"]}]},{"@type":"ImageObject","inLanguage":"es","@id":"https:\/\/suvisoshop.com\/index.php\/product\/orient-ra-aa0009\/#primaryimage","url":"https:\/\/suvisoshop.com\/wp-content\/uploads\/2025\/06\/Orient-FAA02003-13.png","contentUrl":"https:\/\/suvisoshop.com\/wp-content\/uploads\/2025\/06\/Orient-FAA02003-13.png","width":1080,"height":1080},{"@type":"BreadcrumbList","@id":"https:\/\/suvisoshop.com\/index.php\/product\/orient-ra-aa0009\/#breadcrumb","itemListElement":[{"@type":"ListItem","position":1,"name":"Shop","item":"https:\/\/suvisoshop.com\/index.php\/shop\/"},{"@type":"ListItem","position":2,"name":"Orient RA-AA0009"}]},{"@type":"WebSite","@id":"https:\/\/suvisoshop.com\/#website","url":"https:\/\/suvisoshop.com\/","name":"Suvisoshop","description":"Cada segundo cuenta.","publisher":{"@id":"https:\/\/suvisoshop.com\/#organization"},"potentialAction":[{"@type":"SearchAction","target":{"@type":"EntryPoint","urlTemplate":"https:\/\/suvisoshop.com\/?s={search_term_string}"},"query-input":{"@type":"PropertyValueSpecification","valueRequired":true,"valueName":"search_term_string"}}],"inLanguage":"es"},{"@type":"Organization","@id":"https:\/\/suvisoshop.com\/#organization","name":"Suvisoshop","url":"https:\/\/suvisoshop.com\/","logo":{"@type":"ImageObject","inLanguage":"es","@id":"https:\/\/suvisoshop.com\/#\/schema\/logo\/image\/","url":"http:\/\/suvisoshop.com\/wp-content\/uploads\/2023\/07\/cropped-Relojes-logo-suviso-1.png","contentUrl":"http:\/\/suvisoshop.com\/wp-content\/uploads\/2023\/07\/cropped-Relojes-logo-suviso-1.png","width":532,"height":348,"caption":"Suvisoshop"},"image":{"@id":"https:\/\/suvisoshop.com\/#\/schema\/logo\/image\/"}}]}},"jetpack_sharing_enabled":true,"_links":{"self":[{"href":"https:\/\/suvisoshop.com\/index.php\/wp-json\/wp\/v2\/product\/10820","targetHints":{"allow":["GET"]}}],"collection":[{"href":"https:\/\/suvisoshop.com\/index.php\/wp-json\/wp\/v2\/product"}],"about":[{"href":"https:\/\/suvisoshop.com\/index.php\/wp-json\/wp\/v2\/types\/product"}],"replies":[{"embeddable":true,"href":"https:\/\/suvisoshop.com\/index.php\/wp-json\/wp\/v2\/comments?post=10820"}],"wp:featuredmedia":[{"embeddable":true,"href":"https:\/\/suvisoshop.com\/index.php\/wp-json\/wp\/v2\/media\/10821"}],"wp:attachment":[{"href":"https:\/\/suvisoshop.com\/index.php\/wp-json\/wp\/v2\/media?parent=10820"}],"wp:term":[{"taxonomy":"product_brand","embeddable":true,"href":"https:\/\/suvisoshop.com\/index.php\/wp-json\/wp\/v2\/product_brand?post=10820"},{"taxonomy":"product_cat","embeddable":true,"href":"https:\/\/suvisoshop.com\/index.php\/wp-json\/wp\/v2\/product_cat?post=10820"},{"taxonomy":"product_tag","embeddable":true,"href":"https:\/\/suvisoshop.com\/index.php\/wp-json\/wp\/v2\/product_tag?post=10820"}],"curies":[{"name":"wp","href":"https:\/\/api.w.org\/{rel}","templated":true}]}}