{"id":10808,"date":"2025-06-02T18:58:19","date_gmt":"2025-06-02T18:58:19","guid":{"rendered":"http:\/\/suvisoshop.com\/?post_type=product&#038;p=10808"},"modified":"2026-03-13T15:30:01","modified_gmt":"2026-03-13T15:30:01","slug":"orient-ra-aa0001","status":"publish","type":"product","link":"https:\/\/suvisoshop.com\/index.php\/product\/orient-ra-aa0001\/","title":{"rendered":"Orient RA-AA0001"},"content":{"rendered":"<p>Con una caja de acero inoxidable estructural pero elegante de 41,8 mm, el Diver Style actual es ideal tanto para entornos profesionales como para aventuras al aire libre.<br \/>\nCuenta con una corona atornillada para maximizar la resistencia al agua, adem\u00e1s de un bisel giratorio unidireccional, n\u00fameros ar\u00e1bigos luminiscentes para un f\u00e1cil seguimiento, agujas plateadas con detalles luminiscentes, ventanilla de fecha e \u00edndices horarios luminiscentes blancos para una visibilidad excepcional.<\/p>\n<ul id=\"atg8\" class=\"list-unstyled productlist\">\n<li><b>Tipo de mecanismo:<\/b> Mec\u00e1nico<\/li>\n<li><b>Material de la caja:<\/b>\u00a0acero inoxidable<\/li>\n<li><strong>Dial:<\/strong> Color Azul<\/li>\n<li><b>Pulsera\/correa:<\/b>\u00a0metal<\/li>\n<li><b>Vidrio:<\/b> Zafiro<\/li>\n<li><b>Resistencia al agua:<\/b> nataci\u00f3n bajo el agua 200m<\/li>\n<li><b>Tama\u00f1o exacto de la caja:<\/b> 41.8mm<\/li>\n<\/ul>\n<p>Despacho de 24 a 72horas.<\/p>\n","protected":false},"excerpt":{"rendered":"<p>Con una caja de acero inoxidable estructural pero elegante de 41,8 mm, el Diver Style actual es ideal tanto para entornos profesionales como para aventuras al aire libre. Cuenta con una corona atornillada para maximizar la resistencia al agua, adem\u00e1s de un bisel giratorio unidireccional, n\u00fameros ar\u00e1bigos luminiscentes para un f\u00e1cil seguimiento, agujas plateadas con &hellip;<\/p>\n<p class=\"read-more\"> <a class=\"\" href=\"https:\/\/suvisoshop.com\/index.php\/product\/orient-ra-aa0001\/\"> <span class=\"screen-reader-text\">Orient RA-AA0001<\/span> Leer m\u00e1s &raquo;<\/a><\/p>\n","protected":false},"featured_media":10809,"comment_status":"open","ping_status":"closed","template":"","meta":{"site-sidebar-layout":"default","site-content-layout":"default","ast-global-header-display":"","ast-banner-title-visibility":"","ast-main-header-display":"","ast-hfb-above-header-display":"","ast-hfb-below-header-display":"","ast-hfb-mobile-header-display":"","site-post-title":"","ast-breadcrumbs-content":"","ast-featured-img":"","footer-sml-layout":"","theme-transparent-header-meta":"default","adv-header-id-meta":"","stick-header-meta":"","header-above-stick-meta":"","header-main-stick-meta":"","header-below-stick-meta":""},"product_brand":[],"product_cat":[76,65],"product_tag":[],"class_list":{"0":"post-10808","1":"product","2":"type-product","3":"status-publish","4":"has-post-thumbnail","6":"product_cat-orient","7":"product_cat-para-ellos","8":"desktop-align-center","9":"tablet-align-center","10":"mobile-align-center","12":"first","13":"outofstock","14":"taxable","15":"shipping-taxable","16":"purchasable","17":"product-type-simple"},"yoast_head":"<!-- This site is optimized with the Yoast SEO plugin v27.2 - https:\/\/yoast.com\/product\/yoast-seo-wordpress\/ -->\n<title>Orient RA-AA0001 - suvisoshop<\/title>\n<meta name=\"robots\" content=\"index, follow, max-snippet:-1, max-image-preview:large, max-video-preview:-1\" \/>\n<link rel=\"canonical\" href=\"https:\/\/suvisoshop.com\/index.php\/product\/orient-ra-aa0001\/\" \/>\n<meta property=\"og:locale\" content=\"es_ES\" \/>\n<meta property=\"og:type\" content=\"article\" \/>\n<meta property=\"og:title\" content=\"Orient RA-AA0001 - suvisoshop\" \/>\n<meta property=\"og:description\" content=\"Con una caja de acero inoxidable estructural pero elegante de 41,8 mm, el Diver Style actual es ideal tanto para entornos profesionales como para aventuras al aire libre. Cuenta con una corona atornillada para maximizar la resistencia al agua, adem\u00e1s de un bisel giratorio unidireccional, n\u00fameros ar\u00e1bigos luminiscentes para un f\u00e1cil seguimiento, agujas plateadas con &hellip; Orient RA-AA0001 Leer m\u00e1s &raquo;\" \/>\n<meta property=\"og:url\" content=\"https:\/\/suvisoshop.com\/index.php\/product\/orient-ra-aa0001\/\" \/>\n<meta property=\"og:site_name\" content=\"suvisoshop\" \/>\n<meta property=\"article:modified_time\" content=\"2026-03-13T15:30:01+00:00\" \/>\n<meta property=\"og:image\" content=\"https:\/\/suvisoshop.com\/wp-content\/uploads\/2025\/06\/Orient-FAA02003-7.png\" \/>\n\t<meta property=\"og:image:width\" content=\"1080\" \/>\n\t<meta property=\"og:image:height\" content=\"1080\" \/>\n\t<meta property=\"og:image:type\" content=\"image\/png\" \/>\n<meta name=\"twitter:card\" content=\"summary_large_image\" \/>\n<meta name=\"twitter:label1\" content=\"Tiempo de lectura\" \/>\n\t<meta name=\"twitter:data1\" content=\"1 minuto\" \/>\n<script type=\"application\/ld+json\" class=\"yoast-schema-graph\">{\"@context\":\"https:\/\/schema.org\",\"@graph\":[{\"@type\":\"WebPage\",\"@id\":\"https:\/\/suvisoshop.com\/index.php\/product\/orient-ra-aa0001\/\",\"url\":\"https:\/\/suvisoshop.com\/index.php\/product\/orient-ra-aa0001\/\",\"name\":\"Orient RA-AA0001 - suvisoshop\",\"isPartOf\":{\"@id\":\"https:\/\/suvisoshop.com\/#website\"},\"primaryImageOfPage\":{\"@id\":\"https:\/\/suvisoshop.com\/index.php\/product\/orient-ra-aa0001\/#primaryimage\"},\"image\":{\"@id\":\"https:\/\/suvisoshop.com\/index.php\/product\/orient-ra-aa0001\/#primaryimage\"},\"thumbnailUrl\":\"https:\/\/suvisoshop.com\/wp-content\/uploads\/2025\/06\/Orient-FAA02003-7.png\",\"datePublished\":\"2025-06-02T18:58:19+00:00\",\"dateModified\":\"2026-03-13T15:30:01+00:00\",\"breadcrumb\":{\"@id\":\"https:\/\/suvisoshop.com\/index.php\/product\/orient-ra-aa0001\/#breadcrumb\"},\"inLanguage\":\"es\",\"potentialAction\":[{\"@type\":\"ReadAction\",\"target\":[\"https:\/\/suvisoshop.com\/index.php\/product\/orient-ra-aa0001\/\"]}]},{\"@type\":\"ImageObject\",\"inLanguage\":\"es\",\"@id\":\"https:\/\/suvisoshop.com\/index.php\/product\/orient-ra-aa0001\/#primaryimage\",\"url\":\"https:\/\/suvisoshop.com\/wp-content\/uploads\/2025\/06\/Orient-FAA02003-7.png\",\"contentUrl\":\"https:\/\/suvisoshop.com\/wp-content\/uploads\/2025\/06\/Orient-FAA02003-7.png\",\"width\":1080,\"height\":1080},{\"@type\":\"BreadcrumbList\",\"@id\":\"https:\/\/suvisoshop.com\/index.php\/product\/orient-ra-aa0001\/#breadcrumb\",\"itemListElement\":[{\"@type\":\"ListItem\",\"position\":1,\"name\":\"Shop\",\"item\":\"https:\/\/suvisoshop.com\/index.php\/shop\/\"},{\"@type\":\"ListItem\",\"position\":2,\"name\":\"Orient RA-AA0001\"}]},{\"@type\":\"WebSite\",\"@id\":\"https:\/\/suvisoshop.com\/#website\",\"url\":\"https:\/\/suvisoshop.com\/\",\"name\":\"Suvisoshop\",\"description\":\"Cada segundo cuenta.\",\"publisher\":{\"@id\":\"https:\/\/suvisoshop.com\/#organization\"},\"potentialAction\":[{\"@type\":\"SearchAction\",\"target\":{\"@type\":\"EntryPoint\",\"urlTemplate\":\"https:\/\/suvisoshop.com\/?s={search_term_string}\"},\"query-input\":{\"@type\":\"PropertyValueSpecification\",\"valueRequired\":true,\"valueName\":\"search_term_string\"}}],\"inLanguage\":\"es\"},{\"@type\":\"Organization\",\"@id\":\"https:\/\/suvisoshop.com\/#organization\",\"name\":\"Suvisoshop\",\"url\":\"https:\/\/suvisoshop.com\/\",\"logo\":{\"@type\":\"ImageObject\",\"inLanguage\":\"es\",\"@id\":\"https:\/\/suvisoshop.com\/#\/schema\/logo\/image\/\",\"url\":\"http:\/\/suvisoshop.com\/wp-content\/uploads\/2023\/07\/cropped-Relojes-logo-suviso-1.png\",\"contentUrl\":\"http:\/\/suvisoshop.com\/wp-content\/uploads\/2023\/07\/cropped-Relojes-logo-suviso-1.png\",\"width\":532,\"height\":348,\"caption\":\"Suvisoshop\"},\"image\":{\"@id\":\"https:\/\/suvisoshop.com\/#\/schema\/logo\/image\/\"}}]}<\/script>\n<!-- \/ Yoast SEO plugin. -->","yoast_head_json":{"title":"Orient RA-AA0001 - suvisoshop","robots":{"index":"index","follow":"follow","max-snippet":"max-snippet:-1","max-image-preview":"max-image-preview:large","max-video-preview":"max-video-preview:-1"},"canonical":"https:\/\/suvisoshop.com\/index.php\/product\/orient-ra-aa0001\/","og_locale":"es_ES","og_type":"article","og_title":"Orient RA-AA0001 - suvisoshop","og_description":"Con una caja de acero inoxidable estructural pero elegante de 41,8 mm, el Diver Style actual es ideal tanto para entornos profesionales como para aventuras al aire libre. Cuenta con una corona atornillada para maximizar la resistencia al agua, adem\u00e1s de un bisel giratorio unidireccional, n\u00fameros ar\u00e1bigos luminiscentes para un f\u00e1cil seguimiento, agujas plateadas con &hellip; Orient RA-AA0001 Leer m\u00e1s &raquo;","og_url":"https:\/\/suvisoshop.com\/index.php\/product\/orient-ra-aa0001\/","og_site_name":"suvisoshop","article_modified_time":"2026-03-13T15:30:01+00:00","og_image":[{"width":1080,"height":1080,"url":"https:\/\/suvisoshop.com\/wp-content\/uploads\/2025\/06\/Orient-FAA02003-7.png","type":"image\/png"}],"twitter_card":"summary_large_image","twitter_misc":{"Tiempo de lectura":"1 minuto"},"schema":{"@context":"https:\/\/schema.org","@graph":[{"@type":"WebPage","@id":"https:\/\/suvisoshop.com\/index.php\/product\/orient-ra-aa0001\/","url":"https:\/\/suvisoshop.com\/index.php\/product\/orient-ra-aa0001\/","name":"Orient RA-AA0001 - suvisoshop","isPartOf":{"@id":"https:\/\/suvisoshop.com\/#website"},"primaryImageOfPage":{"@id":"https:\/\/suvisoshop.com\/index.php\/product\/orient-ra-aa0001\/#primaryimage"},"image":{"@id":"https:\/\/suvisoshop.com\/index.php\/product\/orient-ra-aa0001\/#primaryimage"},"thumbnailUrl":"https:\/\/suvisoshop.com\/wp-content\/uploads\/2025\/06\/Orient-FAA02003-7.png","datePublished":"2025-06-02T18:58:19+00:00","dateModified":"2026-03-13T15:30:01+00:00","breadcrumb":{"@id":"https:\/\/suvisoshop.com\/index.php\/product\/orient-ra-aa0001\/#breadcrumb"},"inLanguage":"es","potentialAction":[{"@type":"ReadAction","target":["https:\/\/suvisoshop.com\/index.php\/product\/orient-ra-aa0001\/"]}]},{"@type":"ImageObject","inLanguage":"es","@id":"https:\/\/suvisoshop.com\/index.php\/product\/orient-ra-aa0001\/#primaryimage","url":"https:\/\/suvisoshop.com\/wp-content\/uploads\/2025\/06\/Orient-FAA02003-7.png","contentUrl":"https:\/\/suvisoshop.com\/wp-content\/uploads\/2025\/06\/Orient-FAA02003-7.png","width":1080,"height":1080},{"@type":"BreadcrumbList","@id":"https:\/\/suvisoshop.com\/index.php\/product\/orient-ra-aa0001\/#breadcrumb","itemListElement":[{"@type":"ListItem","position":1,"name":"Shop","item":"https:\/\/suvisoshop.com\/index.php\/shop\/"},{"@type":"ListItem","position":2,"name":"Orient RA-AA0001"}]},{"@type":"WebSite","@id":"https:\/\/suvisoshop.com\/#website","url":"https:\/\/suvisoshop.com\/","name":"Suvisoshop","description":"Cada segundo cuenta.","publisher":{"@id":"https:\/\/suvisoshop.com\/#organization"},"potentialAction":[{"@type":"SearchAction","target":{"@type":"EntryPoint","urlTemplate":"https:\/\/suvisoshop.com\/?s={search_term_string}"},"query-input":{"@type":"PropertyValueSpecification","valueRequired":true,"valueName":"search_term_string"}}],"inLanguage":"es"},{"@type":"Organization","@id":"https:\/\/suvisoshop.com\/#organization","name":"Suvisoshop","url":"https:\/\/suvisoshop.com\/","logo":{"@type":"ImageObject","inLanguage":"es","@id":"https:\/\/suvisoshop.com\/#\/schema\/logo\/image\/","url":"http:\/\/suvisoshop.com\/wp-content\/uploads\/2023\/07\/cropped-Relojes-logo-suviso-1.png","contentUrl":"http:\/\/suvisoshop.com\/wp-content\/uploads\/2023\/07\/cropped-Relojes-logo-suviso-1.png","width":532,"height":348,"caption":"Suvisoshop"},"image":{"@id":"https:\/\/suvisoshop.com\/#\/schema\/logo\/image\/"}}]}},"jetpack_sharing_enabled":true,"_links":{"self":[{"href":"https:\/\/suvisoshop.com\/index.php\/wp-json\/wp\/v2\/product\/10808","targetHints":{"allow":["GET"]}}],"collection":[{"href":"https:\/\/suvisoshop.com\/index.php\/wp-json\/wp\/v2\/product"}],"about":[{"href":"https:\/\/suvisoshop.com\/index.php\/wp-json\/wp\/v2\/types\/product"}],"replies":[{"embeddable":true,"href":"https:\/\/suvisoshop.com\/index.php\/wp-json\/wp\/v2\/comments?post=10808"}],"wp:featuredmedia":[{"embeddable":true,"href":"https:\/\/suvisoshop.com\/index.php\/wp-json\/wp\/v2\/media\/10809"}],"wp:attachment":[{"href":"https:\/\/suvisoshop.com\/index.php\/wp-json\/wp\/v2\/media?parent=10808"}],"wp:term":[{"taxonomy":"product_brand","embeddable":true,"href":"https:\/\/suvisoshop.com\/index.php\/wp-json\/wp\/v2\/product_brand?post=10808"},{"taxonomy":"product_cat","embeddable":true,"href":"https:\/\/suvisoshop.com\/index.php\/wp-json\/wp\/v2\/product_cat?post=10808"},{"taxonomy":"product_tag","embeddable":true,"href":"https:\/\/suvisoshop.com\/index.php\/wp-json\/wp\/v2\/product_tag?post=10808"}],"curies":[{"name":"wp","href":"https:\/\/api.w.org\/{rel}","templated":true}]}}