{"id":10769,"date":"2025-05-19T02:08:54","date_gmt":"2025-05-19T02:08:54","guid":{"rendered":"http:\/\/suvisoshop.com\/?post_type=product&#038;p=10769"},"modified":"2026-03-19T19:16:20","modified_gmt":"2026-03-19T19:16:20","slug":"poedagar-m2780","status":"publish","type":"product","link":"https:\/\/suvisoshop.com\/index.php\/product\/poedagar-m2780\/","title":{"rendered":"Poedagar-M2780"},"content":{"rendered":"<ul>\n<li>Reloj para dama<\/li>\n<li>Movimiento Original<\/li>\n<li>Dial Black Gold<\/li>\n<li>Material de la caja y Correa en Acero inoxidable<\/li>\n<li>Hebilla cierre Mariposa<\/li>\n<li>Indicador de d\u00eda<\/li>\n<li>Resistente al agua 30mts<\/li>\n<li>Vidrio Hardlex de alta dureza<\/li>\n<li>Di\u00e1metro de la Caja 28mm<\/li>\n<li>Longitud de la Correa 21cm<\/li>\n<li>Ancho de la correa 14mm<\/li>\n<li>Entrega de 12 a 15 d\u00edas H\u00e1biles<\/li>\n<\/ul>\n<p>&nbsp;<\/p>\n","protected":false},"excerpt":{"rendered":"<p>Reloj para dama Movimiento Original Dial Black Gold Material de la caja y Correa en Acero inoxidable Hebilla cierre Mariposa Indicador de d\u00eda Resistente al agua 30mts Vidrio Hardlex de alta dureza Di\u00e1metro de la Caja 28mm Longitud de la Correa 21cm Ancho de la correa 14mm Entrega de 12 a 15 d\u00edas H\u00e1biles &nbsp;<\/p>\n","protected":false},"featured_media":11268,"comment_status":"open","ping_status":"closed","template":"","meta":{"site-sidebar-layout":"default","site-content-layout":"default","ast-global-header-display":"","ast-banner-title-visibility":"","ast-main-header-display":"","ast-hfb-above-header-display":"","ast-hfb-below-header-display":"","ast-hfb-mobile-header-display":"","site-post-title":"","ast-breadcrumbs-content":"","ast-featured-img":"","footer-sml-layout":"","theme-transparent-header-meta":"default","adv-header-id-meta":"","stick-header-meta":"","header-above-stick-meta":"","header-main-stick-meta":"","header-below-stick-meta":""},"product_brand":[],"product_cat":[66,75],"product_tag":[74,72,73],"class_list":{"0":"post-10769","1":"product","2":"type-product","3":"status-publish","4":"has-post-thumbnail","6":"product_cat-para-ellas","7":"product_cat-poedagar","8":"product_tag-joyas","9":"product_tag-poedagar","10":"product_tag-relojes-de-lujo","11":"desktop-align-center","12":"tablet-align-center","13":"mobile-align-center","15":"first","16":"instock","17":"taxable","18":"shipping-taxable","19":"purchasable","20":"product-type-simple"},"yoast_head":"<!-- This site is optimized with the Yoast SEO plugin v27.2 - https:\/\/yoast.com\/product\/yoast-seo-wordpress\/ -->\n<title>Poedagar-M2780 - suvisoshop<\/title>\n<meta name=\"robots\" content=\"index, follow, max-snippet:-1, max-image-preview:large, max-video-preview:-1\" \/>\n<link rel=\"canonical\" href=\"https:\/\/suvisoshop.com\/index.php\/product\/poedagar-m2780\/\" \/>\n<meta property=\"og:locale\" content=\"es_ES\" \/>\n<meta property=\"og:type\" content=\"article\" \/>\n<meta property=\"og:title\" content=\"Poedagar-M2780 - suvisoshop\" \/>\n<meta property=\"og:description\" content=\"Reloj para dama Movimiento Original Dial Black Gold Material de la caja y Correa en Acero inoxidable Hebilla cierre Mariposa Indicador de d\u00eda Resistente al agua 30mts Vidrio Hardlex de alta dureza Di\u00e1metro de la Caja 28mm Longitud de la Correa 21cm Ancho de la correa 14mm Entrega de 12 a 15 d\u00edas H\u00e1biles &nbsp;\" \/>\n<meta property=\"og:url\" content=\"https:\/\/suvisoshop.com\/index.php\/product\/poedagar-m2780\/\" \/>\n<meta property=\"og:site_name\" content=\"suvisoshop\" \/>\n<meta property=\"article:modified_time\" content=\"2026-03-19T19:16:20+00:00\" \/>\n<meta property=\"og:image\" content=\"https:\/\/suvisoshop.com\/wp-content\/uploads\/2025\/05\/Poedagar-M2780.png\" \/>\n\t<meta property=\"og:image:width\" content=\"1080\" \/>\n\t<meta property=\"og:image:height\" content=\"1080\" \/>\n\t<meta property=\"og:image:type\" content=\"image\/png\" \/>\n<meta name=\"twitter:card\" content=\"summary_large_image\" \/>\n<meta name=\"twitter:label1\" content=\"Tiempo de lectura\" \/>\n\t<meta name=\"twitter:data1\" content=\"1 minuto\" \/>\n<script type=\"application\/ld+json\" class=\"yoast-schema-graph\">{\"@context\":\"https:\/\/schema.org\",\"@graph\":[{\"@type\":\"WebPage\",\"@id\":\"https:\/\/suvisoshop.com\/index.php\/product\/poedagar-m2780\/\",\"url\":\"https:\/\/suvisoshop.com\/index.php\/product\/poedagar-m2780\/\",\"name\":\"Poedagar-M2780 - suvisoshop\",\"isPartOf\":{\"@id\":\"https:\/\/suvisoshop.com\/#website\"},\"primaryImageOfPage\":{\"@id\":\"https:\/\/suvisoshop.com\/index.php\/product\/poedagar-m2780\/#primaryimage\"},\"image\":{\"@id\":\"https:\/\/suvisoshop.com\/index.php\/product\/poedagar-m2780\/#primaryimage\"},\"thumbnailUrl\":\"https:\/\/suvisoshop.com\/wp-content\/uploads\/2025\/05\/Poedagar-M2780.png\",\"datePublished\":\"2025-05-19T02:08:54+00:00\",\"dateModified\":\"2026-03-19T19:16:20+00:00\",\"breadcrumb\":{\"@id\":\"https:\/\/suvisoshop.com\/index.php\/product\/poedagar-m2780\/#breadcrumb\"},\"inLanguage\":\"es\",\"potentialAction\":[{\"@type\":\"ReadAction\",\"target\":[\"https:\/\/suvisoshop.com\/index.php\/product\/poedagar-m2780\/\"]}]},{\"@type\":\"ImageObject\",\"inLanguage\":\"es\",\"@id\":\"https:\/\/suvisoshop.com\/index.php\/product\/poedagar-m2780\/#primaryimage\",\"url\":\"https:\/\/suvisoshop.com\/wp-content\/uploads\/2025\/05\/Poedagar-M2780.png\",\"contentUrl\":\"https:\/\/suvisoshop.com\/wp-content\/uploads\/2025\/05\/Poedagar-M2780.png\",\"width\":1080,\"height\":1080},{\"@type\":\"BreadcrumbList\",\"@id\":\"https:\/\/suvisoshop.com\/index.php\/product\/poedagar-m2780\/#breadcrumb\",\"itemListElement\":[{\"@type\":\"ListItem\",\"position\":1,\"name\":\"Shop\",\"item\":\"https:\/\/suvisoshop.com\/index.php\/shop\/\"},{\"@type\":\"ListItem\",\"position\":2,\"name\":\"Poedagar-M2780\"}]},{\"@type\":\"WebSite\",\"@id\":\"https:\/\/suvisoshop.com\/#website\",\"url\":\"https:\/\/suvisoshop.com\/\",\"name\":\"Suvisoshop\",\"description\":\"Cada segundo cuenta.\",\"publisher\":{\"@id\":\"https:\/\/suvisoshop.com\/#organization\"},\"potentialAction\":[{\"@type\":\"SearchAction\",\"target\":{\"@type\":\"EntryPoint\",\"urlTemplate\":\"https:\/\/suvisoshop.com\/?s={search_term_string}\"},\"query-input\":{\"@type\":\"PropertyValueSpecification\",\"valueRequired\":true,\"valueName\":\"search_term_string\"}}],\"inLanguage\":\"es\"},{\"@type\":\"Organization\",\"@id\":\"https:\/\/suvisoshop.com\/#organization\",\"name\":\"Suvisoshop\",\"url\":\"https:\/\/suvisoshop.com\/\",\"logo\":{\"@type\":\"ImageObject\",\"inLanguage\":\"es\",\"@id\":\"https:\/\/suvisoshop.com\/#\/schema\/logo\/image\/\",\"url\":\"http:\/\/suvisoshop.com\/wp-content\/uploads\/2023\/07\/cropped-Relojes-logo-suviso-1.png\",\"contentUrl\":\"http:\/\/suvisoshop.com\/wp-content\/uploads\/2023\/07\/cropped-Relojes-logo-suviso-1.png\",\"width\":532,\"height\":348,\"caption\":\"Suvisoshop\"},\"image\":{\"@id\":\"https:\/\/suvisoshop.com\/#\/schema\/logo\/image\/\"}}]}<\/script>\n<!-- \/ Yoast SEO plugin. -->","yoast_head_json":{"title":"Poedagar-M2780 - suvisoshop","robots":{"index":"index","follow":"follow","max-snippet":"max-snippet:-1","max-image-preview":"max-image-preview:large","max-video-preview":"max-video-preview:-1"},"canonical":"https:\/\/suvisoshop.com\/index.php\/product\/poedagar-m2780\/","og_locale":"es_ES","og_type":"article","og_title":"Poedagar-M2780 - suvisoshop","og_description":"Reloj para dama Movimiento Original Dial Black Gold Material de la caja y Correa en Acero inoxidable Hebilla cierre Mariposa Indicador de d\u00eda Resistente al agua 30mts Vidrio Hardlex de alta dureza Di\u00e1metro de la Caja 28mm Longitud de la Correa 21cm Ancho de la correa 14mm Entrega de 12 a 15 d\u00edas H\u00e1biles &nbsp;","og_url":"https:\/\/suvisoshop.com\/index.php\/product\/poedagar-m2780\/","og_site_name":"suvisoshop","article_modified_time":"2026-03-19T19:16:20+00:00","og_image":[{"width":1080,"height":1080,"url":"https:\/\/suvisoshop.com\/wp-content\/uploads\/2025\/05\/Poedagar-M2780.png","type":"image\/png"}],"twitter_card":"summary_large_image","twitter_misc":{"Tiempo de lectura":"1 minuto"},"schema":{"@context":"https:\/\/schema.org","@graph":[{"@type":"WebPage","@id":"https:\/\/suvisoshop.com\/index.php\/product\/poedagar-m2780\/","url":"https:\/\/suvisoshop.com\/index.php\/product\/poedagar-m2780\/","name":"Poedagar-M2780 - suvisoshop","isPartOf":{"@id":"https:\/\/suvisoshop.com\/#website"},"primaryImageOfPage":{"@id":"https:\/\/suvisoshop.com\/index.php\/product\/poedagar-m2780\/#primaryimage"},"image":{"@id":"https:\/\/suvisoshop.com\/index.php\/product\/poedagar-m2780\/#primaryimage"},"thumbnailUrl":"https:\/\/suvisoshop.com\/wp-content\/uploads\/2025\/05\/Poedagar-M2780.png","datePublished":"2025-05-19T02:08:54+00:00","dateModified":"2026-03-19T19:16:20+00:00","breadcrumb":{"@id":"https:\/\/suvisoshop.com\/index.php\/product\/poedagar-m2780\/#breadcrumb"},"inLanguage":"es","potentialAction":[{"@type":"ReadAction","target":["https:\/\/suvisoshop.com\/index.php\/product\/poedagar-m2780\/"]}]},{"@type":"ImageObject","inLanguage":"es","@id":"https:\/\/suvisoshop.com\/index.php\/product\/poedagar-m2780\/#primaryimage","url":"https:\/\/suvisoshop.com\/wp-content\/uploads\/2025\/05\/Poedagar-M2780.png","contentUrl":"https:\/\/suvisoshop.com\/wp-content\/uploads\/2025\/05\/Poedagar-M2780.png","width":1080,"height":1080},{"@type":"BreadcrumbList","@id":"https:\/\/suvisoshop.com\/index.php\/product\/poedagar-m2780\/#breadcrumb","itemListElement":[{"@type":"ListItem","position":1,"name":"Shop","item":"https:\/\/suvisoshop.com\/index.php\/shop\/"},{"@type":"ListItem","position":2,"name":"Poedagar-M2780"}]},{"@type":"WebSite","@id":"https:\/\/suvisoshop.com\/#website","url":"https:\/\/suvisoshop.com\/","name":"Suvisoshop","description":"Cada segundo cuenta.","publisher":{"@id":"https:\/\/suvisoshop.com\/#organization"},"potentialAction":[{"@type":"SearchAction","target":{"@type":"EntryPoint","urlTemplate":"https:\/\/suvisoshop.com\/?s={search_term_string}"},"query-input":{"@type":"PropertyValueSpecification","valueRequired":true,"valueName":"search_term_string"}}],"inLanguage":"es"},{"@type":"Organization","@id":"https:\/\/suvisoshop.com\/#organization","name":"Suvisoshop","url":"https:\/\/suvisoshop.com\/","logo":{"@type":"ImageObject","inLanguage":"es","@id":"https:\/\/suvisoshop.com\/#\/schema\/logo\/image\/","url":"http:\/\/suvisoshop.com\/wp-content\/uploads\/2023\/07\/cropped-Relojes-logo-suviso-1.png","contentUrl":"http:\/\/suvisoshop.com\/wp-content\/uploads\/2023\/07\/cropped-Relojes-logo-suviso-1.png","width":532,"height":348,"caption":"Suvisoshop"},"image":{"@id":"https:\/\/suvisoshop.com\/#\/schema\/logo\/image\/"}}]}},"jetpack_sharing_enabled":true,"_links":{"self":[{"href":"https:\/\/suvisoshop.com\/index.php\/wp-json\/wp\/v2\/product\/10769","targetHints":{"allow":["GET"]}}],"collection":[{"href":"https:\/\/suvisoshop.com\/index.php\/wp-json\/wp\/v2\/product"}],"about":[{"href":"https:\/\/suvisoshop.com\/index.php\/wp-json\/wp\/v2\/types\/product"}],"replies":[{"embeddable":true,"href":"https:\/\/suvisoshop.com\/index.php\/wp-json\/wp\/v2\/comments?post=10769"}],"wp:featuredmedia":[{"embeddable":true,"href":"https:\/\/suvisoshop.com\/index.php\/wp-json\/wp\/v2\/media\/11268"}],"wp:attachment":[{"href":"https:\/\/suvisoshop.com\/index.php\/wp-json\/wp\/v2\/media?parent=10769"}],"wp:term":[{"taxonomy":"product_brand","embeddable":true,"href":"https:\/\/suvisoshop.com\/index.php\/wp-json\/wp\/v2\/product_brand?post=10769"},{"taxonomy":"product_cat","embeddable":true,"href":"https:\/\/suvisoshop.com\/index.php\/wp-json\/wp\/v2\/product_cat?post=10769"},{"taxonomy":"product_tag","embeddable":true,"href":"https:\/\/suvisoshop.com\/index.php\/wp-json\/wp\/v2\/product_tag?post=10769"}],"curies":[{"name":"wp","href":"https:\/\/api.w.org\/{rel}","templated":true}]}}