{"id":10302,"date":"2025-01-29T16:42:22","date_gmt":"2025-01-29T16:42:22","guid":{"rendered":"http:\/\/suvisoshop.com\/?post_type=product&#038;p=10302"},"modified":"2025-01-29T16:46:25","modified_gmt":"2025-01-29T16:46:25","slug":"dw-6900wd-1","status":"publish","type":"product","link":"https:\/\/suvisoshop.com\/index.php\/product\/dw-6900wd-1\/","title":{"rendered":"DW-6900WD-1"},"content":{"rendered":"<ul>\n<li><strong>Tama\u00f1o de la carcasa (largo \u00d7 ancho \u00d7 alto):<\/strong>53.2 \u00d7 50 \u00d7 18.7 mm<\/li>\n<li><strong style=\"font-size: 16px;\">Peso:<\/strong> 67 g<\/li>\n<li><strong style=\"font-size: 16px;\">Material de la carcasa y el marco: <\/strong><span style=\"font-size: 16px;\">Resina<\/span><\/li>\n<li><span style=\"font-size: 16px;\">Correa de resina de base biol\u00f3gica<\/span><\/li>\n<li><span style=\"font-size: 16px;\">Resistente a impactos<\/span><\/li>\n<li>Resistencia al agua de 200 m<\/li>\n<li><strong>Vidrio: <\/strong>Cristal mineral<\/li>\n<li>Cron\u00f3metro de 1\/100\u00a0segundos<\/li>\n<li>Temporizador con cuenta regresiva<\/li>\n<li><strong>Alarma \/ Se\u00f1alizaci\u00f3n: <\/strong>Se\u00f1al de hora-Alarma multifunciones<\/li>\n<li><strong>Funci\u00f3n de alerta de flash: <\/strong>Alerta de parpadeo<\/li>\n<li><strong>Iluminaci\u00f3n: <\/strong>Luz de fondo LED (Super Illuminator)<br \/>\nPersistencia luminosa<\/li>\n<li><strong>Calendario: <\/strong>Calendario autom\u00e1tico completo (hasta el a\u00f1o\u00a02099)<\/li>\n<li>Formato de 12 y 24\u00a0horas<br \/>\nFunciones cl\u00e1sicas de reloj:<br \/>\nhoras, minutos, segundos, p. m., mes, fecha, d\u00eda<\/li>\n<\/ul>\n","protected":false},"excerpt":{"rendered":"<p>Tama\u00f1o de la carcasa (largo \u00d7 ancho \u00d7 alto):53.2 \u00d7 50 \u00d7 18.7 mm Peso: 67 g Material de la carcasa y el marco: Resina Correa de resina de base biol\u00f3gica Resistente a impactos Resistencia al agua de 200 m Vidrio: Cristal mineral Cron\u00f3metro de 1\/100\u00a0segundos Temporizador con cuenta regresiva Alarma \/ Se\u00f1alizaci\u00f3n: Se\u00f1al de &hellip;<\/p>\n<p class=\"read-more\"> <a class=\"\" href=\"https:\/\/suvisoshop.com\/index.php\/product\/dw-6900wd-1\/\"> <span class=\"screen-reader-text\">DW-6900WD-1<\/span> Leer m\u00e1s &raquo;<\/a><\/p>\n","protected":false},"featured_media":10303,"comment_status":"open","ping_status":"closed","template":"","meta":{"site-sidebar-layout":"default","site-content-layout":"default","ast-global-header-display":"","ast-banner-title-visibility":"","ast-main-header-display":"","ast-hfb-above-header-display":"","ast-hfb-below-header-display":"","ast-hfb-mobile-header-display":"","site-post-title":"","ast-breadcrumbs-content":"","ast-featured-img":"","footer-sml-layout":"","theme-transparent-header-meta":"default","adv-header-id-meta":"","stick-header-meta":"","header-above-stick-meta":"","header-main-stick-meta":"","header-below-stick-meta":""},"product_brand":[],"product_cat":[59],"product_tag":[],"class_list":{"0":"post-10302","1":"product","2":"type-product","3":"status-publish","4":"has-post-thumbnail","6":"product_cat-g-shock","7":"desktop-align-center","8":"tablet-align-center","9":"mobile-align-center","11":"first","12":"instock","13":"taxable","14":"shipping-taxable","15":"purchasable","16":"product-type-simple"},"yoast_head":"<!-- This site is optimized with the Yoast SEO plugin v27.2 - https:\/\/yoast.com\/product\/yoast-seo-wordpress\/ -->\n<title>DW-6900WD-1 - suvisoshop<\/title>\n<meta name=\"robots\" content=\"index, follow, max-snippet:-1, max-image-preview:large, max-video-preview:-1\" \/>\n<link rel=\"canonical\" href=\"https:\/\/suvisoshop.com\/index.php\/product\/dw-6900wd-1\/\" \/>\n<meta property=\"og:locale\" content=\"es_ES\" \/>\n<meta property=\"og:type\" content=\"article\" \/>\n<meta property=\"og:title\" content=\"DW-6900WD-1 - suvisoshop\" \/>\n<meta property=\"og:description\" content=\"Tama\u00f1o de la carcasa (largo \u00d7 ancho \u00d7 alto):53.2 \u00d7 50 \u00d7 18.7 mm Peso: 67 g Material de la carcasa y el marco: Resina Correa de resina de base biol\u00f3gica Resistente a impactos Resistencia al agua de 200 m Vidrio: Cristal mineral Cron\u00f3metro de 1\/100\u00a0segundos Temporizador con cuenta regresiva Alarma \/ Se\u00f1alizaci\u00f3n: Se\u00f1al de &hellip; DW-6900WD-1 Leer m\u00e1s &raquo;\" \/>\n<meta property=\"og:url\" content=\"https:\/\/suvisoshop.com\/index.php\/product\/dw-6900wd-1\/\" \/>\n<meta property=\"og:site_name\" content=\"suvisoshop\" \/>\n<meta property=\"article:modified_time\" content=\"2025-01-29T16:46:25+00:00\" \/>\n<meta property=\"og:image\" content=\"https:\/\/suvisoshop.com\/wp-content\/uploads\/2025\/01\/DW-6900WD-1.png\" \/>\n\t<meta property=\"og:image:width\" content=\"1080\" \/>\n\t<meta property=\"og:image:height\" content=\"1080\" \/>\n\t<meta property=\"og:image:type\" content=\"image\/png\" \/>\n<meta name=\"twitter:card\" content=\"summary_large_image\" \/>\n<meta name=\"twitter:label1\" content=\"Tiempo de lectura\" \/>\n\t<meta name=\"twitter:data1\" content=\"1 minuto\" \/>\n<script type=\"application\/ld+json\" class=\"yoast-schema-graph\">{\"@context\":\"https:\/\/schema.org\",\"@graph\":[{\"@type\":\"WebPage\",\"@id\":\"https:\/\/suvisoshop.com\/index.php\/product\/dw-6900wd-1\/\",\"url\":\"https:\/\/suvisoshop.com\/index.php\/product\/dw-6900wd-1\/\",\"name\":\"DW-6900WD-1 - suvisoshop\",\"isPartOf\":{\"@id\":\"https:\/\/suvisoshop.com\/#website\"},\"primaryImageOfPage\":{\"@id\":\"https:\/\/suvisoshop.com\/index.php\/product\/dw-6900wd-1\/#primaryimage\"},\"image\":{\"@id\":\"https:\/\/suvisoshop.com\/index.php\/product\/dw-6900wd-1\/#primaryimage\"},\"thumbnailUrl\":\"https:\/\/suvisoshop.com\/wp-content\/uploads\/2025\/01\/DW-6900WD-1.png\",\"datePublished\":\"2025-01-29T16:42:22+00:00\",\"dateModified\":\"2025-01-29T16:46:25+00:00\",\"breadcrumb\":{\"@id\":\"https:\/\/suvisoshop.com\/index.php\/product\/dw-6900wd-1\/#breadcrumb\"},\"inLanguage\":\"es\",\"potentialAction\":[{\"@type\":\"ReadAction\",\"target\":[\"https:\/\/suvisoshop.com\/index.php\/product\/dw-6900wd-1\/\"]}]},{\"@type\":\"ImageObject\",\"inLanguage\":\"es\",\"@id\":\"https:\/\/suvisoshop.com\/index.php\/product\/dw-6900wd-1\/#primaryimage\",\"url\":\"https:\/\/suvisoshop.com\/wp-content\/uploads\/2025\/01\/DW-6900WD-1.png\",\"contentUrl\":\"https:\/\/suvisoshop.com\/wp-content\/uploads\/2025\/01\/DW-6900WD-1.png\",\"width\":1080,\"height\":1080},{\"@type\":\"BreadcrumbList\",\"@id\":\"https:\/\/suvisoshop.com\/index.php\/product\/dw-6900wd-1\/#breadcrumb\",\"itemListElement\":[{\"@type\":\"ListItem\",\"position\":1,\"name\":\"Shop\",\"item\":\"https:\/\/suvisoshop.com\/index.php\/shop\/\"},{\"@type\":\"ListItem\",\"position\":2,\"name\":\"DW-6900WD-1\"}]},{\"@type\":\"WebSite\",\"@id\":\"https:\/\/suvisoshop.com\/#website\",\"url\":\"https:\/\/suvisoshop.com\/\",\"name\":\"Suvisoshop\",\"description\":\"Cada segundo cuenta.\",\"publisher\":{\"@id\":\"https:\/\/suvisoshop.com\/#organization\"},\"potentialAction\":[{\"@type\":\"SearchAction\",\"target\":{\"@type\":\"EntryPoint\",\"urlTemplate\":\"https:\/\/suvisoshop.com\/?s={search_term_string}\"},\"query-input\":{\"@type\":\"PropertyValueSpecification\",\"valueRequired\":true,\"valueName\":\"search_term_string\"}}],\"inLanguage\":\"es\"},{\"@type\":\"Organization\",\"@id\":\"https:\/\/suvisoshop.com\/#organization\",\"name\":\"Suvisoshop\",\"url\":\"https:\/\/suvisoshop.com\/\",\"logo\":{\"@type\":\"ImageObject\",\"inLanguage\":\"es\",\"@id\":\"https:\/\/suvisoshop.com\/#\/schema\/logo\/image\/\",\"url\":\"http:\/\/suvisoshop.com\/wp-content\/uploads\/2023\/07\/cropped-Relojes-logo-suviso-1.png\",\"contentUrl\":\"http:\/\/suvisoshop.com\/wp-content\/uploads\/2023\/07\/cropped-Relojes-logo-suviso-1.png\",\"width\":532,\"height\":348,\"caption\":\"Suvisoshop\"},\"image\":{\"@id\":\"https:\/\/suvisoshop.com\/#\/schema\/logo\/image\/\"}}]}<\/script>\n<!-- \/ Yoast SEO plugin. -->","yoast_head_json":{"title":"DW-6900WD-1 - suvisoshop","robots":{"index":"index","follow":"follow","max-snippet":"max-snippet:-1","max-image-preview":"max-image-preview:large","max-video-preview":"max-video-preview:-1"},"canonical":"https:\/\/suvisoshop.com\/index.php\/product\/dw-6900wd-1\/","og_locale":"es_ES","og_type":"article","og_title":"DW-6900WD-1 - suvisoshop","og_description":"Tama\u00f1o de la carcasa (largo \u00d7 ancho \u00d7 alto):53.2 \u00d7 50 \u00d7 18.7 mm Peso: 67 g Material de la carcasa y el marco: Resina Correa de resina de base biol\u00f3gica Resistente a impactos Resistencia al agua de 200 m Vidrio: Cristal mineral Cron\u00f3metro de 1\/100\u00a0segundos Temporizador con cuenta regresiva Alarma \/ Se\u00f1alizaci\u00f3n: Se\u00f1al de &hellip; DW-6900WD-1 Leer m\u00e1s &raquo;","og_url":"https:\/\/suvisoshop.com\/index.php\/product\/dw-6900wd-1\/","og_site_name":"suvisoshop","article_modified_time":"2025-01-29T16:46:25+00:00","og_image":[{"width":1080,"height":1080,"url":"https:\/\/suvisoshop.com\/wp-content\/uploads\/2025\/01\/DW-6900WD-1.png","type":"image\/png"}],"twitter_card":"summary_large_image","twitter_misc":{"Tiempo de lectura":"1 minuto"},"schema":{"@context":"https:\/\/schema.org","@graph":[{"@type":"WebPage","@id":"https:\/\/suvisoshop.com\/index.php\/product\/dw-6900wd-1\/","url":"https:\/\/suvisoshop.com\/index.php\/product\/dw-6900wd-1\/","name":"DW-6900WD-1 - suvisoshop","isPartOf":{"@id":"https:\/\/suvisoshop.com\/#website"},"primaryImageOfPage":{"@id":"https:\/\/suvisoshop.com\/index.php\/product\/dw-6900wd-1\/#primaryimage"},"image":{"@id":"https:\/\/suvisoshop.com\/index.php\/product\/dw-6900wd-1\/#primaryimage"},"thumbnailUrl":"https:\/\/suvisoshop.com\/wp-content\/uploads\/2025\/01\/DW-6900WD-1.png","datePublished":"2025-01-29T16:42:22+00:00","dateModified":"2025-01-29T16:46:25+00:00","breadcrumb":{"@id":"https:\/\/suvisoshop.com\/index.php\/product\/dw-6900wd-1\/#breadcrumb"},"inLanguage":"es","potentialAction":[{"@type":"ReadAction","target":["https:\/\/suvisoshop.com\/index.php\/product\/dw-6900wd-1\/"]}]},{"@type":"ImageObject","inLanguage":"es","@id":"https:\/\/suvisoshop.com\/index.php\/product\/dw-6900wd-1\/#primaryimage","url":"https:\/\/suvisoshop.com\/wp-content\/uploads\/2025\/01\/DW-6900WD-1.png","contentUrl":"https:\/\/suvisoshop.com\/wp-content\/uploads\/2025\/01\/DW-6900WD-1.png","width":1080,"height":1080},{"@type":"BreadcrumbList","@id":"https:\/\/suvisoshop.com\/index.php\/product\/dw-6900wd-1\/#breadcrumb","itemListElement":[{"@type":"ListItem","position":1,"name":"Shop","item":"https:\/\/suvisoshop.com\/index.php\/shop\/"},{"@type":"ListItem","position":2,"name":"DW-6900WD-1"}]},{"@type":"WebSite","@id":"https:\/\/suvisoshop.com\/#website","url":"https:\/\/suvisoshop.com\/","name":"Suvisoshop","description":"Cada segundo cuenta.","publisher":{"@id":"https:\/\/suvisoshop.com\/#organization"},"potentialAction":[{"@type":"SearchAction","target":{"@type":"EntryPoint","urlTemplate":"https:\/\/suvisoshop.com\/?s={search_term_string}"},"query-input":{"@type":"PropertyValueSpecification","valueRequired":true,"valueName":"search_term_string"}}],"inLanguage":"es"},{"@type":"Organization","@id":"https:\/\/suvisoshop.com\/#organization","name":"Suvisoshop","url":"https:\/\/suvisoshop.com\/","logo":{"@type":"ImageObject","inLanguage":"es","@id":"https:\/\/suvisoshop.com\/#\/schema\/logo\/image\/","url":"http:\/\/suvisoshop.com\/wp-content\/uploads\/2023\/07\/cropped-Relojes-logo-suviso-1.png","contentUrl":"http:\/\/suvisoshop.com\/wp-content\/uploads\/2023\/07\/cropped-Relojes-logo-suviso-1.png","width":532,"height":348,"caption":"Suvisoshop"},"image":{"@id":"https:\/\/suvisoshop.com\/#\/schema\/logo\/image\/"}}]}},"jetpack_sharing_enabled":true,"_links":{"self":[{"href":"https:\/\/suvisoshop.com\/index.php\/wp-json\/wp\/v2\/product\/10302","targetHints":{"allow":["GET"]}}],"collection":[{"href":"https:\/\/suvisoshop.com\/index.php\/wp-json\/wp\/v2\/product"}],"about":[{"href":"https:\/\/suvisoshop.com\/index.php\/wp-json\/wp\/v2\/types\/product"}],"replies":[{"embeddable":true,"href":"https:\/\/suvisoshop.com\/index.php\/wp-json\/wp\/v2\/comments?post=10302"}],"wp:featuredmedia":[{"embeddable":true,"href":"https:\/\/suvisoshop.com\/index.php\/wp-json\/wp\/v2\/media\/10303"}],"wp:attachment":[{"href":"https:\/\/suvisoshop.com\/index.php\/wp-json\/wp\/v2\/media?parent=10302"}],"wp:term":[{"taxonomy":"product_brand","embeddable":true,"href":"https:\/\/suvisoshop.com\/index.php\/wp-json\/wp\/v2\/product_brand?post=10302"},{"taxonomy":"product_cat","embeddable":true,"href":"https:\/\/suvisoshop.com\/index.php\/wp-json\/wp\/v2\/product_cat?post=10302"},{"taxonomy":"product_tag","embeddable":true,"href":"https:\/\/suvisoshop.com\/index.php\/wp-json\/wp\/v2\/product_tag?post=10302"}],"curies":[{"name":"wp","href":"https:\/\/api.w.org\/{rel}","templated":true}]}}